{"id":1773,"date":"2019-06-03T14:59:17","date_gmt":"2019-06-03T13:59:17","guid":{"rendered":"http:\/\/www.kvzrt.hu\/?page_id=1773"},"modified":"2019-06-03T15:06:36","modified_gmt":"2019-06-03T14:06:36","slug":"parkolok-epitese","status":"publish","type":"page","link":"https:\/\/www.kvzrt.hu\/?page_id=1773","title":{"rendered":"Parkol\u00f3k \u00e9p\u00edt\u00e9se"},"content":{"rendered":"<p><a href=\"http:\/\/www.kvzrt.hu\/wp-content\/uploads\/2019\/06\/felhivas-1.pdf\">felhivas<\/a><\/p>\n<p><a href=\"http:\/\/www.kvzrt.hu\/wp-content\/uploads\/2019\/06\/KBVK_Parkol\u00f3k-\u00e9p\u00edt\u00e9se-2019_AD_ver3.0.pdf\">KBVK_Parkol\u00f3k \u00e9p\u00edt\u00e9se 2019_AD_ver3.0<\/a><\/p>\n<p><a href=\"http:\/\/www.kvzrt.hu\/wp-content\/uploads\/2019\/06\/KBVK_Parkol\u00f3k-\u00e9p\u00edt\u00e9se-2019_Szerz\u0151d\u00e9stervezet_ver3.0.pdf\">KBVK_Parkol\u00f3k \u00e9p\u00edt\u00e9se 2019_Szerz\u0151d\u00e9stervezet_ver3.0<\/a><\/p>\n<p><a href=\"http:\/\/www.kvzrt.hu\/wp-content\/uploads\/2019\/06\/Megh\u00edvott-gazdas\u00e1gi-szerepl\u0151k.pdf\">Megh\u00edvott gazdas\u00e1gi szerepl\u0151k<\/a><\/p>\n<p><a href=\"http:\/\/www.kvzrt.hu\/wp-content\/uploads\/2019\/06\/\u00c1razatlan_F\u0151\u00f6sszes\u00edt\u0151-\u00e9s-k\u00f6lts\u00e9gvet\u00e9s_-\u00dajhegyi-parkol\u00f3k.pdf\">\u00c1razatlan_F\u0151\u00f6sszes\u00edt\u0151 \u00e9s k\u00f6lts\u00e9gvet\u00e9s_ \u00dajhegyi parkol\u00f3k<\/a><\/p>\n<p><a href=\"http:\/\/www.kvzrt.hu\/wp-content\/uploads\/2019\/06\/\u00c1razatlan_F\u0151\u00f6sszes\u00edt\u0151-\u00e9s-k\u00f6lts\u00e9gvet\u00e9s_Agyagfejt\u0151-utca.pdf\">\u00c1razatlan_F\u0151\u00f6sszes\u00edt\u0151 \u00e9s k\u00f6lts\u00e9gvet\u00e9s_Agyagfejt\u0151 utca<\/a><\/p>\n<p><a href=\"http:\/\/www.kvzrt.hu\/wp-content\/uploads\/2019\/06\/\u00c1razatlan_F\u0151\u00f6sszes\u00edt\u0151-\u00e9s-k\u00f6lts\u00e9gvet\u00e9s_Bajcsy-K\u00f3rh\u00e1z-Parkol\u00f3k.pdf\">\u00c1razatlan_F\u0151\u00f6sszes\u00edt\u0151 \u00e9s k\u00f6lts\u00e9gvet\u00e9s_Bajcsy K\u00f3rh\u00e1z Parkol\u00f3k<\/a><\/p>\n<p><a href=\"http:\/\/www.kvzrt.hu\/wp-content\/uploads\/2019\/06\/EKR000221032019_bontasi_jegyzokonyv_201903181454.pdf\">EKR000221032019_bontasi_jegyzokonyv_201903181454<\/a><\/p>\n","protected":false},"excerpt":{"rendered":"<p>felhivas KBVK_Parkol\u00f3k \u00e9p\u00edt\u00e9se 2019_AD_ver3.0 KBVK_Parkol\u00f3k \u00e9p\u00edt\u00e9se 2019_Szerz\u0151d\u00e9stervezet_ver3.0 Megh\u00edvott gazdas\u00e1gi szerepl\u0151k \u00c1razatlan_F\u0151\u00f6sszes\u00edt\u0151 \u00e9s k\u00f6lts\u00e9gvet\u00e9s_ \u00dajhegyi parkol\u00f3k \u00c1razatlan_F\u0151\u00f6sszes\u00edt\u0151 \u00e9s k\u00f6lts\u00e9gvet\u00e9s_Agyagfejt\u0151 utca \u00c1razatlan_F\u0151\u00f6sszes\u00edt\u0151 \u00e9s k\u00f6lts\u00e9gvet\u00e9s_Bajcsy K\u00f3rh\u00e1z Parkol\u00f3k EKR000221032019_bontasi_jegyzokonyv_201903181454<\/p>\n","protected":false},"author":2,"featured_media":0,"parent":1744,"menu_order":0,"comment_status":"closed","ping_status":"closed","template":"","meta":{"_monsterinsights_skip_tracking":false,"_monsterinsights_sitenote_active":false,"_monsterinsights_sitenote_note":"","_monsterinsights_sitenote_category":0,"footnotes":""},"class_list":["post-1773","page","type-page","status-publish","hentry"],"_links":{"self":[{"href":"https:\/\/www.kvzrt.hu\/index.php?rest_route=\/wp\/v2\/pages\/1773","targetHints":{"allow":["GET"]}}],"collection":[{"href":"https:\/\/www.kvzrt.hu\/index.php?rest_route=\/wp\/v2\/pages"}],"about":[{"href":"https:\/\/www.kvzrt.hu\/index.php?rest_route=\/wp\/v2\/types\/page"}],"author":[{"embeddable":true,"href":"https:\/\/www.kvzrt.hu\/index.php?rest_route=\/wp\/v2\/users\/2"}],"replies":[{"embeddable":true,"href":"https:\/\/www.kvzrt.hu\/index.php?rest_route=%2Fwp%2Fv2%2Fcomments&post=1773"}],"version-history":[{"count":3,"href":"https:\/\/www.kvzrt.hu\/index.php?rest_route=\/wp\/v2\/pages\/1773\/revisions"}],"predecessor-version":[{"id":1784,"href":"https:\/\/www.kvzrt.hu\/index.php?rest_route=\/wp\/v2\/pages\/1773\/revisions\/1784"}],"up":[{"embeddable":true,"href":"https:\/\/www.kvzrt.hu\/index.php?rest_route=\/wp\/v2\/pages\/1744"}],"wp:attachment":[{"href":"https:\/\/www.kvzrt.hu\/index.php?rest_route=%2Fwp%2Fv2%2Fmedia&parent=1773"}],"curies":[{"name":"wp","href":"https:\/\/api.w.org\/{rel}","templated":true}]}}