{"id":1756,"date":"2019-06-03T14:49:46","date_gmt":"2019-06-03T13:49:46","guid":{"rendered":"http:\/\/www.kvzrt.hu\/?page_id=1756"},"modified":"2019-06-03T14:54:12","modified_gmt":"2019-06-03T13:54:12","slug":"farlasalma-medveszolo","status":"publish","type":"page","link":"https:\/\/www.kvzrt.hu\/?page_id=1756","title":{"rendered":"Farlasalma-Medvesz\u0151l\u0151"},"content":{"rendered":"<p><a href=\"http:\/\/www.kvzrt.hu\/wp-content\/uploads\/2019\/06\/ATF-tervezet.pdf\">ATF-tervezet<\/a><\/p>\n<p><a href=\"http:\/\/www.kvzrt.hu\/wp-content\/uploads\/2019\/06\/KBVK-Farkasalma-AD.pdf\">KBVK-Farkasalma AD<\/a><\/p>\n<p><a href=\"http:\/\/www.kvzrt.hu\/wp-content\/uploads\/2019\/06\/V\u00e1llalkoz\u00e1si-szerz\u0151d\u00e9stervezet_Farkasalma-Medvesz\u0151l\u0151.pdf\">V\u00e1llalkoz\u00e1si szerz\u0151d\u00e9stervezet_Farkasalma-Medvesz\u0151l\u0151<\/a><\/p>\n<p><a href=\"http:\/\/www.kvzrt.hu\/wp-content\/uploads\/2019\/06\/\u00c1RAZATLAN_F\u0151\u00f6sszes\u00edt\u0151-\u00e9s-kv_Farkasalma-Medvesz\u0151l\u0151.pdf\">\u00c1RAZATLAN_F\u0151\u00f6sszes\u00edt\u0151 \u00e9s kv_Farkasalma-Medvesz\u0151l\u0151<\/a><\/p>\n<p><a href=\"http:\/\/www.kvzrt.hu\/wp-content\/uploads\/2019\/06\/EKR000038452019_bontasi_jegyzokonyv_201902130936.pdf\">EKR000038452019_bontasi_jegyzokonyv_201902130936<\/a><\/p>\n<p>&nbsp;<\/p>\n","protected":false},"excerpt":{"rendered":"<p>ATF-tervezet KBVK-Farkasalma AD V\u00e1llalkoz\u00e1si szerz\u0151d\u00e9stervezet_Farkasalma-Medvesz\u0151l\u0151 \u00c1RAZATLAN_F\u0151\u00f6sszes\u00edt\u0151 \u00e9s kv_Farkasalma-Medvesz\u0151l\u0151 EKR000038452019_bontasi_jegyzokonyv_201902130936 &nbsp;<\/p>\n","protected":false},"author":2,"featured_media":0,"parent":1744,"menu_order":0,"comment_status":"closed","ping_status":"closed","template":"","meta":{"_monsterinsights_skip_tracking":false,"_monsterinsights_sitenote_active":false,"_monsterinsights_sitenote_note":"","_monsterinsights_sitenote_category":0,"footnotes":""},"class_list":["post-1756","page","type-page","status-publish","hentry"],"_links":{"self":[{"href":"https:\/\/www.kvzrt.hu\/index.php?rest_route=\/wp\/v2\/pages\/1756","targetHints":{"allow":["GET"]}}],"collection":[{"href":"https:\/\/www.kvzrt.hu\/index.php?rest_route=\/wp\/v2\/pages"}],"about":[{"href":"https:\/\/www.kvzrt.hu\/index.php?rest_route=\/wp\/v2\/types\/page"}],"author":[{"embeddable":true,"href":"https:\/\/www.kvzrt.hu\/index.php?rest_route=\/wp\/v2\/users\/2"}],"replies":[{"embeddable":true,"href":"https:\/\/www.kvzrt.hu\/index.php?rest_route=%2Fwp%2Fv2%2Fcomments&post=1756"}],"version-history":[{"count":3,"href":"https:\/\/www.kvzrt.hu\/index.php?rest_route=\/wp\/v2\/pages\/1756\/revisions"}],"predecessor-version":[{"id":1764,"href":"https:\/\/www.kvzrt.hu\/index.php?rest_route=\/wp\/v2\/pages\/1756\/revisions\/1764"}],"up":[{"embeddable":true,"href":"https:\/\/www.kvzrt.hu\/index.php?rest_route=\/wp\/v2\/pages\/1744"}],"wp:attachment":[{"href":"https:\/\/www.kvzrt.hu\/index.php?rest_route=%2Fwp%2Fv2%2Fmedia&parent=1756"}],"curies":[{"name":"wp","href":"https:\/\/api.w.org\/{rel}","templated":true}]}}