{"id":1746,"date":"2019-06-03T13:11:23","date_gmt":"2019-06-03T12:11:23","guid":{"rendered":"http:\/\/www.kvzrt.hu\/?page_id=1746"},"modified":"2019-06-03T13:16:30","modified_gmt":"2019-06-03T12:16:30","slug":"mazsa-ter-vizvezetek-kivaltasa","status":"publish","type":"page","link":"https:\/\/www.kvzrt.hu\/?page_id=1746","title":{"rendered":"M\u00e1zsa t\u00e9r v\u00edzvezet\u00e9k kiv\u00e1lt\u00e1sa"},"content":{"rendered":"<p><a href=\"http:\/\/www.kvzrt.hu\/wp-content\/uploads\/2019\/06\/KBVK_M\u00e1zsa-t\u00e9r-V\u00edzvezet\u00e9k-kiv\u00e1lt\u00e1sa_AF_EKR.pdf\">KBVK_M\u00e1zsa t\u00e9r V\u00edzvezet\u00e9k kiv\u00e1lt\u00e1sa_AF_EKR<\/a><\/p>\n<p><a href=\"http:\/\/www.kvzrt.hu\/wp-content\/uploads\/2019\/06\/KBVK_M\u00e1zsa-t\u00e9r-V\u00edzvezet\u00e9k-kiv\u00e1lt\u00e1sa_AD_ver4.0.pdf\">KBVK_M\u00e1zsa t\u00e9r V\u00edzvezet\u00e9k kiv\u00e1lt\u00e1sa_AD_ver4.0<\/a><\/p>\n<p><a href=\"http:\/\/www.kvzrt.hu\/wp-content\/uploads\/2019\/06\/KBVK_M\u00e1zsa-t\u00e9r-V\u00edzvezet\u00e9k-kiv\u00e1lt\u00e1sa_Szerztervezet_ver3.0.pdf\">KBVK_M\u00e1zsa t\u00e9r V\u00edzvezet\u00e9k kiv\u00e1lt\u00e1sa_Szerztervezet_ver3.0<\/a><\/p>\n<p><a href=\"http:\/\/www.kvzrt.hu\/wp-content\/uploads\/2019\/06\/M\u00c1ZSA-T\u00c9R_V\u00edzvezet\u00e9k-kiv\u00e1lt\u00e1sa_\u00c1RAZATLAN_K\u00f6lts\u00e9gvet\u00e9s.pdf\">M\u00c1ZSA T\u00c9R_V\u00edzvezet\u00e9k kiv\u00e1lt\u00e1sa_\u00c1RAZATLAN_K\u00f6lts\u00e9gvet\u00e9s<\/a><\/p>\n<p><a href=\"http:\/\/www.kvzrt.hu\/wp-content\/uploads\/2019\/06\/EKR000002992019_bontasi_jegyzokonyv_201901221758.pdf\">EKR000002992019_bontasi_jegyzokonyv_201901221758<\/a><\/p>\n<p>&nbsp;<\/p>\n","protected":false},"excerpt":{"rendered":"<p>KBVK_M\u00e1zsa t\u00e9r V\u00edzvezet\u00e9k kiv\u00e1lt\u00e1sa_AF_EKR KBVK_M\u00e1zsa t\u00e9r V\u00edzvezet\u00e9k kiv\u00e1lt\u00e1sa_AD_ver4.0 KBVK_M\u00e1zsa t\u00e9r V\u00edzvezet\u00e9k kiv\u00e1lt\u00e1sa_Szerztervezet_ver3.0 M\u00c1ZSA T\u00c9R_V\u00edzvezet\u00e9k kiv\u00e1lt\u00e1sa_\u00c1RAZATLAN_K\u00f6lts\u00e9gvet\u00e9s EKR000002992019_bontasi_jegyzokonyv_201901221758 &nbsp;<\/p>\n","protected":false},"author":2,"featured_media":0,"parent":1744,"menu_order":0,"comment_status":"closed","ping_status":"closed","template":"","meta":{"_monsterinsights_skip_tracking":false,"_monsterinsights_sitenote_active":false,"_monsterinsights_sitenote_note":"","_monsterinsights_sitenote_category":0,"footnotes":""},"class_list":["post-1746","page","type-page","status-publish","hentry"],"_links":{"self":[{"href":"https:\/\/www.kvzrt.hu\/index.php?rest_route=\/wp\/v2\/pages\/1746","targetHints":{"allow":["GET"]}}],"collection":[{"href":"https:\/\/www.kvzrt.hu\/index.php?rest_route=\/wp\/v2\/pages"}],"about":[{"href":"https:\/\/www.kvzrt.hu\/index.php?rest_route=\/wp\/v2\/types\/page"}],"author":[{"embeddable":true,"href":"https:\/\/www.kvzrt.hu\/index.php?rest_route=\/wp\/v2\/users\/2"}],"replies":[{"embeddable":true,"href":"https:\/\/www.kvzrt.hu\/index.php?rest_route=%2Fwp%2Fv2%2Fcomments&post=1746"}],"version-history":[{"count":4,"href":"https:\/\/www.kvzrt.hu\/index.php?rest_route=\/wp\/v2\/pages\/1746\/revisions"}],"predecessor-version":[{"id":1755,"href":"https:\/\/www.kvzrt.hu\/index.php?rest_route=\/wp\/v2\/pages\/1746\/revisions\/1755"}],"up":[{"embeddable":true,"href":"https:\/\/www.kvzrt.hu\/index.php?rest_route=\/wp\/v2\/pages\/1744"}],"wp:attachment":[{"href":"https:\/\/www.kvzrt.hu\/index.php?rest_route=%2Fwp%2Fv2%2Fmedia&parent=1746"}],"curies":[{"name":"wp","href":"https:\/\/api.w.org\/{rel}","templated":true}]}}