{"id":1706,"date":"2019-06-03T12:11:49","date_gmt":"2019-06-03T11:11:49","guid":{"rendered":"http:\/\/www.kvzrt.hu\/?page_id=1706"},"modified":"2019-06-03T12:15:40","modified_gmt":"2019-06-03T11:15:40","slug":"tetok-felujitasa","status":"publish","type":"page","link":"https:\/\/www.kvzrt.hu\/?page_id=1706","title":{"rendered":"Tet\u0151k fel\u00faj\u00edt\u00e1sa"},"content":{"rendered":"<p><a href=\"http:\/\/www.kvzrt.hu\/wp-content\/uploads\/2019\/06\/felhivas.pdf\">felhivas<\/a><\/p>\n<p><a href=\"http:\/\/www.kvzrt.hu\/wp-content\/uploads\/2019\/06\/Aj\u00e1nlatt\u00e9telre-megh\u00edv\u00e1s.pdf\">Aj\u00e1nlatt\u00e9telre megh\u00edv\u00e1s<\/a><\/p>\n<p><a href=\"http:\/\/www.kvzrt.hu\/wp-content\/uploads\/2019\/06\/KBVK_Tet\u0151_Fel\u00faj\u00edt\u00e1s_AD_ver1.0.pdf\">KBVK_Tet\u0151_Fel\u00faj\u00edt\u00e1s_AD_ver1.0<\/a><\/p>\n<p><a href=\"http:\/\/www.kvzrt.hu\/wp-content\/uploads\/2019\/06\/KBVK_Tet\u0151_Fel\u00faj\u00edt\u00e1s_Szerz\u0151d\u00e9stervezet_ver1.0.pdf\">KBVK_Tet\u0151_Fel\u00faj\u00edt\u00e1s_Szerz\u0151d\u00e9stervezet_ver1.0<\/a><\/p>\n<p><a href=\"http:\/\/www.kvzrt.hu\/wp-content\/uploads\/2019\/06\/bontasi_jegyzokonyv_EKR000579782018.pdf\">bontasi_jegyzokonyv_EKR000579782018<\/a><\/p>\n","protected":false},"excerpt":{"rendered":"<p>felhivas Aj\u00e1nlatt\u00e9telre megh\u00edv\u00e1s KBVK_Tet\u0151_Fel\u00faj\u00edt\u00e1s_AD_ver1.0 KBVK_Tet\u0151_Fel\u00faj\u00edt\u00e1s_Szerz\u0151d\u00e9stervezet_ver1.0 bontasi_jegyzokonyv_EKR000579782018<\/p>\n","protected":false},"author":2,"featured_media":0,"parent":1199,"menu_order":0,"comment_status":"closed","ping_status":"closed","template":"","meta":{"_monsterinsights_skip_tracking":false,"_monsterinsights_sitenote_active":false,"_monsterinsights_sitenote_note":"","_monsterinsights_sitenote_category":0,"footnotes":""},"class_list":["post-1706","page","type-page","status-publish","hentry"],"_links":{"self":[{"href":"https:\/\/www.kvzrt.hu\/index.php?rest_route=\/wp\/v2\/pages\/1706","targetHints":{"allow":["GET"]}}],"collection":[{"href":"https:\/\/www.kvzrt.hu\/index.php?rest_route=\/wp\/v2\/pages"}],"about":[{"href":"https:\/\/www.kvzrt.hu\/index.php?rest_route=\/wp\/v2\/types\/page"}],"author":[{"embeddable":true,"href":"https:\/\/www.kvzrt.hu\/index.php?rest_route=\/wp\/v2\/users\/2"}],"replies":[{"embeddable":true,"href":"https:\/\/www.kvzrt.hu\/index.php?rest_route=%2Fwp%2Fv2%2Fcomments&post=1706"}],"version-history":[{"count":3,"href":"https:\/\/www.kvzrt.hu\/index.php?rest_route=\/wp\/v2\/pages\/1706\/revisions"}],"predecessor-version":[{"id":1715,"href":"https:\/\/www.kvzrt.hu\/index.php?rest_route=\/wp\/v2\/pages\/1706\/revisions\/1715"}],"up":[{"embeddable":true,"href":"https:\/\/www.kvzrt.hu\/index.php?rest_route=\/wp\/v2\/pages\/1199"}],"wp:attachment":[{"href":"https:\/\/www.kvzrt.hu\/index.php?rest_route=%2Fwp%2Fv2%2Fmedia&parent=1706"}],"curies":[{"name":"wp","href":"https:\/\/api.w.org\/{rel}","templated":true}]}}