{"id":1598,"date":"2018-09-27T14:21:39","date_gmt":"2018-09-27T13:21:39","guid":{"rendered":"http:\/\/www.kvzrt.hu\/?page_id=1598"},"modified":"2019-06-03T12:23:24","modified_gmt":"2019-06-03T11:23:24","slug":"sportliget-felujitasa","status":"publish","type":"page","link":"https:\/\/www.kvzrt.hu\/?page_id=1598","title":{"rendered":"Sportliget fel\u00faj\u00edt\u00e1sa"},"content":{"rendered":"<p><a href=\"http:\/\/www.kvzrt.hu\/wp-content\/uploads\/2018\/09\/felhivas_EKR.pdf\">felhivas_EKR<\/a><\/p>\n<p><a href=\"http:\/\/www.kvzrt.hu\/wp-content\/uploads\/2018\/09\/KBVK_Sportliget_Kivitelez\u00e9s_AD_ver2.0.pdf\">KBVK_Sportliget_Kivitelez\u00e9s_AD_ver2.0<\/a><\/p>\n<p><a href=\"http:\/\/www.kvzrt.hu\/wp-content\/uploads\/2018\/09\/KBVK_Sportliget_Kivitelez\u00e9s_Szerz\u0151stervezet_ver1.0.pdf\">KBVK_Sportliget_Kivitelez\u00e9s_Szerz\u0151stervezet_ver1.0<\/a><\/p>\n<p><a href=\"http:\/\/www.kvzrt.hu\/wp-content\/uploads\/2019\/06\/SPORTLIGET_\u00c1razatlan-k\u00f6lts\u00e9gvet\u00e9si-ki\u00edr\u00e1s.xls\">SPORTLIGET_\u00c1razatlan k\u00f6lts\u00e9gvet\u00e9si ki\u00edr\u00e1s<\/a><\/p>\n<p><a href=\"http:\/\/www.kvzrt.hu\/wp-content\/uploads\/2019\/06\/bontasi_jegyzokonyv_EKR000483962018.pdf\">bontasi_jegyzokonyv_EKR000483962018<\/a><\/p>\n","protected":false},"excerpt":{"rendered":"<p>felhivas_EKR KBVK_Sportliget_Kivitelez\u00e9s_AD_ver2.0 KBVK_Sportliget_Kivitelez\u00e9s_Szerz\u0151stervezet_ver1.0 SPORTLIGET_\u00c1razatlan k\u00f6lts\u00e9gvet\u00e9si ki\u00edr\u00e1s bontasi_jegyzokonyv_EKR000483962018<\/p>\n","protected":false},"author":2,"featured_media":0,"parent":1199,"menu_order":0,"comment_status":"closed","ping_status":"closed","template":"","meta":{"_monsterinsights_skip_tracking":false,"_monsterinsights_sitenote_active":false,"_monsterinsights_sitenote_note":"","_monsterinsights_sitenote_category":0,"footnotes":""},"class_list":["post-1598","page","type-page","status-publish","hentry"],"_links":{"self":[{"href":"https:\/\/www.kvzrt.hu\/index.php?rest_route=\/wp\/v2\/pages\/1598","targetHints":{"allow":["GET"]}}],"collection":[{"href":"https:\/\/www.kvzrt.hu\/index.php?rest_route=\/wp\/v2\/pages"}],"about":[{"href":"https:\/\/www.kvzrt.hu\/index.php?rest_route=\/wp\/v2\/types\/page"}],"author":[{"embeddable":true,"href":"https:\/\/www.kvzrt.hu\/index.php?rest_route=\/wp\/v2\/users\/2"}],"replies":[{"embeddable":true,"href":"https:\/\/www.kvzrt.hu\/index.php?rest_route=%2Fwp%2Fv2%2Fcomments&post=1598"}],"version-history":[{"count":3,"href":"https:\/\/www.kvzrt.hu\/index.php?rest_route=\/wp\/v2\/pages\/1598\/revisions"}],"predecessor-version":[{"id":1724,"href":"https:\/\/www.kvzrt.hu\/index.php?rest_route=\/wp\/v2\/pages\/1598\/revisions\/1724"}],"up":[{"embeddable":true,"href":"https:\/\/www.kvzrt.hu\/index.php?rest_route=\/wp\/v2\/pages\/1199"}],"wp:attachment":[{"href":"https:\/\/www.kvzrt.hu\/index.php?rest_route=%2Fwp%2Fv2%2Fmedia&parent=1598"}],"curies":[{"name":"wp","href":"https:\/\/api.w.org\/{rel}","templated":true}]}}