{"id":1590,"date":"2018-09-27T14:14:58","date_gmt":"2018-09-27T13:14:58","guid":{"rendered":"http:\/\/www.kvzrt.hu\/?page_id=1590"},"modified":"2018-09-27T14:19:03","modified_gmt":"2018-09-27T13:19:03","slug":"lakotelepi-belso-utak-ii","status":"publish","type":"page","link":"https:\/\/www.kvzrt.hu\/?page_id=1590","title":{"rendered":"Lak\u00f3telepi bels\u0151 utak II"},"content":{"rendered":"<p><a href=\"http:\/\/www.kvzrt.hu\/wp-content\/uploads\/2018\/09\/ATF_EKR.pdf\">ATF_EKR<\/a><\/p>\n<p><a href=\"http:\/\/www.kvzrt.hu\/wp-content\/uploads\/2018\/09\/KBVK_Lak\u00f3telepi-bels\u0151-utak-fel\u00faj\u00edt\u00e1sa-II.pdf\">KBVK_Lak\u00f3telepi bels\u0151 utak fel\u00faj\u00edt\u00e1sa II<\/a><\/p>\n<p><a href=\"http:\/\/www.kvzrt.hu\/wp-content\/uploads\/2018\/09\/V\u00e1llalkoz\u00e1si-szerz\u0151d\u00e9stervezet-1.pdf\">V\u00e1llalkoz\u00e1si szerz\u0151d\u00e9stervezet<\/a><\/p>\n<p><a href=\"http:\/\/www.kvzrt.hu\/wp-content\/uploads\/2018\/09\/bontasi_jegyzokonyv_EKR000564342018.pdf\">bontasi_jegyzokonyv_EKR000564342018<\/a><\/p>\n<p><a href=\"http:\/\/www.kvzrt.hu\/wp-content\/uploads\/2018\/09\/Aj\u00e1nlatt\u00e9telre-felh\u00edvott-gazdas\u00e1gi-szerepl\u0151k-1.pdf\">Aj\u00e1nlatt\u00e9telre felh\u00edvott gazdas\u00e1gi szerepl\u0151k<\/a><\/p>\n","protected":false},"excerpt":{"rendered":"<p>ATF_EKR KBVK_Lak\u00f3telepi bels\u0151 utak fel\u00faj\u00edt\u00e1sa II V\u00e1llalkoz\u00e1si szerz\u0151d\u00e9stervezet bontasi_jegyzokonyv_EKR000564342018 Aj\u00e1nlatt\u00e9telre felh\u00edvott gazdas\u00e1gi szerepl\u0151k<\/p>\n","protected":false},"author":2,"featured_media":0,"parent":1199,"menu_order":0,"comment_status":"closed","ping_status":"closed","template":"","meta":{"_monsterinsights_skip_tracking":false,"_monsterinsights_sitenote_active":false,"_monsterinsights_sitenote_note":"","_monsterinsights_sitenote_category":0,"footnotes":""},"class_list":["post-1590","page","type-page","status-publish","hentry"],"_links":{"self":[{"href":"https:\/\/www.kvzrt.hu\/index.php?rest_route=\/wp\/v2\/pages\/1590","targetHints":{"allow":["GET"]}}],"collection":[{"href":"https:\/\/www.kvzrt.hu\/index.php?rest_route=\/wp\/v2\/pages"}],"about":[{"href":"https:\/\/www.kvzrt.hu\/index.php?rest_route=\/wp\/v2\/types\/page"}],"author":[{"embeddable":true,"href":"https:\/\/www.kvzrt.hu\/index.php?rest_route=\/wp\/v2\/users\/2"}],"replies":[{"embeddable":true,"href":"https:\/\/www.kvzrt.hu\/index.php?rest_route=%2Fwp%2Fv2%2Fcomments&post=1590"}],"version-history":[{"count":2,"href":"https:\/\/www.kvzrt.hu\/index.php?rest_route=\/wp\/v2\/pages\/1590\/revisions"}],"predecessor-version":[{"id":1597,"href":"https:\/\/www.kvzrt.hu\/index.php?rest_route=\/wp\/v2\/pages\/1590\/revisions\/1597"}],"up":[{"embeddable":true,"href":"https:\/\/www.kvzrt.hu\/index.php?rest_route=\/wp\/v2\/pages\/1199"}],"wp:attachment":[{"href":"https:\/\/www.kvzrt.hu\/index.php?rest_route=%2Fwp%2Fv2%2Fmedia&parent=1590"}],"curies":[{"name":"wp","href":"https:\/\/api.w.org\/{rel}","templated":true}]}}