{"id":1582,"date":"2018-09-27T14:06:47","date_gmt":"2018-09-27T13:06:47","guid":{"rendered":"http:\/\/www.kvzrt.hu\/?page_id=1582"},"modified":"2018-09-27T14:13:30","modified_gmt":"2018-09-27T13:13:30","slug":"lakotelepi-belso-utak","status":"publish","type":"page","link":"https:\/\/www.kvzrt.hu\/?page_id=1582","title":{"rendered":"Lak\u00f3telepi bels\u0151 utak"},"content":{"rendered":"<p><a href=\"http:\/\/www.kvzrt.hu\/wp-content\/uploads\/2018\/09\/Felh\u00edv\u00e1s_EKR-1.pdf\">Felh\u00edv\u00e1s_EKR<\/a><\/p>\n<p><a href=\"http:\/\/www.kvzrt.hu\/wp-content\/uploads\/2018\/09\/KBVK_Budapest-X.-ker\u00fcleti-bels\u0151-utak-fel\u00faj\u00edt\u00e1sa.pdf\">KBVK_Budapest X. ker\u00fcleti bels\u0151 utak fel\u00faj\u00edt\u00e1sa<\/a><\/p>\n<p><a href=\"http:\/\/www.kvzrt.hu\/wp-content\/uploads\/2018\/09\/V\u00e1llalkoz\u00e1si-szerz\u0151d\u00e9stervezet.pdf\">V\u00e1llalkoz\u00e1si szerz\u0151d\u00e9stervezet<\/a><\/p>\n<p><a href=\"http:\/\/www.kvzrt.hu\/wp-content\/uploads\/2018\/09\/bontasi_jegyzokonyv_EKR000365602018.pdf\">bontasi_jegyzokonyv_EKR000365602018<\/a><\/p>\n<p><a href=\"http:\/\/www.kvzrt.hu\/wp-content\/uploads\/2018\/09\/Aj\u00e1nlatt\u00e9telre-felh\u00edvott-gazdas\u00e1gi-szerepl\u0151k-list\u00e1ja.pdf\">Aj\u00e1nlatt\u00e9telre felh\u00edvott gazdas\u00e1gi szerepl\u0151k list\u00e1ja<\/a><\/p>\n","protected":false},"excerpt":{"rendered":"<p>Felh\u00edv\u00e1s_EKR KBVK_Budapest X. ker\u00fcleti bels\u0151 utak fel\u00faj\u00edt\u00e1sa V\u00e1llalkoz\u00e1si szerz\u0151d\u00e9stervezet bontasi_jegyzokonyv_EKR000365602018 Aj\u00e1nlatt\u00e9telre felh\u00edvott gazdas\u00e1gi szerepl\u0151k list\u00e1ja<\/p>\n","protected":false},"author":2,"featured_media":0,"parent":1199,"menu_order":0,"comment_status":"closed","ping_status":"closed","template":"","meta":{"_monsterinsights_skip_tracking":false,"_monsterinsights_sitenote_active":false,"_monsterinsights_sitenote_note":"","_monsterinsights_sitenote_category":0,"footnotes":""},"class_list":["post-1582","page","type-page","status-publish","hentry"],"_links":{"self":[{"href":"https:\/\/www.kvzrt.hu\/index.php?rest_route=\/wp\/v2\/pages\/1582","targetHints":{"allow":["GET"]}}],"collection":[{"href":"https:\/\/www.kvzrt.hu\/index.php?rest_route=\/wp\/v2\/pages"}],"about":[{"href":"https:\/\/www.kvzrt.hu\/index.php?rest_route=\/wp\/v2\/types\/page"}],"author":[{"embeddable":true,"href":"https:\/\/www.kvzrt.hu\/index.php?rest_route=\/wp\/v2\/users\/2"}],"replies":[{"embeddable":true,"href":"https:\/\/www.kvzrt.hu\/index.php?rest_route=%2Fwp%2Fv2%2Fcomments&post=1582"}],"version-history":[{"count":2,"href":"https:\/\/www.kvzrt.hu\/index.php?rest_route=\/wp\/v2\/pages\/1582\/revisions"}],"predecessor-version":[{"id":1589,"href":"https:\/\/www.kvzrt.hu\/index.php?rest_route=\/wp\/v2\/pages\/1582\/revisions\/1589"}],"up":[{"embeddable":true,"href":"https:\/\/www.kvzrt.hu\/index.php?rest_route=\/wp\/v2\/pages\/1199"}],"wp:attachment":[{"href":"https:\/\/www.kvzrt.hu\/index.php?rest_route=%2Fwp%2Fv2%2Fmedia&parent=1582"}],"curies":[{"name":"wp","href":"https:\/\/api.w.org\/{rel}","templated":true}]}}