{"id":1568,"date":"2018-09-27T12:40:56","date_gmt":"2018-09-27T11:40:56","guid":{"rendered":"http:\/\/www.kvzrt.hu\/?page_id=1568"},"modified":"2018-09-27T14:00:40","modified_gmt":"2018-09-27T13:00:40","slug":"jardafelujitasi-program-2018","status":"publish","type":"page","link":"https:\/\/www.kvzrt.hu\/?page_id=1568","title":{"rendered":"J\u00e1rdafel\u00faj\u00edt\u00e1si program 2018"},"content":{"rendered":"<p><a href=\"http:\/\/www.kvzrt.hu\/wp-content\/uploads\/2018\/09\/Felh\u00edv\u00e1s-EKR.pdf\">Felh\u00edv\u00e1s EKR<\/a><\/p>\n<p><a href=\"http:\/\/www.kvzrt.hu\/wp-content\/uploads\/2018\/09\/J\u00e1rda-fel\u00faj\u00edt\u00e1sok-2018-Mqszaki-le\u00edr\u00e1s-I.pdf\">J\u00e1rda fel\u00faj\u00edt\u00e1sok 2018 Mqszaki le\u00edr\u00e1s I<\/a><\/p>\n<p><a href=\"http:\/\/www.kvzrt.hu\/wp-content\/uploads\/2018\/09\/\u00d3hegy-parki-j0rd0k-2018-Mqszaki-le\u00edr0s.pdf\">\u00d3hegy parki j0rd0k 2018 Mqszaki le\u00edr0s<\/a><\/p>\n<p><a href=\"http:\/\/www.kvzrt.hu\/wp-content\/uploads\/2018\/09\/KBVK_Budapest-X.-ker\u00fcleti-j\u00e1rda-fel\u00faj\u00edt\u00e1sok-2018-v\u00e9gleges.pdf\">KBVK_Budapest X. ker\u00fcleti j\u00e1rda fel\u00faj\u00edt\u00e1sok 2018 v\u00e9gleges<\/a><\/p>\n<p><a href=\"http:\/\/www.kvzrt.hu\/wp-content\/uploads\/2018\/09\/V\u00e1llalkoz\u00e1si-szerzQd\u00e9s-tervezet-J\u00e1rdafel\u00faj\u00edt\u00e1si-munk\u00e1k.pdf\">V\u00e1llalkoz\u00e1si szerzQd\u00e9s tervezet J\u00e1rdafel\u00faj\u00edt\u00e1si munk\u00e1k<\/a><\/p>\n<p><a href=\"http:\/\/www.kvzrt.hu\/wp-content\/uploads\/2018\/09\/K\u00f6zter\u00fcleti-j\u00e1rda-fel\u00faj\u00edt\u00e1s-2018.pdf\">K\u00f6zter\u00fcleti j\u00e1rda fel\u00faj\u00edt\u00e1s 2018<\/a><\/p>\n<p><a href=\"http:\/\/www.kvzrt.hu\/wp-content\/uploads\/2018\/09\/Parki-j\u00e1rda-fel\u00faj\u00edt\u00e1s-2018.pdf\">Parki j\u00e1rda fel\u00faj\u00edt\u00e1s 2018<\/a><\/p>\n<p><a href=\"http:\/\/www.kvzrt.hu\/wp-content\/uploads\/2018\/09\/bontasi_jegyzokonyv_EKR000320232018_kik\u00fcld\u00f6tt.pdf\">bontasi_jegyzokonyv_EKR000320232018_kik\u00fcld\u00f6tt<\/a><\/p>\n<p><a href=\"http:\/\/www.kvzrt.hu\/wp-content\/uploads\/2018\/09\/Aj\u00e1nlatt\u00e9telre-felh\u00edvott-gazdas\u00e1gi-szerepl\u0151k.pdf\">Aj\u00e1nlatt\u00e9telre felh\u00edvott gazdas\u00e1gi szerepl\u0151k<\/a><\/p>\n","protected":false},"excerpt":{"rendered":"<p>Felh\u00edv\u00e1s EKR J\u00e1rda fel\u00faj\u00edt\u00e1sok 2018 Mqszaki le\u00edr\u00e1s I \u00d3hegy parki j0rd0k 2018 Mqszaki le\u00edr0s KBVK_Budapest X. ker\u00fcleti j\u00e1rda fel\u00faj\u00edt\u00e1sok 2018 v\u00e9gleges V\u00e1llalkoz\u00e1si szerzQd\u00e9s tervezet J\u00e1rdafel\u00faj\u00edt\u00e1si munk\u00e1k K\u00f6zter\u00fcleti j\u00e1rda fel\u00faj\u00edt\u00e1s 2018 Parki j\u00e1rda fel\u00faj\u00edt\u00e1s 2018 bontasi_jegyzokonyv_EKR000320232018_kik\u00fcld\u00f6tt Aj\u00e1nlatt\u00e9telre felh\u00edvott gazdas\u00e1gi szerepl\u0151k<\/p>\n","protected":false},"author":2,"featured_media":0,"parent":1199,"menu_order":0,"comment_status":"closed","ping_status":"closed","template":"","meta":{"_monsterinsights_skip_tracking":false,"_monsterinsights_sitenote_active":false,"_monsterinsights_sitenote_note":"","_monsterinsights_sitenote_category":0,"footnotes":""},"class_list":["post-1568","page","type-page","status-publish","hentry"],"_links":{"self":[{"href":"https:\/\/www.kvzrt.hu\/index.php?rest_route=\/wp\/v2\/pages\/1568","targetHints":{"allow":["GET"]}}],"collection":[{"href":"https:\/\/www.kvzrt.hu\/index.php?rest_route=\/wp\/v2\/pages"}],"about":[{"href":"https:\/\/www.kvzrt.hu\/index.php?rest_route=\/wp\/v2\/types\/page"}],"author":[{"embeddable":true,"href":"https:\/\/www.kvzrt.hu\/index.php?rest_route=\/wp\/v2\/users\/2"}],"replies":[{"embeddable":true,"href":"https:\/\/www.kvzrt.hu\/index.php?rest_route=%2Fwp%2Fv2%2Fcomments&post=1568"}],"version-history":[{"count":3,"href":"https:\/\/www.kvzrt.hu\/index.php?rest_route=\/wp\/v2\/pages\/1568\/revisions"}],"predecessor-version":[{"id":1581,"href":"https:\/\/www.kvzrt.hu\/index.php?rest_route=\/wp\/v2\/pages\/1568\/revisions\/1581"}],"up":[{"embeddable":true,"href":"https:\/\/www.kvzrt.hu\/index.php?rest_route=\/wp\/v2\/pages\/1199"}],"wp:attachment":[{"href":"https:\/\/www.kvzrt.hu\/index.php?rest_route=%2Fwp%2Fv2%2Fmedia&parent=1568"}],"curies":[{"name":"wp","href":"https:\/\/api.w.org\/{rel}","templated":true}]}}