{"id":1560,"date":"2018-09-27T12:14:33","date_gmt":"2018-09-27T11:14:33","guid":{"rendered":"http:\/\/www.kvzrt.hu\/?page_id=1560"},"modified":"2018-09-27T12:21:42","modified_gmt":"2018-09-27T11:21:42","slug":"lakasfelujitasok-viii-utem","status":"publish","type":"page","link":"https:\/\/www.kvzrt.hu\/?page_id=1560","title":{"rendered":"Lak\u00e1sfel\u00faj\u00edt\u00e1sok VIII. \u00fctem"},"content":{"rendered":"<p><a href=\"http:\/\/www.kvzrt.hu\/wp-content\/uploads\/2018\/09\/felhivas-1.pdf\">felhivas<\/a><\/p>\n<p><a href=\"http:\/\/www.kvzrt.hu\/wp-content\/uploads\/2018\/09\/KBVK_Lak\u00e1sok_fel\u00faj\u00edt\u00e1sa_VIII_Kivitelez\u00e9s_AD.pdf\">KBVK_Lak\u00e1sok_fel\u00faj\u00edt\u00e1sa_VIII_Kivitelez\u00e9s_AD<\/a><\/p>\n<p><a href=\"http:\/\/www.kvzrt.hu\/wp-content\/uploads\/2018\/09\/KBVK_Lak\u00e1sok_fel\u00faj\u00edt\u00e1sa_VIII_Szerz\u0151d\u00e9stervezet_ver1.0.pdf\">KBVK_Lak\u00e1sok_fel\u00faj\u00edt\u00e1sa_VIII_Szerz\u0151d\u00e9stervezet_ver1.0<\/a><\/p>\n<p><a href=\"http:\/\/www.kvzrt.hu\/wp-content\/uploads\/2018\/09\/bontasi_jegyzokonyv_EKR000589172018.pdf\">bontasi_jegyzokonyv_EKR000589172018<\/a><\/p>\n<p><a href=\"http:\/\/www.kvzrt.hu\/wp-content\/uploads\/2018\/09\/ajanlattetelre_felhivott_gazdasagi_szereplok-1.pdf\">ajanlattetelre_felhivott_gazdasagi_szereplok-1<\/a><\/p>\n","protected":false},"excerpt":{"rendered":"<p>felhivas KBVK_Lak\u00e1sok_fel\u00faj\u00edt\u00e1sa_VIII_Kivitelez\u00e9s_AD KBVK_Lak\u00e1sok_fel\u00faj\u00edt\u00e1sa_VIII_Szerz\u0151d\u00e9stervezet_ver1.0 bontasi_jegyzokonyv_EKR000589172018 ajanlattetelre_felhivott_gazdasagi_szereplok-1<\/p>\n","protected":false},"author":2,"featured_media":0,"parent":1199,"menu_order":0,"comment_status":"closed","ping_status":"closed","template":"","meta":{"_monsterinsights_skip_tracking":false,"_monsterinsights_sitenote_active":false,"_monsterinsights_sitenote_note":"","_monsterinsights_sitenote_category":0,"footnotes":""},"class_list":["post-1560","page","type-page","status-publish","hentry"],"_links":{"self":[{"href":"https:\/\/www.kvzrt.hu\/index.php?rest_route=\/wp\/v2\/pages\/1560","targetHints":{"allow":["GET"]}}],"collection":[{"href":"https:\/\/www.kvzrt.hu\/index.php?rest_route=\/wp\/v2\/pages"}],"about":[{"href":"https:\/\/www.kvzrt.hu\/index.php?rest_route=\/wp\/v2\/types\/page"}],"author":[{"embeddable":true,"href":"https:\/\/www.kvzrt.hu\/index.php?rest_route=\/wp\/v2\/users\/2"}],"replies":[{"embeddable":true,"href":"https:\/\/www.kvzrt.hu\/index.php?rest_route=%2Fwp%2Fv2%2Fcomments&post=1560"}],"version-history":[{"count":2,"href":"https:\/\/www.kvzrt.hu\/index.php?rest_route=\/wp\/v2\/pages\/1560\/revisions"}],"predecessor-version":[{"id":1567,"href":"https:\/\/www.kvzrt.hu\/index.php?rest_route=\/wp\/v2\/pages\/1560\/revisions\/1567"}],"up":[{"embeddable":true,"href":"https:\/\/www.kvzrt.hu\/index.php?rest_route=\/wp\/v2\/pages\/1199"}],"wp:attachment":[{"href":"https:\/\/www.kvzrt.hu\/index.php?rest_route=%2Fwp%2Fv2%2Fmedia&parent=1560"}],"curies":[{"name":"wp","href":"https:\/\/api.w.org\/{rel}","templated":true}]}}