{"id":1552,"date":"2018-09-26T15:35:35","date_gmt":"2018-09-26T14:35:35","guid":{"rendered":"http:\/\/www.kvzrt.hu\/?page_id=1552"},"modified":"2018-09-26T15:47:50","modified_gmt":"2018-09-26T14:47:50","slug":"lakasfelujitasok-vii-utem","status":"publish","type":"page","link":"https:\/\/www.kvzrt.hu\/?page_id=1552","title":{"rendered":"Lak\u00e1sfel\u00faj\u00edt\u00e1sok VII. \u00fctem"},"content":{"rendered":"<p><a href=\"http:\/\/www.kvzrt.hu\/wp-content\/uploads\/2018\/09\/Felh\u00edv\u00e1s_EKR.pdf\">Felh\u00edv\u00e1s_EKR<\/a><\/p>\n<p><a href=\"http:\/\/www.kvzrt.hu\/wp-content\/uploads\/2018\/09\/KBVK_Lak\u00e1sok_fel\u00faj\u00edt\u00e1sa_VII_Kivitelez\u00e9s_AD.pdf\">KBVK_Lak\u00e1sok_fel\u00faj\u00edt\u00e1sa_VII_Kivitelez\u00e9s_AD<\/a><\/p>\n<p><a href=\"http:\/\/www.kvzrt.hu\/wp-content\/uploads\/2018\/09\/KBVK_Lak\u00e1sok_fel\u00faj\u00edt\u00e1sa_VII_V\u00e1llalkoz\u00e1si_szerz\u0151d\u00e9stervezet.pdf\">KBVK_Lak\u00e1sok_fel\u00faj\u00edt\u00e1sa_VII_V\u00e1llalkoz\u00e1si_szerz\u0151d\u00e9stervezet<\/a><\/p>\n<p><a href=\"http:\/\/www.kvzrt.hu\/wp-content\/uploads\/2018\/09\/bontasi_jegyzokonyv_EKR000499882018.pdf\">bontasi_jegyzokonyv_EKR000499882018<\/a><\/p>\n","protected":false},"excerpt":{"rendered":"<p>Felh\u00edv\u00e1s_EKR KBVK_Lak\u00e1sok_fel\u00faj\u00edt\u00e1sa_VII_Kivitelez\u00e9s_AD KBVK_Lak\u00e1sok_fel\u00faj\u00edt\u00e1sa_VII_V\u00e1llalkoz\u00e1si_szerz\u0151d\u00e9stervezet bontasi_jegyzokonyv_EKR000499882018<\/p>\n","protected":false},"author":2,"featured_media":0,"parent":1199,"menu_order":0,"comment_status":"closed","ping_status":"closed","template":"","meta":{"_monsterinsights_skip_tracking":false,"_monsterinsights_sitenote_active":false,"_monsterinsights_sitenote_note":"","_monsterinsights_sitenote_category":0,"footnotes":""},"class_list":["post-1552","page","type-page","status-publish","hentry"],"_links":{"self":[{"href":"https:\/\/www.kvzrt.hu\/index.php?rest_route=\/wp\/v2\/pages\/1552","targetHints":{"allow":["GET"]}}],"collection":[{"href":"https:\/\/www.kvzrt.hu\/index.php?rest_route=\/wp\/v2\/pages"}],"about":[{"href":"https:\/\/www.kvzrt.hu\/index.php?rest_route=\/wp\/v2\/types\/page"}],"author":[{"embeddable":true,"href":"https:\/\/www.kvzrt.hu\/index.php?rest_route=\/wp\/v2\/users\/2"}],"replies":[{"embeddable":true,"href":"https:\/\/www.kvzrt.hu\/index.php?rest_route=%2Fwp%2Fv2%2Fcomments&post=1552"}],"version-history":[{"count":3,"href":"https:\/\/www.kvzrt.hu\/index.php?rest_route=\/wp\/v2\/pages\/1552\/revisions"}],"predecessor-version":[{"id":1559,"href":"https:\/\/www.kvzrt.hu\/index.php?rest_route=\/wp\/v2\/pages\/1552\/revisions\/1559"}],"up":[{"embeddable":true,"href":"https:\/\/www.kvzrt.hu\/index.php?rest_route=\/wp\/v2\/pages\/1199"}],"wp:attachment":[{"href":"https:\/\/www.kvzrt.hu\/index.php?rest_route=%2Fwp%2Fv2%2Fmedia&parent=1552"}],"curies":[{"name":"wp","href":"https:\/\/api.w.org\/{rel}","templated":true}]}}