{"id":1542,"date":"2018-09-26T15:25:01","date_gmt":"2018-09-26T14:25:01","guid":{"rendered":"http:\/\/www.kvzrt.hu\/?page_id=1542"},"modified":"2018-09-26T15:31:23","modified_gmt":"2018-09-26T14:31:23","slug":"gyermeksziget-bolcsode-csodafa-ovoda-ii","status":"publish","type":"page","link":"https:\/\/www.kvzrt.hu\/?page_id=1542","title":{"rendered":"Gyermeksziget b\u00f6lcs\u0151de &#8211; Csodafa \u00f3voda II."},"content":{"rendered":"<p><a href=\"http:\/\/www.kvzrt.hu\/wp-content\/uploads\/2018\/09\/felhivas.pdf\">felhivas<\/a><\/p>\n<p><a href=\"http:\/\/www.kvzrt.hu\/wp-content\/uploads\/2018\/09\/K\u00f6zbeszerz\u00e9si-dokumentumok_Gyermeksziget-B\u00f6lcs\u0151de-fel\u00faj\u00edt\u00e1sa-II.pdf\">K\u00f6zbeszerz\u00e9si dokumentumok_Gyermeksziget B\u00f6lcs\u0151de fel\u00faj\u00edt\u00e1sa-II<\/a><\/p>\n<p><a href=\"http:\/\/www.kvzrt.hu\/wp-content\/uploads\/2018\/09\/BENY\u00daJTAND\u00d3-IGAZOL\u00c1SOK-JEGYZ\u00c9KE.pdf\">BENY\u00daJTAND\u00d3 IGAZOL\u00c1SOK JEGYZ\u00c9KE<\/a><\/p>\n<p><a href=\"http:\/\/www.kvzrt.hu\/wp-content\/uploads\/2018\/09\/Szerz\u0151d\u00e9stervezet_Gyermeksziget-B\u00f6lcs\u0151de-II.pdf\">Szerz\u0151d\u00e9stervezet_Gyermeksziget B\u00f6lcs\u0151de-II<\/a><\/p>\n<p><a href=\"http:\/\/www.kvzrt.hu\/wp-content\/uploads\/2018\/09\/felhivas-gazdas\u00e1gi-szerepl\u0151k.pdf\">felhivas gazdas\u00e1gi szerepl\u0151k<\/a><\/p>\n<p><a href=\"http:\/\/www.kvzrt.hu\/wp-content\/uploads\/2018\/09\/bontasi_jegyzokonyv_EKR000282572018.pdf\">bontasi_jegyzokonyv_EKR000282572018<\/a><\/p>\n","protected":false},"excerpt":{"rendered":"<p>felhivas K\u00f6zbeszerz\u00e9si dokumentumok_Gyermeksziget B\u00f6lcs\u0151de fel\u00faj\u00edt\u00e1sa-II BENY\u00daJTAND\u00d3 IGAZOL\u00c1SOK JEGYZ\u00c9KE Szerz\u0151d\u00e9stervezet_Gyermeksziget B\u00f6lcs\u0151de-II felhivas gazdas\u00e1gi szerepl\u0151k bontasi_jegyzokonyv_EKR000282572018<\/p>\n","protected":false},"author":2,"featured_media":0,"parent":1199,"menu_order":0,"comment_status":"closed","ping_status":"closed","template":"","meta":{"_monsterinsights_skip_tracking":false,"_monsterinsights_sitenote_active":false,"_monsterinsights_sitenote_note":"","_monsterinsights_sitenote_category":0,"footnotes":""},"class_list":["post-1542","page","type-page","status-publish","hentry"],"_links":{"self":[{"href":"https:\/\/www.kvzrt.hu\/index.php?rest_route=\/wp\/v2\/pages\/1542","targetHints":{"allow":["GET"]}}],"collection":[{"href":"https:\/\/www.kvzrt.hu\/index.php?rest_route=\/wp\/v2\/pages"}],"about":[{"href":"https:\/\/www.kvzrt.hu\/index.php?rest_route=\/wp\/v2\/types\/page"}],"author":[{"embeddable":true,"href":"https:\/\/www.kvzrt.hu\/index.php?rest_route=\/wp\/v2\/users\/2"}],"replies":[{"embeddable":true,"href":"https:\/\/www.kvzrt.hu\/index.php?rest_route=%2Fwp%2Fv2%2Fcomments&post=1542"}],"version-history":[{"count":3,"href":"https:\/\/www.kvzrt.hu\/index.php?rest_route=\/wp\/v2\/pages\/1542\/revisions"}],"predecessor-version":[{"id":1551,"href":"https:\/\/www.kvzrt.hu\/index.php?rest_route=\/wp\/v2\/pages\/1542\/revisions\/1551"}],"up":[{"embeddable":true,"href":"https:\/\/www.kvzrt.hu\/index.php?rest_route=\/wp\/v2\/pages\/1199"}],"wp:attachment":[{"href":"https:\/\/www.kvzrt.hu\/index.php?rest_route=%2Fwp%2Fv2%2Fmedia&parent=1542"}],"curies":[{"name":"wp","href":"https:\/\/api.w.org\/{rel}","templated":true}]}}