{"id":1533,"date":"2018-09-26T15:00:39","date_gmt":"2018-09-26T14:00:39","guid":{"rendered":"http:\/\/www.kvzrt.hu\/?page_id=1533"},"modified":"2018-09-26T15:20:16","modified_gmt":"2018-09-26T14:20:16","slug":"lakasfelujitasok-vi-utem","status":"publish","type":"page","link":"https:\/\/www.kvzrt.hu\/?page_id=1533","title":{"rendered":"LAK\u00c1SFEL\u00daJ\u00cdT\u00c1SOK VI. \u00fctem"},"content":{"rendered":"<p><a href=\"http:\/\/www.kvzrt.hu\/wp-content\/uploads\/2018\/09\/KBVK_Lak\u00e1sok-fel\u00faj\u00edt\u00e1sa-VI_Kivitelez\u00e9s_AF_ver3.0_EKR.pdf\">KBVK_Lak\u00e1sok fel\u00faj\u00edt\u00e1sa VI_Kivitelez\u00e9s_AF_ver3.0_EKR<\/a><\/p>\n<p><a href=\"http:\/\/www.kvzrt.hu\/wp-content\/uploads\/2018\/09\/KBVK_Lak\u00e1sok-fel\u00faj\u00edt\u00e1sa-VI_Kivitelez\u00e9s_AD_ver1.0.pdf\">KBVK_Lak\u00e1sok fel\u00faj\u00edt\u00e1sa VI_Kivitelez\u00e9s_AD_ver1.0<\/a><\/p>\n<p><a href=\"http:\/\/www.kvzrt.hu\/wp-content\/uploads\/2018\/09\/KBVK_Lak\u00e1sok-fel\u00faj\u00edt\u00e1sa-VI_Kivitelez\u00e9s_SzerzQd\u00e9stervezet_ver1.0.pdf\">KBVK_Lak\u00e1sok fel\u00faj\u00edt\u00e1sa VI_Kivitelez\u00e9s_SzerzQd\u00e9stervezet_ver1.0<\/a><\/p>\n<p><a href=\"http:\/\/www.kvzrt.hu\/wp-content\/uploads\/2018\/09\/bontasi_jegyzokonyv_EKR000379632018_kik\u00fcld\u00f6tt.pdf\">bontasi_jegyzokonyv_EKR000379632018_kik\u00fcld\u00f6tt<\/a><\/p>\n<p><a href=\"http:\/\/www.kvzrt.hu\/wp-content\/uploads\/2018\/09\/KBVK_Lak\u00e1sok-VI_Kivitelez\u00e9s_C\u00e9g\u00f6sszes\u00edt\u0151_ver1.0.pdf\">KBVK_Lak\u00e1sok VI_Kivitelez\u00e9s_C\u00e9g\u00f6sszes\u00edt\u0151_ver1.0<\/a><\/p>\n","protected":false},"excerpt":{"rendered":"<p>KBVK_Lak\u00e1sok fel\u00faj\u00edt\u00e1sa VI_Kivitelez\u00e9s_AF_ver3.0_EKR KBVK_Lak\u00e1sok fel\u00faj\u00edt\u00e1sa VI_Kivitelez\u00e9s_AD_ver1.0 KBVK_Lak\u00e1sok fel\u00faj\u00edt\u00e1sa VI_Kivitelez\u00e9s_SzerzQd\u00e9stervezet_ver1.0 bontasi_jegyzokonyv_EKR000379632018_kik\u00fcld\u00f6tt KBVK_Lak\u00e1sok VI_Kivitelez\u00e9s_C\u00e9g\u00f6sszes\u00edt\u0151_ver1.0<\/p>\n","protected":false},"author":2,"featured_media":0,"parent":1199,"menu_order":0,"comment_status":"closed","ping_status":"closed","template":"","meta":{"_monsterinsights_skip_tracking":false,"_monsterinsights_sitenote_active":false,"_monsterinsights_sitenote_note":"","_monsterinsights_sitenote_category":0,"footnotes":""},"class_list":["post-1533","page","type-page","status-publish","hentry"],"_links":{"self":[{"href":"https:\/\/www.kvzrt.hu\/index.php?rest_route=\/wp\/v2\/pages\/1533","targetHints":{"allow":["GET"]}}],"collection":[{"href":"https:\/\/www.kvzrt.hu\/index.php?rest_route=\/wp\/v2\/pages"}],"about":[{"href":"https:\/\/www.kvzrt.hu\/index.php?rest_route=\/wp\/v2\/types\/page"}],"author":[{"embeddable":true,"href":"https:\/\/www.kvzrt.hu\/index.php?rest_route=\/wp\/v2\/users\/2"}],"replies":[{"embeddable":true,"href":"https:\/\/www.kvzrt.hu\/index.php?rest_route=%2Fwp%2Fv2%2Fcomments&post=1533"}],"version-history":[{"count":3,"href":"https:\/\/www.kvzrt.hu\/index.php?rest_route=\/wp\/v2\/pages\/1533\/revisions"}],"predecessor-version":[{"id":1541,"href":"https:\/\/www.kvzrt.hu\/index.php?rest_route=\/wp\/v2\/pages\/1533\/revisions\/1541"}],"up":[{"embeddable":true,"href":"https:\/\/www.kvzrt.hu\/index.php?rest_route=\/wp\/v2\/pages\/1199"}],"wp:attachment":[{"href":"https:\/\/www.kvzrt.hu\/index.php?rest_route=%2Fwp%2Fv2%2Fmedia&parent=1533"}],"curies":[{"name":"wp","href":"https:\/\/api.w.org\/{rel}","templated":true}]}}