{"id":1495,"date":"2018-08-08T15:04:33","date_gmt":"2018-08-08T14:04:33","guid":{"rendered":"http:\/\/www.kvzrt.hu\/?page_id=1495"},"modified":"2018-08-08T16:04:03","modified_gmt":"2018-08-08T15:04:03","slug":"lakasfelujitasok-v-utem","status":"publish","type":"page","link":"https:\/\/www.kvzrt.hu\/?page_id=1495","title":{"rendered":"Lak\u00e1sfel\u00faj\u00edt\u00e1sok V. \u00fctem"},"content":{"rendered":"<p><a href=\"http:\/\/www.kvzrt.hu\/wp-content\/uploads\/2018\/08\/KBVK_Lak\u00e1sok-fel\u00faj\u00edt\u00e1sa-V_Kivitelez\u00e9s_AF_ver1.0_EKR.pdf\">KBVK_Lak\u00e1sok fel\u00faj\u00edt\u00e1sa V_Kivitelez\u00e9s_AF_ver1.0_EKR<\/a><\/p>\n<p><a href=\"http:\/\/www.kvzrt.hu\/wp-content\/uploads\/2018\/08\/KBVK_Lak\u00e1sok-fel\u00faj\u00edt\u00e1sa-V_Kivitelez\u00e9s_AD_ver1.0.pdf\">KBVK_Lak\u00e1sok fel\u00faj\u00edt\u00e1sa V_Kivitelez\u00e9s_AD_ver1.0<\/a><\/p>\n<p><a href=\"http:\/\/www.kvzrt.hu\/wp-content\/uploads\/2018\/08\/KBVK_Lak\u00e1sok-fel\u00faj\u00edt\u00e1sa-V_Kivitelez\u00e9s_Szerz\u0151d\u00e9stervezet_ver3.0.pdf\">KBVK_Lak\u00e1sok fel\u00faj\u00edt\u00e1sa V_Kivitelez\u00e9s_Szerz\u0151d\u00e9stervezet_ver3.0<\/a><\/p>\n<p><a href=\"http:\/\/www.kvzrt.hu\/wp-content\/uploads\/2018\/08\/bontasi_jegyzokonyv_EKR000364742018_kik\u00fcld\u00f6tt.pdf\">bontasi_jegyzokonyv_EKR000364742018_kik\u00fcld\u00f6tt<\/a><\/p>\n<p><a href=\"http:\/\/www.kvzrt.hu\/wp-content\/uploads\/2018\/08\/Aj\u00e1nlatt\u00e9telre-megh\u00edvott-gazdas\u00e1gi-szerepl\u0151k.pdf\">Aj\u00e1nlatt\u00e9telre megh\u00edvott gazdas\u00e1gi szerepl\u0151k<\/a><\/p>\n<p>&nbsp;<\/p>\n","protected":false},"excerpt":{"rendered":"<p>KBVK_Lak\u00e1sok fel\u00faj\u00edt\u00e1sa V_Kivitelez\u00e9s_AF_ver1.0_EKR KBVK_Lak\u00e1sok fel\u00faj\u00edt\u00e1sa V_Kivitelez\u00e9s_AD_ver1.0 KBVK_Lak\u00e1sok fel\u00faj\u00edt\u00e1sa V_Kivitelez\u00e9s_Szerz\u0151d\u00e9stervezet_ver3.0 bontasi_jegyzokonyv_EKR000364742018_kik\u00fcld\u00f6tt Aj\u00e1nlatt\u00e9telre megh\u00edvott gazdas\u00e1gi szerepl\u0151k &nbsp;<\/p>\n","protected":false},"author":2,"featured_media":0,"parent":1199,"menu_order":0,"comment_status":"closed","ping_status":"closed","template":"","meta":{"_monsterinsights_skip_tracking":false,"_monsterinsights_sitenote_active":false,"_monsterinsights_sitenote_note":"","_monsterinsights_sitenote_category":0,"footnotes":""},"class_list":["post-1495","page","type-page","status-publish","hentry"],"_links":{"self":[{"href":"https:\/\/www.kvzrt.hu\/index.php?rest_route=\/wp\/v2\/pages\/1495","targetHints":{"allow":["GET"]}}],"collection":[{"href":"https:\/\/www.kvzrt.hu\/index.php?rest_route=\/wp\/v2\/pages"}],"about":[{"href":"https:\/\/www.kvzrt.hu\/index.php?rest_route=\/wp\/v2\/types\/page"}],"author":[{"embeddable":true,"href":"https:\/\/www.kvzrt.hu\/index.php?rest_route=\/wp\/v2\/users\/2"}],"replies":[{"embeddable":true,"href":"https:\/\/www.kvzrt.hu\/index.php?rest_route=%2Fwp%2Fv2%2Fcomments&post=1495"}],"version-history":[{"count":5,"href":"https:\/\/www.kvzrt.hu\/index.php?rest_route=\/wp\/v2\/pages\/1495\/revisions"}],"predecessor-version":[{"id":1505,"href":"https:\/\/www.kvzrt.hu\/index.php?rest_route=\/wp\/v2\/pages\/1495\/revisions\/1505"}],"up":[{"embeddable":true,"href":"https:\/\/www.kvzrt.hu\/index.php?rest_route=\/wp\/v2\/pages\/1199"}],"wp:attachment":[{"href":"https:\/\/www.kvzrt.hu\/index.php?rest_route=%2Fwp%2Fv2%2Fmedia&parent=1495"}],"curies":[{"name":"wp","href":"https:\/\/api.w.org\/{rel}","templated":true}]}}