{"id":1433,"date":"2018-06-20T15:12:30","date_gmt":"2018-06-20T14:12:30","guid":{"rendered":"http:\/\/www.kvzrt.hu\/?page_id=1433"},"modified":"2026-04-10T10:41:10","modified_gmt":"2026-04-10T09:41:10","slug":"jovedelem-kimutatasok","status":"publish","type":"page","link":"https:\/\/www.kvzrt.hu\/?page_id=1433","title":{"rendered":"J\u00f6vedelem kimutat\u00e1sok"},"content":{"rendered":"<p><a href=\"https:\/\/www.kvzrt.hu\/wp-content\/uploads\/2026\/04\/2026_1_n_Kobanyai_Vagyonkezelo_Zrt.pdf\">2026. I. negyed\u00e9vi j\u00f6vedelemkimutat\u00e1s (felt\u00f6ltve: 2026.04.10.)<\/a><\/p>\n<p><a href=\"https:\/\/www.kvzrt.hu\/wp-content\/uploads\/2026\/01\/2025_4_n_Kobanyai_Vagyonkezelo_Zrt.pdf\" target=\"_blank\" rel=\"noopener\">2025. IV. negyed\u00e9vi j\u00f6vedelemkimutat\u00e1s (felt\u00f6ltve: 2026.01.07.)<\/a><\/p>\n<p><a href=\"https:\/\/www.kvzrt.hu\/wp-content\/uploads\/2025\/10\/2025_3_n_Kobanyai_Vagyonkezelo_Zrt.pdf\">2025. III. negyed\u00e9vi j\u00f6vedelemkimutat\u00e1s (felt\u00f6ltve: 2025.10.20.)<\/a><\/p>\n<p><a href=\"https:\/\/www.kvzrt.hu\/wp-content\/uploads\/2025\/07\/2025_2_n_Kobanyai_Vagyonkezelo_Zrt.pdf\">2025. II. negyed\u00e9vi j\u00f6vedelemkimutat\u00e1s (felt\u00f6ltve: 2025.07.18.)<\/a><\/p>\n<p><a href=\"https:\/\/www.kvzrt.hu\/wp-content\/uploads\/2025\/04\/2025_1_n_Kobanyai_Vagyonkezelo_Zrt.pdf\">2025. I. negyed\u00e9vi j\u00f6vedelemkimutat\u00e1s (felt\u00f6ltve: 2025.04.07.)<\/a><\/p>\n<p><a href=\"https:\/\/www.kvzrt.hu\/wp-content\/uploads\/2025\/01\/2024_4_n_Kobanyai_Vagyonkezelo_Zrt.pdf\">2024. IV. negyed\u00e9vi j\u00f6vedelemkimutat\u00e1s (felt\u00f6ltve: 2025.01.13.)<\/a><\/p>\n<p><a href=\"https:\/\/www.kvzrt.hu\/wp-content\/uploads\/2024\/10\/2024_3_n_Kobanyai_Vagyonkezelo_Zrt.pdf\">2024. III. negyed\u00e9vi j\u00f6vedelemkimutat\u00e1s (felt\u00f6ltve: 2024.10.07.)<\/a><\/p>\n<p><a href=\"https:\/\/www.kvzrt.hu\/wp-content\/uploads\/2024\/07\/2024_2_n_Kobanyai_Vagyonkezelo_Zrt.pdf\" target=\"_blank\" rel=\"noopener\">2024. II. negyed\u00e9vi j\u00f6vedelemkimutat\u00e1s (felt\u00f6ltve: 2024.07.05.)<\/a><\/p>\n<p><a href=\"https:\/\/www.kvzrt.hu\/wp-content\/uploads\/2024\/04\/2024_1_n_Kobanyai_Vagyonkezelo_Zrt.pdf\">2024. I. negyed\u00e9vi j\u00f6vedelemkimutat\u00e1s (felt\u00f6ltve: 2024.04.09.)<\/a><\/p>\n<p><a href=\"https:\/\/www.kvzrt.hu\/wp-content\/uploads\/2024\/01\/202304.pdf\" target=\"_blank\" rel=\"noopener\">2023. IV. negyed\u00e9vi j\u00f6vedelemkimutat\u00e1s<\/a><\/p>\n<p><a href=\"https:\/\/www.kvzrt.hu\/wp-content\/uploads\/2023\/10\/2023_3_n_Kobanyai_Vagyonkezelo_Zrt.pdf\" target=\"_blank\" rel=\"noopener\">2023. III. negyed\u00e9vi j\u00f6vedelemkimutat\u00e1s<\/a><\/p>\n<p><a href=\"https:\/\/www.kvzrt.hu\/wp-content\/uploads\/2023\/07\/2023_2_n_Kobanyai_Vagyonkezelo_Zrt.pdf\" target=\"_blank\" rel=\"noopener\">2023. II. negyed\u00e9vi j\u00f6vedelemkimutat\u00e1s<\/a><\/p>\n<p><a href=\"https:\/\/www.kvzrt.hu\/wp-content\/uploads\/2023\/04\/2023_1_n_Kobanyai_Vagyonkezelo_Zrt.pdf\">2023. I. negyed\u00e9vi j\u00f6vedelemkimutat\u00e1s<\/a><\/p>\n<p><a href=\"https:\/\/www.kvzrt.hu\/wp-content\/uploads\/2023\/01\/2022_4_n_Kobanyai_Vagyonkezelo_Zrt.pdf\" target=\"_blank\" rel=\"noopener\">2022. IV. negyed\u00e9vi j\u00f6vedelemkimutat\u00e1s<\/a><\/p>\n<p><a href=\"https:\/\/www.kvzrt.hu\/wp-content\/uploads\/2022\/10\/2022_3_n_Kobanyai_Vagyonkezelo_Zrt.pdf\" target=\"_blank\" rel=\"noopener\">2022. III. negyed\u00e9vi j\u00f6vedelemkimutat\u00e1s<\/a><\/p>\n<p><a href=\"https:\/\/www.kvzrt.hu\/wp-content\/uploads\/2022\/08\/2022_2_n_Kobanyai_Vagyonkezelo_Zrt.pdf\">2022. II. negyed\u00e9vi j\u00f6vedelemkimutat\u00e1s<\/a><\/p>\n<p><a href=\"https:\/\/www.kvzrt.hu\/wp-content\/uploads\/2022\/04\/2022.01..pdf\" target=\"_blank\" rel=\"noopener\">2022. I. negyed\u00e9vi j\u00f6vedelemkimutat\u00e1s<\/a><\/p>\n<p><a href=\"https:\/\/www.kvzrt.hu\/wp-content\/uploads\/2021\/06\/2021-01-kvk.pdf\" target=\"_blank\" rel=\"noopener\">2021. I. negyed\u00e9vei j\u00f6vedelemkimutat\u00e1s<\/a><\/p>\n<p><a href=\"https:\/\/www.kvzrt.hu\/wp-content\/uploads\/2021\/07\/2021-02-kvk.pdf\" target=\"_blank\" rel=\"noopener\">2021. II. negyed\u00e9vei j\u00f6vedelemkimutat\u00e1s<\/a><\/p>\n<p><a href=\"https:\/\/www.kvzrt.hu\/wp-content\/uploads\/2021\/10\/2021_3_n_Kobanyai_Vagyonkezelo_Zrt.pdf\" target=\"_blank\" rel=\"noopener\">2021. III. negyed\u00e9vi j\u00f6vedelemkimutat\u00e1s<\/a><\/p>\n<p><a href=\"https:\/\/www.kvzrt.hu\/wp-content\/uploads\/2022\/01\/2021_4_n_Kobanyai_Vagyonkezelo_Zrt.pdf\" target=\"_blank\" rel=\"noopener\">2021. IV. negyed\u00e9vi j\u00f6vedelemkimutat\u00e1s<\/a><\/p>\n<hr \/>\n<p><a href=\"https:\/\/www.kvzrt.hu\/wp-content\/uploads\/2021\/03\/2020.-\u00e9ves-adatok-K\u0151b\u00e1nyai-Vagyonkezel\u0151-Zrt.pdf\" target=\"_blank\" rel=\"noopener\">2020. \u00e9vi \u00f6sszes\u00edtett j\u00f6vedelemkimutat\u00e1s<\/a><\/p>\n<p><a href=\"https:\/\/www.kvzrt.hu\/wp-content\/uploads\/2021\/03\/2020.-IV..pdf\" target=\"_blank\" rel=\"noopener\">2020. IV. negyed\u00e9vi j\u00f6vedelemkimutat\u00e1s<\/a><\/p>\n<p><a href=\"https:\/\/www.kvzrt.hu\/wp-content\/uploads\/2020\/10\/2020-03.pdf\" target=\"_blank\" rel=\"noopener\">2020. III. negyed\u00e9vi j\u00f6vedelemkimutat\u00e1s<\/a><\/p>\n<p><a href=\"https:\/\/www.kvzrt.hu\/wp-content\/uploads\/2020\/08\/2020-02.kvk_.pdf\" target=\"_blank\" rel=\"noopener\">2020. II. negyed\u00e9vi j\u00f6vedelemkimutat\u00e1s<\/a><\/p>\n<p><a href=\"https:\/\/www.kvzrt.hu\/wp-content\/uploads\/2020\/05\/K\u0151b\u00e1nyai-Vagyonkezel\u0151-Zrt-2020.-I.-negyed\u00e9v.pdf\" target=\"_blank\" rel=\"noopener\">2020. I. negyed\u00e9vi j\u00f6vedelemkimutat\u00e1s<\/a><\/p>\n<hr \/>\n<p><a href=\"https:\/\/www.kvzrt.hu\/wp-content\/uploads\/2020\/05\/K\u0151b\u00e1nyai-Vagyonkezel\u0151-Zrt-2019-\u00e9v.pdf\" target=\"_blank\" rel=\"noopener\">2019. \u00e9vi \u00f6sszes\u00edtett j\u00f6vedelemkimutat\u00e1s<\/a><\/p>\n<p><a href=\"http:\/\/www.kvzrt.hu\/wp-content\/uploads\/2020\/03\/2019.IV_.pdf\" target=\"_blank\" rel=\"noopener\">2019. IV. negyed\u00e9vi j\u00f6vedelemkimutat\u00e1s<\/a><\/p>\n<p><a href=\"http:\/\/www.kvzrt.hu\/wp-content\/uploads\/2020\/03\/2019.III_.pdf\" target=\"_blank\" rel=\"noopener\">2019. III. negyed\u00e9vi j\u00f6vedelemkimutat\u00e1s<\/a><\/p>\n<p><a href=\"http:\/\/www.kvzrt.hu\/wp-content\/uploads\/2020\/03\/2019.II_.pdf\" target=\"_blank\" rel=\"noopener\">2019. II. negyed\u00e9vi j\u00f6vedelemkimutat\u00e1s<\/a><\/p>\n<p><a href=\"http:\/\/www.kvzrt.hu\/wp-content\/uploads\/2019\/04\/2019.I.-negyed\u00e9v-j\u00f6vedelmi-adatok.pdf\" target=\"_blank\" rel=\"noopener\">2019. I. negyed\u00e9vi j\u00f6vedelemkimutat\u00e1s<\/a><\/p>\n<hr \/>\n<p><a href=\"http:\/\/www.kvzrt.hu\/wp-content\/uploads\/2019\/06\/2018.jav_.pdf\">2018. \u00e9vi \u00f6sszes\u00edtett j\u00f6vedelemkimutat\u00e1s<\/a><\/p>\n<p><a href=\"http:\/\/www.kvzrt.hu\/wp-content\/uploads\/2019\/04\/j\u00f6vedelem2018.IV_.pdf\">2018. IV. negyed\u00e9vi j\u00f6vedelemkimutat\u00e1s<\/a><\/p>\n<p><a href=\"http:\/\/www.kvzrt.hu\/wp-content\/uploads\/2018\/10\/2018.3.n\u00e9v.pdf\">2018. III. negyed\u00e9vi j\u00f6vedelemkimutat\u00e1s<\/a><\/p>\n<p><a href=\"http:\/\/www.kvzrt.hu\/wp-content\/uploads\/2018\/08\/2018.II_.pdf\">2018. II. negyed\u00e9vi j\u00f6vedelemkimutat\u00e1s<\/a><\/p>\n<p><a href=\"http:\/\/www.kvzrt.hu\/wp-content\/uploads\/2018\/06\/2018.-I.-negyed\u00e9v-j\u00f6vedelem-kimutat\u00e1s.pdf\">2018. I. negyed\u00e9vi j\u00f6vedelemkimutat\u00e1s<\/a><\/p>\n<hr \/>\n<p><a href=\"http:\/\/www.kvzrt.hu\/wp-content\/uploads\/2018\/06\/2017.-\u00e9v-J\u00f6vedelem-kimutat\u00e1s.pdf\">2017. \u00e9vi j\u00f6vedelemkimutat\u00e1s<\/a><\/p>\n<hr \/>\n<p><a href=\"http:\/\/www.kvzrt.hu\/wp-content\/uploads\/2018\/06\/2016.-\u00e9v-J\u00f6vedelem-kimutat\u00e1s-.pdf\">2016. \u00e9vi j\u00f6vedelemkimutat\u00e1s<\/a><\/p>\n<hr \/>\n<p><a href=\"http:\/\/www.kvzrt.hu\/wp-content\/uploads\/2018\/06\/2015.-\u00e9v-J\u00f6vedelem-kimutat\u00e1s.pdf\">2015. \u00e9vi j\u00f6vedelemkimutat\u00e1s<\/a><\/p>\n<hr \/>\n<p><a href=\"http:\/\/www.kvzrt.hu\/wp-content\/uploads\/2018\/06\/2014.-\u00e9v-J\u00f6vedelem-kimutat\u00e1s.pdf\">2014. \u00e9vi j\u00f6vedelemkimutat\u00e1s<\/a><\/p>\n<hr \/>\n<p><a href=\"http:\/\/www.kvzrt.hu\/wp-content\/uploads\/2018\/06\/2013.-\u00e9v-J\u00f6vedelem-kimutat\u00e1s.pdf\">2013. \u00e9vi j\u00f6vedelemkimutat\u00e1s<\/a><\/p>\n\n\n<p><\/p>\n","protected":false},"excerpt":{"rendered":"<p>2026. I. negyed\u00e9vi j\u00f6vedelemkimutat\u00e1s (felt\u00f6ltve: 2026.04.10.) 2025. IV. negyed\u00e9vi j\u00f6vedelemkimutat\u00e1s (felt\u00f6ltve: 2026.01.07.) 2025. III. negyed\u00e9vi j\u00f6vedelemkimutat\u00e1s (felt\u00f6ltve: 2025.10.20.) 2025. II. negyed\u00e9vi j\u00f6vedelemkimutat\u00e1s (felt\u00f6ltve: 2025.07.18.) 2025. I. negyed\u00e9vi j\u00f6vedelemkimutat\u00e1s (felt\u00f6ltve: 2025.04.07.) 2024. IV. negyed\u00e9vi j\u00f6vedelemkimutat\u00e1s (felt\u00f6ltve: 2025.01.13.) 2024. III. negyed\u00e9vi j\u00f6vedelemkimutat\u00e1s (felt\u00f6ltve: 2024.10.07.) 2024. II. negyed\u00e9vi j\u00f6vedelemkimutat\u00e1s (felt\u00f6ltve: 2024.07.05.) 2024. I. negyed\u00e9vi j\u00f6vedelemkimutat\u00e1s (felt\u00f6ltve: 2024.04.09.) 2023. [&hellip;]<\/p>\n","protected":false},"author":3,"featured_media":0,"parent":56,"menu_order":0,"comment_status":"closed","ping_status":"closed","template":"","meta":{"_monsterinsights_skip_tracking":false,"_monsterinsights_sitenote_active":false,"_monsterinsights_sitenote_note":"","_monsterinsights_sitenote_category":0,"footnotes":""},"class_list":["post-1433","page","type-page","status-publish","hentry"],"_links":{"self":[{"href":"https:\/\/www.kvzrt.hu\/index.php?rest_route=\/wp\/v2\/pages\/1433","targetHints":{"allow":["GET"]}}],"collection":[{"href":"https:\/\/www.kvzrt.hu\/index.php?rest_route=\/wp\/v2\/pages"}],"about":[{"href":"https:\/\/www.kvzrt.hu\/index.php?rest_route=\/wp\/v2\/types\/page"}],"author":[{"embeddable":true,"href":"https:\/\/www.kvzrt.hu\/index.php?rest_route=\/wp\/v2\/users\/3"}],"replies":[{"embeddable":true,"href":"https:\/\/www.kvzrt.hu\/index.php?rest_route=%2Fwp%2Fv2%2Fcomments&post=1433"}],"version-history":[{"count":36,"href":"https:\/\/www.kvzrt.hu\/index.php?rest_route=\/wp\/v2\/pages\/1433\/revisions"}],"predecessor-version":[{"id":3138,"href":"https:\/\/www.kvzrt.hu\/index.php?rest_route=\/wp\/v2\/pages\/1433\/revisions\/3138"}],"up":[{"embeddable":true,"href":"https:\/\/www.kvzrt.hu\/index.php?rest_route=\/wp\/v2\/pages\/56"}],"wp:attachment":[{"href":"https:\/\/www.kvzrt.hu\/index.php?rest_route=%2Fwp%2Fv2%2Fmedia&parent=1433"}],"curies":[{"name":"wp","href":"https:\/\/api.w.org\/{rel}","templated":true}]}}