{"id":1425,"date":"2018-06-18T16:18:21","date_gmt":"2018-06-18T15:18:21","guid":{"rendered":"http:\/\/www.kvzrt.hu\/?page_id=1425"},"modified":"2018-06-18T16:21:10","modified_gmt":"2018-06-18T15:21:10","slug":"lakasfelujitasok-iv-utem","status":"publish","type":"page","link":"https:\/\/www.kvzrt.hu\/?page_id=1425","title":{"rendered":"Lak\u00e1sfel\u00faj\u00edt\u00e1sok IV. \u00fctem"},"content":{"rendered":"<p><a href=\"http:\/\/www.kvzrt.hu\/wp-content\/uploads\/2018\/06\/KBVK_Lak\u00e1sok-fel\u00faj\u00edt\u00e1sa-IV_Kivitelez\u00e9s_AF_ver2.0_EKR-kik\u00fcld\u00e9s.pdf\">KBVK_Lak\u00e1sok fel\u00faj\u00edt\u00e1sa IV_Kivitelez\u00e9s_AF_ver2.0_EKR kik\u00fcld\u00e9s<\/a><\/p>\n<p><a href=\"http:\/\/www.kvzrt.hu\/wp-content\/uploads\/2018\/06\/KBVK_Lak\u00e1sok-fel\u00faj\u00edt\u00e1sa-IV_Kivitelez\u00e9s_AD_ver2.0.pdf\">KBVK_Lak\u00e1sok fel\u00faj\u00edt\u00e1sa IV_Kivitelez\u00e9s_AD_ver2.0<\/a><\/p>\n<p><a href=\"http:\/\/www.kvzrt.hu\/wp-content\/uploads\/2018\/06\/KBVK_Lak\u00e1sok-fel\u00faj\u00edt\u00e1sa-IV_Kivitelez\u00e9s_Szerz\u0151d\u00e9stervezet_ver2.0.pdf\">KBVK_Lak\u00e1sok fel\u00faj\u00edt\u00e1sa IV_Kivitelez\u00e9s_Szerz\u0151d\u00e9stervezet_ver2.0<\/a><\/p>\n","protected":false},"excerpt":{"rendered":"<p>KBVK_Lak\u00e1sok fel\u00faj\u00edt\u00e1sa IV_Kivitelez\u00e9s_AF_ver2.0_EKR kik\u00fcld\u00e9s KBVK_Lak\u00e1sok fel\u00faj\u00edt\u00e1sa IV_Kivitelez\u00e9s_AD_ver2.0 KBVK_Lak\u00e1sok fel\u00faj\u00edt\u00e1sa IV_Kivitelez\u00e9s_Szerz\u0151d\u00e9stervezet_ver2.0<\/p>\n","protected":false},"author":2,"featured_media":0,"parent":1199,"menu_order":0,"comment_status":"closed","ping_status":"closed","template":"","meta":{"_monsterinsights_skip_tracking":false,"_monsterinsights_sitenote_active":false,"_monsterinsights_sitenote_note":"","_monsterinsights_sitenote_category":0,"footnotes":""},"class_list":["post-1425","page","type-page","status-publish","hentry"],"_links":{"self":[{"href":"https:\/\/www.kvzrt.hu\/index.php?rest_route=\/wp\/v2\/pages\/1425","targetHints":{"allow":["GET"]}}],"collection":[{"href":"https:\/\/www.kvzrt.hu\/index.php?rest_route=\/wp\/v2\/pages"}],"about":[{"href":"https:\/\/www.kvzrt.hu\/index.php?rest_route=\/wp\/v2\/types\/page"}],"author":[{"embeddable":true,"href":"https:\/\/www.kvzrt.hu\/index.php?rest_route=\/wp\/v2\/users\/2"}],"replies":[{"embeddable":true,"href":"https:\/\/www.kvzrt.hu\/index.php?rest_route=%2Fwp%2Fv2%2Fcomments&post=1425"}],"version-history":[{"count":2,"href":"https:\/\/www.kvzrt.hu\/index.php?rest_route=\/wp\/v2\/pages\/1425\/revisions"}],"predecessor-version":[{"id":1430,"href":"https:\/\/www.kvzrt.hu\/index.php?rest_route=\/wp\/v2\/pages\/1425\/revisions\/1430"}],"up":[{"embeddable":true,"href":"https:\/\/www.kvzrt.hu\/index.php?rest_route=\/wp\/v2\/pages\/1199"}],"wp:attachment":[{"href":"https:\/\/www.kvzrt.hu\/index.php?rest_route=%2Fwp%2Fv2%2Fmedia&parent=1425"}],"curies":[{"name":"wp","href":"https:\/\/api.w.org\/{rel}","templated":true}]}}