{"id":1397,"date":"2018-06-11T16:05:42","date_gmt":"2018-06-11T15:05:42","guid":{"rendered":"http:\/\/www.kvzrt.hu\/?page_id=1397"},"modified":"2018-06-11T16:15:16","modified_gmt":"2018-06-11T15:15:16","slug":"liget-ter-kornyezetrendezes","status":"publish","type":"page","link":"https:\/\/www.kvzrt.hu\/?page_id=1397","title":{"rendered":"Liget t\u00e9r k\u00f6rnyezetrendez\u00e9s"},"content":{"rendered":"<p><a href=\"http:\/\/www.kvzrt.hu\/wp-content\/uploads\/2018\/06\/AF_Liget-t\u00e9ri-szolg\u00e1ltat\u00f3h\u00e1z_K\u00f6rnyezetrendez\u00e9s_180525.pdf\">AF_Liget t\u00e9ri szolg\u00e1ltat\u00f3h\u00e1z_K\u00f6rnyezetrendez\u00e9s_180525<\/a><\/p>\n<p><a href=\"http:\/\/www.kvzrt.hu\/wp-content\/uploads\/2018\/06\/Aj\u00e1nlatt\u00e9telre-felk\u00e9rt-gazdas\u00e1gi-szerepl\u0151k.pdf\">Aj\u00e1nlatt\u00e9telre felk\u00e9rt gazdas\u00e1gi szerepl\u0151k<\/a><\/p>\n<p><a href=\"http:\/\/www.kvzrt.hu\/wp-content\/uploads\/2018\/06\/bontasi_jegyzokonyv_EKR000157502018.pdf\">bontasi_jegyzokonyv_EKR000157502018<\/a><\/p>\n<p><a href=\"http:\/\/www.kvzrt.hu\/wp-content\/uploads\/2018\/06\/K\u00f6zbeszerz\u00e9si_dokumentumok_K\u00f6rnyezetrendez\u00e9s1.pdf\">K\u00f6zbeszerz\u00e9si_dokumentumok_K\u00f6rnyezetrendez\u00e9s[1]<\/a><\/p>\n<p><a href=\"http:\/\/www.kvzrt.hu\/wp-content\/uploads\/2018\/06\/Szerz\u0151d\u00e9stervezet_Liget_t\u00e9ri_K\u00f6rnyezetrendez\u00e9s1.pdf\">Szerz\u0151d\u00e9stervezet_Liget_t\u00e9ri_K\u00f6rnyezetrendez\u00e9s[1]<\/a><\/p>\n<p><a href=\"http:\/\/www.kvzrt.hu\/wp-content\/uploads\/2018\/06\/BENY\u00daJTAND\u00d3_IGAZOL\u00c1SOK_JEGYZ\u00c9KE1.pdf\">BENY\u00daJTAND\u00d3_IGAZOL\u00c1SOK_JEGYZ\u00c9KE[1]<\/a><\/p>\n<p>&nbsp;<\/p>\n","protected":false},"excerpt":{"rendered":"<p>AF_Liget t\u00e9ri szolg\u00e1ltat\u00f3h\u00e1z_K\u00f6rnyezetrendez\u00e9s_180525 Aj\u00e1nlatt\u00e9telre felk\u00e9rt gazdas\u00e1gi szerepl\u0151k bontasi_jegyzokonyv_EKR000157502018 K\u00f6zbeszerz\u00e9si_dokumentumok_K\u00f6rnyezetrendez\u00e9s[1] Szerz\u0151d\u00e9stervezet_Liget_t\u00e9ri_K\u00f6rnyezetrendez\u00e9s[1] BENY\u00daJTAND\u00d3_IGAZOL\u00c1SOK_JEGYZ\u00c9KE[1] &nbsp;<\/p>\n","protected":false},"author":2,"featured_media":0,"parent":1199,"menu_order":0,"comment_status":"closed","ping_status":"closed","template":"","meta":{"_monsterinsights_skip_tracking":false,"_monsterinsights_sitenote_active":false,"_monsterinsights_sitenote_note":"","_monsterinsights_sitenote_category":0,"footnotes":""},"class_list":["post-1397","page","type-page","status-publish","hentry"],"_links":{"self":[{"href":"https:\/\/www.kvzrt.hu\/index.php?rest_route=\/wp\/v2\/pages\/1397","targetHints":{"allow":["GET"]}}],"collection":[{"href":"https:\/\/www.kvzrt.hu\/index.php?rest_route=\/wp\/v2\/pages"}],"about":[{"href":"https:\/\/www.kvzrt.hu\/index.php?rest_route=\/wp\/v2\/types\/page"}],"author":[{"embeddable":true,"href":"https:\/\/www.kvzrt.hu\/index.php?rest_route=\/wp\/v2\/users\/2"}],"replies":[{"embeddable":true,"href":"https:\/\/www.kvzrt.hu\/index.php?rest_route=%2Fwp%2Fv2%2Fcomments&post=1397"}],"version-history":[{"count":4,"href":"https:\/\/www.kvzrt.hu\/index.php?rest_route=\/wp\/v2\/pages\/1397\/revisions"}],"predecessor-version":[{"id":1407,"href":"https:\/\/www.kvzrt.hu\/index.php?rest_route=\/wp\/v2\/pages\/1397\/revisions\/1407"}],"up":[{"embeddable":true,"href":"https:\/\/www.kvzrt.hu\/index.php?rest_route=\/wp\/v2\/pages\/1199"}],"wp:attachment":[{"href":"https:\/\/www.kvzrt.hu\/index.php?rest_route=%2Fwp%2Fv2%2Fmedia&parent=1397"}],"curies":[{"name":"wp","href":"https:\/\/api.w.org\/{rel}","templated":true}]}}