{"id":1385,"date":"2018-06-04T14:16:31","date_gmt":"2018-06-04T13:16:31","guid":{"rendered":"http:\/\/www.kvzrt.hu\/?page_id=1385"},"modified":"2018-06-04T14:20:13","modified_gmt":"2018-06-04T13:20:13","slug":"kapolna-utca-felujitasa","status":"publish","type":"page","link":"https:\/\/www.kvzrt.hu\/?page_id=1385","title":{"rendered":"K\u00e1polna utca fel\u00faj\u00edt\u00e1sa"},"content":{"rendered":"<p><a href=\"http:\/\/www.kvzrt.hu\/wp-content\/uploads\/2018\/06\/KBVK_K\u00e1polna-utca_Kivitelez\u00e9s_AF_ver2.0_EKR.pdf\">KBVK_K\u00e1polna utca_Kivitelez\u00e9s_AF_ver2.0_EKR<\/a><\/p>\n<p><a href=\"http:\/\/www.kvzrt.hu\/wp-content\/uploads\/2018\/06\/KBVK_K\u00e1polna-utca_Kivitelez\u00e9s_AD_ver2.01.pdf\">KBVK_K\u00e1polna utca_Kivitelez\u00e9s_AD_ver2.0(1)<\/a><\/p>\n<p><a href=\"http:\/\/www.kvzrt.hu\/wp-content\/uploads\/2018\/06\/KBVK_K\u00e1polna-utca_Kivitelez\u00e9s_Szerz\u0151d\u00e9stervezet_ver1.0.pdf\">KBVK_K\u00e1polna utca_Kivitelez\u00e9s_Szerz\u0151d\u00e9stervezet_ver1.0<\/a><\/p>\n","protected":false},"excerpt":{"rendered":"<p>KBVK_K\u00e1polna utca_Kivitelez\u00e9s_AF_ver2.0_EKR KBVK_K\u00e1polna utca_Kivitelez\u00e9s_AD_ver2.0(1) KBVK_K\u00e1polna utca_Kivitelez\u00e9s_Szerz\u0151d\u00e9stervezet_ver1.0<\/p>\n","protected":false},"author":2,"featured_media":0,"parent":1199,"menu_order":0,"comment_status":"closed","ping_status":"closed","template":"","meta":{"_monsterinsights_skip_tracking":false,"_monsterinsights_sitenote_active":false,"_monsterinsights_sitenote_note":"","_monsterinsights_sitenote_category":0,"footnotes":""},"class_list":["post-1385","page","type-page","status-publish","hentry"],"_links":{"self":[{"href":"https:\/\/www.kvzrt.hu\/index.php?rest_route=\/wp\/v2\/pages\/1385","targetHints":{"allow":["GET"]}}],"collection":[{"href":"https:\/\/www.kvzrt.hu\/index.php?rest_route=\/wp\/v2\/pages"}],"about":[{"href":"https:\/\/www.kvzrt.hu\/index.php?rest_route=\/wp\/v2\/types\/page"}],"author":[{"embeddable":true,"href":"https:\/\/www.kvzrt.hu\/index.php?rest_route=\/wp\/v2\/users\/2"}],"replies":[{"embeddable":true,"href":"https:\/\/www.kvzrt.hu\/index.php?rest_route=%2Fwp%2Fv2%2Fcomments&post=1385"}],"version-history":[{"count":3,"href":"https:\/\/www.kvzrt.hu\/index.php?rest_route=\/wp\/v2\/pages\/1385\/revisions"}],"predecessor-version":[{"id":1391,"href":"https:\/\/www.kvzrt.hu\/index.php?rest_route=\/wp\/v2\/pages\/1385\/revisions\/1391"}],"up":[{"embeddable":true,"href":"https:\/\/www.kvzrt.hu\/index.php?rest_route=\/wp\/v2\/pages\/1199"}],"wp:attachment":[{"href":"https:\/\/www.kvzrt.hu\/index.php?rest_route=%2Fwp%2Fv2%2Fmedia&parent=1385"}],"curies":[{"name":"wp","href":"https:\/\/api.w.org\/{rel}","templated":true}]}}