{"id":1378,"date":"2018-06-04T14:08:45","date_gmt":"2018-06-04T13:08:45","guid":{"rendered":"http:\/\/www.kvzrt.hu\/?page_id=1378"},"modified":"2018-06-04T14:14:05","modified_gmt":"2018-06-04T13:14:05","slug":"gyakorlo-utca-rekonstrukcio","status":"publish","type":"page","link":"https:\/\/www.kvzrt.hu\/?page_id=1378","title":{"rendered":"Gyakorl\u00f3 utca rekonstrukci\u00f3"},"content":{"rendered":"<p><a href=\"http:\/\/www.kvzrt.hu\/wp-content\/uploads\/2018\/06\/Aj\u00e1nlatt\u00e9teli-felh\u00edv\u00e1s-megk\u00fcld\u00e9se_Gyakorl\u00f3-utca-k\u00f6zter\u00fclet-rekonstrukci\u00f3s-munk\u00e1i_180413.pdf\">Aj\u00e1nlatt\u00e9teli felh\u00edv\u00e1s megk\u00fcld\u00e9se_Gyakorl\u00f3 utca k\u00f6zter\u00fclet rekonstrukci\u00f3s munk\u00e1i_180413<\/a><\/p>\n<p><a href=\"http:\/\/www.kvzrt.hu\/wp-content\/uploads\/2018\/06\/KD_Gyakorl\u00f3-utca-k\u00f6ter\u00fcleti-rekonstrukci\u00f3s-munk\u00e1i.pdf\">KD_Gyakorl\u00f3 utca k\u00f6ter\u00fcleti rekonstrukci\u00f3s munk\u00e1i<\/a><\/p>\n<p><a href=\"http:\/\/www.kvzrt.hu\/wp-content\/uploads\/2018\/06\/Bont\u00e1si-jegyz\u0151k\u00f6nyv-megk\u00fcld\u00e9se_Gyakorl\u00f3-utca_180504.pdf\">Bont\u00e1si jegyz\u0151k\u00f6nyv megk\u00fcld\u00e9se_Gyakorl\u00f3 utca_180504<\/a><\/p>\n<p><a href=\"http:\/\/www.kvzrt.hu\/wp-content\/uploads\/2018\/06\/Aj\u00e1nlatt\u00e9telre-felk\u00e9rt-gazdas\u00e1gi-szerepl\u0151k_Gyakorl\u00f3-utca-k\u00f6zter\u00fclet-rekonstrukci\u00f3.pdf\">Aj\u00e1nlatt\u00e9telre felk\u00e9rt gazdas\u00e1gi szerepl\u0151k_Gyakorl\u00f3 utca k\u00f6zter\u00fclet rekonstrukci\u00f3<\/a><\/p>\n","protected":false},"excerpt":{"rendered":"<p>Aj\u00e1nlatt\u00e9teli felh\u00edv\u00e1s megk\u00fcld\u00e9se_Gyakorl\u00f3 utca k\u00f6zter\u00fclet rekonstrukci\u00f3s munk\u00e1i_180413 KD_Gyakorl\u00f3 utca k\u00f6ter\u00fcleti rekonstrukci\u00f3s munk\u00e1i Bont\u00e1si jegyz\u0151k\u00f6nyv megk\u00fcld\u00e9se_Gyakorl\u00f3 utca_180504 Aj\u00e1nlatt\u00e9telre felk\u00e9rt gazdas\u00e1gi szerepl\u0151k_Gyakorl\u00f3 utca k\u00f6zter\u00fclet rekonstrukci\u00f3<\/p>\n","protected":false},"author":2,"featured_media":0,"parent":1199,"menu_order":0,"comment_status":"closed","ping_status":"closed","template":"","meta":{"_monsterinsights_skip_tracking":false,"_monsterinsights_sitenote_active":false,"_monsterinsights_sitenote_note":"","_monsterinsights_sitenote_category":0,"footnotes":""},"class_list":["post-1378","page","type-page","status-publish","hentry"],"_links":{"self":[{"href":"https:\/\/www.kvzrt.hu\/index.php?rest_route=\/wp\/v2\/pages\/1378","targetHints":{"allow":["GET"]}}],"collection":[{"href":"https:\/\/www.kvzrt.hu\/index.php?rest_route=\/wp\/v2\/pages"}],"about":[{"href":"https:\/\/www.kvzrt.hu\/index.php?rest_route=\/wp\/v2\/types\/page"}],"author":[{"embeddable":true,"href":"https:\/\/www.kvzrt.hu\/index.php?rest_route=\/wp\/v2\/users\/2"}],"replies":[{"embeddable":true,"href":"https:\/\/www.kvzrt.hu\/index.php?rest_route=%2Fwp%2Fv2%2Fcomments&post=1378"}],"version-history":[{"count":2,"href":"https:\/\/www.kvzrt.hu\/index.php?rest_route=\/wp\/v2\/pages\/1378\/revisions"}],"predecessor-version":[{"id":1384,"href":"https:\/\/www.kvzrt.hu\/index.php?rest_route=\/wp\/v2\/pages\/1378\/revisions\/1384"}],"up":[{"embeddable":true,"href":"https:\/\/www.kvzrt.hu\/index.php?rest_route=\/wp\/v2\/pages\/1199"}],"wp:attachment":[{"href":"https:\/\/www.kvzrt.hu\/index.php?rest_route=%2Fwp%2Fv2%2Fmedia&parent=1378"}],"curies":[{"name":"wp","href":"https:\/\/api.w.org\/{rel}","templated":true}]}}