{"id":1369,"date":"2018-06-04T13:55:37","date_gmt":"2018-06-04T12:55:37","guid":{"rendered":"http:\/\/www.kvzrt.hu\/?page_id=1369"},"modified":"2018-06-04T14:06:47","modified_gmt":"2018-06-04T13:06:47","slug":"kobanya-kertvaros-forgalomtechnika","status":"publish","type":"page","link":"https:\/\/www.kvzrt.hu\/?page_id=1369","title":{"rendered":"K\u0151b\u00e1nya kertv\u00e1ros forgalomtechnika"},"content":{"rendered":"<p><a href=\"http:\/\/www.kvzrt.hu\/wp-content\/uploads\/2018\/06\/Aj\u00e1nlatt\u00e9teli-felh\u00edv\u00e1s-megk\u00fcld\u00e9se_K\u0151b\u00e1nya-Kertv\u00e1ros-forgalomtechnika_180413.pdf\">Aj\u00e1nlatt\u00e9teli felh\u00edv\u00e1s megk\u00fcld\u00e9se_K\u0151b\u00e1nya Kertv\u00e1ros forgalomtechnika_180413<\/a><\/p>\n<p><a href=\"http:\/\/www.kvzrt.hu\/wp-content\/uploads\/2018\/06\/KD_K\u0151b\u00e1nyai-kertv\u00e1ros-forgalomtechnika-v\u00e9gleges.pdf\">KD_K\u0151b\u00e1nyai kertv\u00e1ros forgalomtechnika v\u00e9gleges<\/a><\/p>\n<p><a href=\"http:\/\/www.kvzrt.hu\/wp-content\/uploads\/2018\/06\/Bont\u00e1si-jkv-megk\u00fcld\u00e9se_K\u0151b\u00e1nya-kertv\u00e1ros-forgalomtechnika_180510.pdf\">Bont\u00e1si jkv megk\u00fcld\u00e9se_K\u0151b\u00e1nya kertv\u00e1ros forgalomtechnika_180510<\/a><\/p>\n<p><a href=\"http:\/\/www.kvzrt.hu\/wp-content\/uploads\/2018\/06\/Aj\u00e1nlatt\u00e9telre-felk\u00e9rt-gazdas\u00e1gi-szerepl\u0151k_K\u0151b\u00e1nya-kertv\u00e1ros-forgalomtechnika.pdf\">Aj\u00e1nlatt\u00e9telre felk\u00e9rt gazdas\u00e1gi szerepl\u0151k_K\u0151b\u00e1nya kertv\u00e1ros forgalomtechnika<\/a><\/p>\n<p>&nbsp;<\/p>\n<p>&nbsp;<\/p>\n","protected":false},"excerpt":{"rendered":"<p>Aj\u00e1nlatt\u00e9teli felh\u00edv\u00e1s megk\u00fcld\u00e9se_K\u0151b\u00e1nya Kertv\u00e1ros forgalomtechnika_180413 KD_K\u0151b\u00e1nyai kertv\u00e1ros forgalomtechnika v\u00e9gleges Bont\u00e1si jkv megk\u00fcld\u00e9se_K\u0151b\u00e1nya kertv\u00e1ros forgalomtechnika_180510 Aj\u00e1nlatt\u00e9telre felk\u00e9rt gazdas\u00e1gi szerepl\u0151k_K\u0151b\u00e1nya kertv\u00e1ros forgalomtechnika &nbsp; &nbsp;<\/p>\n","protected":false},"author":2,"featured_media":0,"parent":1199,"menu_order":0,"comment_status":"closed","ping_status":"closed","template":"","meta":{"_monsterinsights_skip_tracking":false,"_monsterinsights_sitenote_active":false,"_monsterinsights_sitenote_note":"","_monsterinsights_sitenote_category":0,"footnotes":""},"class_list":["post-1369","page","type-page","status-publish","hentry"],"_links":{"self":[{"href":"https:\/\/www.kvzrt.hu\/index.php?rest_route=\/wp\/v2\/pages\/1369","targetHints":{"allow":["GET"]}}],"collection":[{"href":"https:\/\/www.kvzrt.hu\/index.php?rest_route=\/wp\/v2\/pages"}],"about":[{"href":"https:\/\/www.kvzrt.hu\/index.php?rest_route=\/wp\/v2\/types\/page"}],"author":[{"embeddable":true,"href":"https:\/\/www.kvzrt.hu\/index.php?rest_route=\/wp\/v2\/users\/2"}],"replies":[{"embeddable":true,"href":"https:\/\/www.kvzrt.hu\/index.php?rest_route=%2Fwp%2Fv2%2Fcomments&post=1369"}],"version-history":[{"count":4,"href":"https:\/\/www.kvzrt.hu\/index.php?rest_route=\/wp\/v2\/pages\/1369\/revisions"}],"predecessor-version":[{"id":1377,"href":"https:\/\/www.kvzrt.hu\/index.php?rest_route=\/wp\/v2\/pages\/1369\/revisions\/1377"}],"up":[{"embeddable":true,"href":"https:\/\/www.kvzrt.hu\/index.php?rest_route=\/wp\/v2\/pages\/1199"}],"wp:attachment":[{"href":"https:\/\/www.kvzrt.hu\/index.php?rest_route=%2Fwp%2Fv2%2Fmedia&parent=1369"}],"curies":[{"name":"wp","href":"https:\/\/api.w.org\/{rel}","templated":true}]}}