{"id":1359,"date":"2018-06-04T13:24:37","date_gmt":"2018-06-04T12:24:37","guid":{"rendered":"http:\/\/www.kvzrt.hu\/?page_id=1359"},"modified":"2018-06-04T13:50:20","modified_gmt":"2018-06-04T12:50:20","slug":"lakasfelujitasok-ii-utem","status":"publish","type":"page","link":"https:\/\/www.kvzrt.hu\/?page_id=1359","title":{"rendered":"Lak\u00e1sfel\u00faj\u00edt\u00e1sok II. \u00fctem"},"content":{"rendered":"<p><a href=\"http:\/\/www.kvzrt.hu\/wp-content\/uploads\/2018\/06\/Aj\u00e1nlatt\u00e9teli-felh\u00edv\u00e1s-megk\u00fcld\u00e9se_Lak\u00e1sfel\u00faj\u00edt\u00e1sok-II.-\u00fctem_180413.pdf\">Aj\u00e1nlatt\u00e9teli felh\u00edv\u00e1s megk\u00fcld\u00e9se_Lak\u00e1sfel\u00faj\u00edt\u00e1sok II. \u00fctem_180413<\/a><\/p>\n<p><a href=\"http:\/\/www.kvzrt.hu\/wp-content\/uploads\/2018\/06\/K\u00f6zbeszerz\u00e9si-dokumentum_Lak\u00e1sok-fel\u00faj\u00edt\u00e1sa_II_\u00fctem_180413.pdf\">K\u00f6zbeszerz\u00e9si dokumentum_Lak\u00e1sok fel\u00faj\u00edt\u00e1sa_II_\u00fctem_180413<\/a><\/p>\n<p><a href=\"http:\/\/www.kvzrt.hu\/wp-content\/uploads\/2018\/06\/Bont\u00e1si-jegyz\u0151k\u00f6nyv-megk\u00fcld\u00e9se_Lak\u00e1sok-II-\u00fctem_180502.pdf\">Bont\u00e1si jegyz\u0151k\u00f6nyv megk\u00fcld\u00e9se_Lak\u00e1sok II \u00fctem_180502<\/a><\/p>\n<p><a href=\"http:\/\/www.kvzrt.hu\/wp-content\/uploads\/2018\/06\/Aj\u00e1nlatt\u00e9telre-felk\u00e9rt-gazdas\u00e1gi-szerepl\u0151k_lak\u00e1sok-II.-\u00fctem.pdf\">Aj\u00e1nlatt\u00e9telre felk\u00e9rt gazdas\u00e1gi szerepl\u0151k_lak\u00e1sok II. \u00fctem<\/a><\/p>\n<p>&nbsp;<\/p>\n","protected":false},"excerpt":{"rendered":"<p>Aj\u00e1nlatt\u00e9teli felh\u00edv\u00e1s megk\u00fcld\u00e9se_Lak\u00e1sfel\u00faj\u00edt\u00e1sok II. \u00fctem_180413 K\u00f6zbeszerz\u00e9si dokumentum_Lak\u00e1sok fel\u00faj\u00edt\u00e1sa_II_\u00fctem_180413 Bont\u00e1si jegyz\u0151k\u00f6nyv megk\u00fcld\u00e9se_Lak\u00e1sok II \u00fctem_180502 Aj\u00e1nlatt\u00e9telre felk\u00e9rt gazdas\u00e1gi szerepl\u0151k_lak\u00e1sok II. \u00fctem &nbsp;<\/p>\n","protected":false},"author":2,"featured_media":0,"parent":1199,"menu_order":0,"comment_status":"closed","ping_status":"closed","template":"","meta":{"_monsterinsights_skip_tracking":false,"_monsterinsights_sitenote_active":false,"_monsterinsights_sitenote_note":"","_monsterinsights_sitenote_category":0,"footnotes":""},"class_list":["post-1359","page","type-page","status-publish","hentry"],"_links":{"self":[{"href":"https:\/\/www.kvzrt.hu\/index.php?rest_route=\/wp\/v2\/pages\/1359","targetHints":{"allow":["GET"]}}],"collection":[{"href":"https:\/\/www.kvzrt.hu\/index.php?rest_route=\/wp\/v2\/pages"}],"about":[{"href":"https:\/\/www.kvzrt.hu\/index.php?rest_route=\/wp\/v2\/types\/page"}],"author":[{"embeddable":true,"href":"https:\/\/www.kvzrt.hu\/index.php?rest_route=\/wp\/v2\/users\/2"}],"replies":[{"embeddable":true,"href":"https:\/\/www.kvzrt.hu\/index.php?rest_route=%2Fwp%2Fv2%2Fcomments&post=1359"}],"version-history":[{"count":5,"href":"https:\/\/www.kvzrt.hu\/index.php?rest_route=\/wp\/v2\/pages\/1359\/revisions"}],"predecessor-version":[{"id":1368,"href":"https:\/\/www.kvzrt.hu\/index.php?rest_route=\/wp\/v2\/pages\/1359\/revisions\/1368"}],"up":[{"embeddable":true,"href":"https:\/\/www.kvzrt.hu\/index.php?rest_route=\/wp\/v2\/pages\/1199"}],"wp:attachment":[{"href":"https:\/\/www.kvzrt.hu\/index.php?rest_route=%2Fwp%2Fv2%2Fmedia&parent=1359"}],"curies":[{"name":"wp","href":"https:\/\/api.w.org\/{rel}","templated":true}]}}