{"id":1330,"date":"2018-04-16T11:03:07","date_gmt":"2018-04-16T10:03:07","guid":{"rendered":"http:\/\/www.kvzrt.hu\/?page_id=1330"},"modified":"2018-06-26T14:24:49","modified_gmt":"2018-06-26T13:24:49","slug":"keresztrury-d-a-i-homlokzatfelujitas","status":"publish","type":"page","link":"https:\/\/www.kvzrt.hu\/?page_id=1330","title":{"rendered":"Keresztrury D.\u00c1.I. Homlokzatfel\u00faj\u00edt\u00e1s"},"content":{"rendered":"<p><a href=\"http:\/\/www.kvzrt.hu\/wp-content\/uploads\/2018\/04\/Aj\u00e1nlatt\u00e9teli-felh\u00edv\u00e1s-megk\u00fcld\u00e9se_Keresztury-D\u00c1I-homlokzatfel\u00faj\u00edt\u00e1s_180413.pdf\">Aj\u00e1nlatt\u00e9teli felh\u00edv\u00e1s megk\u00fcld\u00e9se_Keresztury D\u00c1I homlokzatfel\u00faj\u00edt\u00e1s_180413<\/a><\/p>\n<p><a href=\"http:\/\/www.kvzrt.hu\/wp-content\/uploads\/2018\/04\/K\u00f6zbeszerz\u00e9si-dokumentumok_Keresztury-D\u00c1I-homlokzatfel\u00faj\u00edt\u00e1s_180410.pdf\">K\u00f6zbeszerz\u00e9si dokumentumok_Keresztury D\u00c1I homlokzatfel\u00faj\u00edt\u00e1s_180410<\/a><\/p>\n<p><a href=\"http:\/\/www.kvzrt.hu\/wp-content\/uploads\/2018\/04\/KERESZTURY-D.\u00c1.I._Foosszesito.pdf\">KERESZTURY D.\u00c1.I._Foosszesito<\/a><\/p>\n<p><a href=\"http:\/\/www.kvzrt.hu\/wp-content\/uploads\/2018\/06\/Bont\u00e1si-jkv-megk\u00fcld\u00e9se_Keresztury-D\u00c1I-homlokzat_180510.pdf\">Bont\u00e1si jkv megk\u00fcld\u00e9se_Keresztury D\u00c1I homlokzat_180510<\/a><\/p>\n<p><a href=\"http:\/\/www.kvzrt.hu\/wp-content\/uploads\/2018\/06\/Aj\u00e1nlatt\u00e9telre-felk\u00e9rt-gazdas\u00e1gi-szerepl\u0151k_Keresztury-D\u00c1I-homlokzat.pdf\">Aj\u00e1nlatt\u00e9telre felk\u00e9rt gazdas\u00e1gi szerepl\u0151k_Keresztury D\u00c1I homlokzat<\/a><\/p>\n","protected":false},"excerpt":{"rendered":"<p>Aj\u00e1nlatt\u00e9teli felh\u00edv\u00e1s megk\u00fcld\u00e9se_Keresztury D\u00c1I homlokzatfel\u00faj\u00edt\u00e1s_180413 K\u00f6zbeszerz\u00e9si dokumentumok_Keresztury D\u00c1I homlokzatfel\u00faj\u00edt\u00e1s_180410 KERESZTURY D.\u00c1.I._Foosszesito Bont\u00e1si jkv megk\u00fcld\u00e9se_Keresztury D\u00c1I homlokzat_180510 Aj\u00e1nlatt\u00e9telre felk\u00e9rt gazdas\u00e1gi szerepl\u0151k_Keresztury D\u00c1I homlokzat<\/p>\n","protected":false},"author":2,"featured_media":0,"parent":1199,"menu_order":0,"comment_status":"closed","ping_status":"closed","template":"","meta":{"_monsterinsights_skip_tracking":false,"_monsterinsights_sitenote_active":false,"_monsterinsights_sitenote_note":"","_monsterinsights_sitenote_category":0,"footnotes":""},"class_list":["post-1330","page","type-page","status-publish","hentry"],"_links":{"self":[{"href":"https:\/\/www.kvzrt.hu\/index.php?rest_route=\/wp\/v2\/pages\/1330","targetHints":{"allow":["GET"]}}],"collection":[{"href":"https:\/\/www.kvzrt.hu\/index.php?rest_route=\/wp\/v2\/pages"}],"about":[{"href":"https:\/\/www.kvzrt.hu\/index.php?rest_route=\/wp\/v2\/types\/page"}],"author":[{"embeddable":true,"href":"https:\/\/www.kvzrt.hu\/index.php?rest_route=\/wp\/v2\/users\/2"}],"replies":[{"embeddable":true,"href":"https:\/\/www.kvzrt.hu\/index.php?rest_route=%2Fwp%2Fv2%2Fcomments&post=1330"}],"version-history":[{"count":3,"href":"https:\/\/www.kvzrt.hu\/index.php?rest_route=\/wp\/v2\/pages\/1330\/revisions"}],"predecessor-version":[{"id":1465,"href":"https:\/\/www.kvzrt.hu\/index.php?rest_route=\/wp\/v2\/pages\/1330\/revisions\/1465"}],"up":[{"embeddable":true,"href":"https:\/\/www.kvzrt.hu\/index.php?rest_route=\/wp\/v2\/pages\/1199"}],"wp:attachment":[{"href":"https:\/\/www.kvzrt.hu\/index.php?rest_route=%2Fwp%2Fv2%2Fmedia&parent=1330"}],"curies":[{"name":"wp","href":"https:\/\/api.w.org\/{rel}","templated":true}]}}