{"id":1304,"date":"2018-04-11T11:28:49","date_gmt":"2018-04-11T10:28:49","guid":{"rendered":"http:\/\/www.kvzrt.hu\/?page_id=1304"},"modified":"2018-05-07T12:46:06","modified_gmt":"2018-05-07T11:46:06","slug":"s1-uj-pincelejaro-epitese","status":"publish","type":"page","link":"https:\/\/www.kvzrt.hu\/?page_id=1304","title":{"rendered":"S1 \u00faj pincelej\u00e1r\u00f3 \u00e9p\u00edt\u00e9se"},"content":{"rendered":"<p><a href=\"http:\/\/www.kvzrt.hu\/wp-content\/uploads\/2018\/04\/Aj\u00e1nlatt\u00e9teli-felh\u00edv\u00e1s-megk\u00fcld\u00e9se_S1-pincerendszer-\u00faj-lej\u00e1r\u00f3_180404.pdf\">Aj\u00e1nlatt\u00e9teli felh\u00edv\u00e1s megk\u00fcld\u00e9se_S1 pincerendszer \u00faj lej\u00e1r\u00f3_180404<\/a><\/p>\n<p><a href=\"http:\/\/www.kvzrt.hu\/wp-content\/uploads\/2018\/04\/K\u00f6zbeszerz\u00e9si-dokumentum_S1-Pincerendszer-bej\u00e1rat_v\u00e9gleges_180404.pdf\">K\u00f6zbeszerz\u00e9si dokumentum_S1 Pincerendszer bej\u00e1rat_v\u00e9gleges_180404<\/a><\/p>\n<p><a href=\"http:\/\/www.kvzrt.hu\/wp-content\/uploads\/2018\/04\/Tervdokument\u00e1ci\u00f3_2016-november.pdf\">Tervdokument\u00e1ci\u00f3_2016 november<\/a><\/p>\n<p><a href=\"http:\/\/www.kvzrt.hu\/wp-content\/uploads\/2018\/04\/B\u00e1nya-37-\u00faj-pincelej\u00e1r\u00f3-\u00e1razatlan-k\u00f6lts\u00e9gvet\u00e9s.pdf\">B\u00e1nya 37 \u00faj pincelej\u00e1r\u00f3 \u00e1razatlan k\u00f6lts\u00e9gvet\u00e9s<\/a><\/p>\n<p><a href=\"http:\/\/www.kvzrt.hu\/wp-content\/uploads\/2018\/05\/Bont\u00e1si-jkv-megk\u00fcld\u00e9se_S1-\u00faj-pincelej\u00e1r\u00f3_180419.pdf\">Bont\u00e1si jkv megk\u00fcld\u00e9se_S1 \u00faj pincelej\u00e1r\u00f3_180419<\/a><\/p>\n<p><a href=\"http:\/\/www.kvzrt.hu\/wp-content\/uploads\/2018\/05\/Aj\u00e1nlatt\u00e9telre-felk\u00e9rt-gazdas\u00e1gi-szerepl\u0151k_S1-pincelej\u00e1rat.pdf\">Aj\u00e1nlatt\u00e9telre felk\u00e9rt gazdas\u00e1gi szerepl\u0151k_S1 pincelej\u00e1rat<\/a><\/p>\n","protected":false},"excerpt":{"rendered":"<p>Aj\u00e1nlatt\u00e9teli felh\u00edv\u00e1s megk\u00fcld\u00e9se_S1 pincerendszer \u00faj lej\u00e1r\u00f3_180404 K\u00f6zbeszerz\u00e9si dokumentum_S1 Pincerendszer bej\u00e1rat_v\u00e9gleges_180404 Tervdokument\u00e1ci\u00f3_2016 november B\u00e1nya 37 \u00faj pincelej\u00e1r\u00f3 \u00e1razatlan k\u00f6lts\u00e9gvet\u00e9s Bont\u00e1si jkv megk\u00fcld\u00e9se_S1 \u00faj pincelej\u00e1r\u00f3_180419 Aj\u00e1nlatt\u00e9telre felk\u00e9rt gazdas\u00e1gi szerepl\u0151k_S1 pincelej\u00e1rat<\/p>\n","protected":false},"author":2,"featured_media":0,"parent":1199,"menu_order":0,"comment_status":"closed","ping_status":"closed","template":"","meta":{"_monsterinsights_skip_tracking":false,"_monsterinsights_sitenote_active":false,"_monsterinsights_sitenote_note":"","_monsterinsights_sitenote_category":0,"footnotes":""},"class_list":["post-1304","page","type-page","status-publish","hentry"],"_links":{"self":[{"href":"https:\/\/www.kvzrt.hu\/index.php?rest_route=\/wp\/v2\/pages\/1304","targetHints":{"allow":["GET"]}}],"collection":[{"href":"https:\/\/www.kvzrt.hu\/index.php?rest_route=\/wp\/v2\/pages"}],"about":[{"href":"https:\/\/www.kvzrt.hu\/index.php?rest_route=\/wp\/v2\/types\/page"}],"author":[{"embeddable":true,"href":"https:\/\/www.kvzrt.hu\/index.php?rest_route=\/wp\/v2\/users\/2"}],"replies":[{"embeddable":true,"href":"https:\/\/www.kvzrt.hu\/index.php?rest_route=%2Fwp%2Fv2%2Fcomments&post=1304"}],"version-history":[{"count":3,"href":"https:\/\/www.kvzrt.hu\/index.php?rest_route=\/wp\/v2\/pages\/1304\/revisions"}],"predecessor-version":[{"id":1342,"href":"https:\/\/www.kvzrt.hu\/index.php?rest_route=\/wp\/v2\/pages\/1304\/revisions\/1342"}],"up":[{"embeddable":true,"href":"https:\/\/www.kvzrt.hu\/index.php?rest_route=\/wp\/v2\/pages\/1199"}],"wp:attachment":[{"href":"https:\/\/www.kvzrt.hu\/index.php?rest_route=%2Fwp%2Fv2%2Fmedia&parent=1304"}],"curies":[{"name":"wp","href":"https:\/\/api.w.org\/{rel}","templated":true}]}}