{"id":1294,"date":"2018-03-27T09:03:03","date_gmt":"2018-03-27T08:03:03","guid":{"rendered":"http:\/\/www.kvzrt.hu\/?page_id=1294"},"modified":"2018-04-11T11:42:32","modified_gmt":"2018-04-11T10:42:32","slug":"epitomesteri-szakipari-gyorsszolgalat","status":"publish","type":"page","link":"https:\/\/www.kvzrt.hu\/?page_id=1294","title":{"rendered":"\u00c9p\u00edt\u0151mesteri-szakipari gyorsszolg\u00e1lat"},"content":{"rendered":"<p><a href=\"http:\/\/www.kvzrt.hu\/wp-content\/uploads\/2018\/04\/Aj\u00e1nlatt\u00e9teli-felh\u00edv\u00e1s-megk\u00fcld\u00e9se_\u00c9p\u00edt\u0151mesteri-szakipari-gyorsszolg\u00e1lat_180326.pdf\">Aj\u00e1nlatt\u00e9teli felh\u00edv\u00e1s megk\u00fcld\u00e9se_\u00c9p\u00edt\u0151mesteri-szakipari gyorsszolg\u00e1lat_180326<\/a><\/p>\n<p><a href=\"http:\/\/www.kvzrt.hu\/wp-content\/uploads\/2018\/04\/K\u00f6zbeszerz\u00e9si-dokumentumok_\u00e9p\u00edt\u0151mesteri-munk\u00e1k_V\u00e9gleges.pdf\">K\u00f6zbeszerz\u00e9si dokumentumok_\u00e9p\u00edt\u0151mesteri munk\u00e1k_V\u00e9gleges<\/a><\/p>\n<p><a href=\"http:\/\/www.kvzrt.hu\/wp-content\/uploads\/2018\/04\/Gyorsszolg\u00e1lat-\u00e9p\u00edt\u0151mesteri_\u00e1razatlan-t\u00e9teles-k\u00f6lts\u00e9gvet\u00e9s.pdf\">Gyorsszolg\u00e1lat \u00e9p\u00edt\u0151mesteri_\u00e1razatlan t\u00e9teles k\u00f6lts\u00e9gvet\u00e9s<\/a><\/p>\n<p><a href=\"http:\/\/www.kvzrt.hu\/wp-content\/uploads\/2018\/04\/Bont\u00e1si-jkv-megk\u00fcld\u00e9se_\u00c9p\u00edt\u0151mesteri-gyorsszolg\u00e1lat_180409.pdf\">Bont\u00e1si jkv megk\u00fcld\u00e9se_\u00c9p\u00edt\u0151mesteri gyorsszolg\u00e1lat_180409<\/a><\/p>\n<p><a href=\"http:\/\/www.kvzrt.hu\/wp-content\/uploads\/2018\/04\/Aj\u00e1nlatt\u00e9telre-felk\u00e9rt-gazdas\u00e1gi-szerepl\u0151k-\u00c9p\u00edt\u0151mesteri-gyorsszolg\u00e1lat.pdf\">Aj\u00e1nlatt\u00e9telre felk\u00e9rt gazdas\u00e1gi szerepl\u0151k \u00c9p\u00edt\u0151mesteri gyorsszolg\u00e1lat<\/a><\/p>\n","protected":false},"excerpt":{"rendered":"<p>Aj\u00e1nlatt\u00e9teli felh\u00edv\u00e1s megk\u00fcld\u00e9se_\u00c9p\u00edt\u0151mesteri-szakipari gyorsszolg\u00e1lat_180326 K\u00f6zbeszerz\u00e9si dokumentumok_\u00e9p\u00edt\u0151mesteri munk\u00e1k_V\u00e9gleges Gyorsszolg\u00e1lat \u00e9p\u00edt\u0151mesteri_\u00e1razatlan t\u00e9teles k\u00f6lts\u00e9gvet\u00e9s Bont\u00e1si jkv megk\u00fcld\u00e9se_\u00c9p\u00edt\u0151mesteri gyorsszolg\u00e1lat_180409 Aj\u00e1nlatt\u00e9telre felk\u00e9rt gazdas\u00e1gi szerepl\u0151k \u00c9p\u00edt\u0151mesteri gyorsszolg\u00e1lat<\/p>\n","protected":false},"author":2,"featured_media":0,"parent":1199,"menu_order":0,"comment_status":"closed","ping_status":"closed","template":"","meta":{"_monsterinsights_skip_tracking":false,"_monsterinsights_sitenote_active":false,"_monsterinsights_sitenote_note":"","_monsterinsights_sitenote_category":0,"footnotes":""},"class_list":["post-1294","page","type-page","status-publish","hentry"],"_links":{"self":[{"href":"https:\/\/www.kvzrt.hu\/index.php?rest_route=\/wp\/v2\/pages\/1294","targetHints":{"allow":["GET"]}}],"collection":[{"href":"https:\/\/www.kvzrt.hu\/index.php?rest_route=\/wp\/v2\/pages"}],"about":[{"href":"https:\/\/www.kvzrt.hu\/index.php?rest_route=\/wp\/v2\/types\/page"}],"author":[{"embeddable":true,"href":"https:\/\/www.kvzrt.hu\/index.php?rest_route=\/wp\/v2\/users\/2"}],"replies":[{"embeddable":true,"href":"https:\/\/www.kvzrt.hu\/index.php?rest_route=%2Fwp%2Fv2%2Fcomments&post=1294"}],"version-history":[{"count":3,"href":"https:\/\/www.kvzrt.hu\/index.php?rest_route=\/wp\/v2\/pages\/1294\/revisions"}],"predecessor-version":[{"id":1317,"href":"https:\/\/www.kvzrt.hu\/index.php?rest_route=\/wp\/v2\/pages\/1294\/revisions\/1317"}],"up":[{"embeddable":true,"href":"https:\/\/www.kvzrt.hu\/index.php?rest_route=\/wp\/v2\/pages\/1199"}],"wp:attachment":[{"href":"https:\/\/www.kvzrt.hu\/index.php?rest_route=%2Fwp%2Fv2%2Fmedia&parent=1294"}],"curies":[{"name":"wp","href":"https:\/\/api.w.org\/{rel}","templated":true}]}}