{"id":1277,"date":"2018-03-27T08:44:48","date_gmt":"2018-03-27T07:44:48","guid":{"rendered":"http:\/\/www.kvzrt.hu\/?page_id=1277"},"modified":"2018-04-11T14:14:09","modified_gmt":"2018-04-11T13:14:09","slug":"fuzer-utca-32","status":"publish","type":"page","link":"https:\/\/www.kvzrt.hu\/?page_id=1277","title":{"rendered":"F\u00fcz\u00e9r utca 32."},"content":{"rendered":"<p><a href=\"http:\/\/www.kvzrt.hu\/wp-content\/uploads\/2018\/03\/Aj\u00e1nlati-felh\u00edv\u00e1s_F\u00fcz\u00e9r-utca_180228.pdf\">Aj\u00e1nlati felh\u00edv\u00e1s_F\u00fcz\u00e9r utca_180228<\/a><\/p>\n<p><a href=\"http:\/\/www.kvzrt.hu\/wp-content\/uploads\/2018\/03\/K\u00f6zbeszerz\u00e9si-dokumentum.pdf\">K\u00f6zbeszerz\u00e9si dokumentum<\/a><\/p>\n<p><a href=\"http:\/\/www.kvzrt.hu\/wp-content\/uploads\/2018\/04\/Bont\u00e1si-jkv-megk\u00fcld\u00e9se_F\u00fcz\u00e9r-utca-32_180404.pdf\">Bont\u00e1si jkv megk\u00fcld\u00e9se_F\u00fcz\u00e9r utca 32_180404<\/a><\/p>\n<p><a href=\"http:\/\/www.kvzrt.hu\/wp-content\/uploads\/2018\/04\/Aj\u00e1nlatt\u00e9telre-felk\u00e9rt-gazdas\u00e1gi-szerepl\u0151k-F\u00fcz\u00e9r-32.pdf\">Aj\u00e1nlatt\u00e9telre felk\u00e9rt gazdas\u00e1gi szerepl\u0151k F\u00fcz\u00e9r 32<\/a><\/p>\n<p>&nbsp;<\/p>\n","protected":false},"excerpt":{"rendered":"<p>Aj\u00e1nlati felh\u00edv\u00e1s_F\u00fcz\u00e9r utca_180228 K\u00f6zbeszerz\u00e9si dokumentum Bont\u00e1si jkv megk\u00fcld\u00e9se_F\u00fcz\u00e9r utca 32_180404 Aj\u00e1nlatt\u00e9telre felk\u00e9rt gazdas\u00e1gi szerepl\u0151k F\u00fcz\u00e9r 32 &nbsp;<\/p>\n","protected":false},"author":2,"featured_media":0,"parent":1199,"menu_order":0,"comment_status":"closed","ping_status":"closed","template":"","meta":{"_monsterinsights_skip_tracking":false,"_monsterinsights_sitenote_active":false,"_monsterinsights_sitenote_note":"","_monsterinsights_sitenote_category":0,"footnotes":""},"class_list":["post-1277","page","type-page","status-publish","hentry"],"_links":{"self":[{"href":"https:\/\/www.kvzrt.hu\/index.php?rest_route=\/wp\/v2\/pages\/1277","targetHints":{"allow":["GET"]}}],"collection":[{"href":"https:\/\/www.kvzrt.hu\/index.php?rest_route=\/wp\/v2\/pages"}],"about":[{"href":"https:\/\/www.kvzrt.hu\/index.php?rest_route=\/wp\/v2\/types\/page"}],"author":[{"embeddable":true,"href":"https:\/\/www.kvzrt.hu\/index.php?rest_route=\/wp\/v2\/users\/2"}],"replies":[{"embeddable":true,"href":"https:\/\/www.kvzrt.hu\/index.php?rest_route=%2Fwp%2Fv2%2Fcomments&post=1277"}],"version-history":[{"count":5,"href":"https:\/\/www.kvzrt.hu\/index.php?rest_route=\/wp\/v2\/pages\/1277\/revisions"}],"predecessor-version":[{"id":1329,"href":"https:\/\/www.kvzrt.hu\/index.php?rest_route=\/wp\/v2\/pages\/1277\/revisions\/1329"}],"up":[{"embeddable":true,"href":"https:\/\/www.kvzrt.hu\/index.php?rest_route=\/wp\/v2\/pages\/1199"}],"wp:attachment":[{"href":"https:\/\/www.kvzrt.hu\/index.php?rest_route=%2Fwp%2Fv2%2Fmedia&parent=1277"}],"curies":[{"name":"wp","href":"https:\/\/api.w.org\/{rel}","templated":true}]}}