{"id":1254,"date":"2018-02-21T09:47:55","date_gmt":"2018-02-21T08:47:55","guid":{"rendered":"http:\/\/www.kvzrt.hu\/?page_id=1254"},"modified":"2018-03-27T08:42:14","modified_gmt":"2018-03-27T07:42:14","slug":"ujhegyi-setany-2-utem","status":"publish","type":"page","link":"https:\/\/www.kvzrt.hu\/?page_id=1254","title":{"rendered":"\u00dajhegyi s\u00e9t\u00e1ny 2. \u00fctem"},"content":{"rendered":"<p><a href=\"http:\/\/www.kvzrt.hu\/wp-content\/uploads\/2018\/02\/Aj\u00e1nlatt\u00e9teli-felh\u00edv\u00e1s-megk\u00fcld\u00e9se_\u00dajhegyi-s\u00e9t\u00e1ny-2.-\u00fctem_180220.pdf\"><\/a><a href=\"http:\/\/www.kvzrt.hu\/wp-content\/uploads\/2018\/03\/Aj\u00e1nlatt\u00e9telre-felk\u00e9rt-gazdas\u00e1gi-szerepl\u0151k-\u00dajhegyi-s\u00e9t\u00e1ny-II.pdf\">Aj\u00e1nlatt\u00e9telre felk\u00e9rt gazdas\u00e1gi szerepl\u0151k \u00dajhegyi s\u00e9t\u00e1ny II<\/a><\/p>\n<p><a href=\"http:\/\/www.kvzrt.hu\/wp-content\/uploads\/2018\/02\/K\u00f6zbeszerz\u00e9si-dokumentum_T\u00c9RK\u00d6Z-\u00dajhegyi-s\u00e9t\u00e1ny_-V\u00e9gleges.pdf\">K\u00f6zbeszerz\u00e9si dokumentum_T\u00c9RK\u00d6Z \u00dajhegyi s\u00e9t\u00e1ny_ V\u00e9gleges<\/a><\/p>\n<p><a href=\"http:\/\/www.kvzrt.hu\/wp-content\/uploads\/2018\/02\/\u00c1RAZATLAN-K\u00d6LTS\u00c9GVET\u00c9S-KI\u00cdR\u00c1S_\u00c9SZAK.pdf\">\u00c1RAZATLAN K\u00d6LTS\u00c9GVET\u00c9S KI\u00cdR\u00c1S_\u00c9SZAK<\/a><\/p>\n<p><a href=\"http:\/\/www.kvzrt.hu\/wp-content\/uploads\/2018\/03\/Aj\u00e1nlatt\u00e9telre-felk\u00e9rt-gazdas\u00e1gi-szerepl\u0151k-\u00dajhegyi-s\u00e9t\u00e1ny-II.pdf\">Aj\u00e1nlatt\u00e9telre felk\u00e9rt gazdas\u00e1gi szerepl\u0151k \u00dajhegyi s\u00e9t\u00e1ny II<\/a><\/p>\n<p><a href=\"http:\/\/www.kvzrt.hu\/wp-content\/uploads\/2018\/03\/Bont\u00e1si-jegyz\u0151k\u00f6nyv-megk\u00fcld\u00e9se_\u00dajhegyi-s\u00e9t\u00e1ny-II_180322.pdf\">Bont\u00e1si jegyz\u0151k\u00f6nyv megk\u00fcld\u00e9se_\u00dajhegyi s\u00e9t\u00e1ny II_180322<\/a><\/p>\n","protected":false},"excerpt":{"rendered":"<p>Aj\u00e1nlatt\u00e9telre felk\u00e9rt gazdas\u00e1gi szerepl\u0151k \u00dajhegyi s\u00e9t\u00e1ny II K\u00f6zbeszerz\u00e9si dokumentum_T\u00c9RK\u00d6Z \u00dajhegyi s\u00e9t\u00e1ny_ V\u00e9gleges \u00c1RAZATLAN K\u00d6LTS\u00c9GVET\u00c9S KI\u00cdR\u00c1S_\u00c9SZAK Aj\u00e1nlatt\u00e9telre felk\u00e9rt gazdas\u00e1gi szerepl\u0151k \u00dajhegyi s\u00e9t\u00e1ny II Bont\u00e1si jegyz\u0151k\u00f6nyv megk\u00fcld\u00e9se_\u00dajhegyi s\u00e9t\u00e1ny II_180322<\/p>\n","protected":false},"author":2,"featured_media":0,"parent":1199,"menu_order":0,"comment_status":"closed","ping_status":"closed","template":"","meta":{"_monsterinsights_skip_tracking":false,"_monsterinsights_sitenote_active":false,"_monsterinsights_sitenote_note":"","_monsterinsights_sitenote_category":0,"footnotes":""},"class_list":["post-1254","page","type-page","status-publish","hentry"],"_links":{"self":[{"href":"https:\/\/www.kvzrt.hu\/index.php?rest_route=\/wp\/v2\/pages\/1254","targetHints":{"allow":["GET"]}}],"collection":[{"href":"https:\/\/www.kvzrt.hu\/index.php?rest_route=\/wp\/v2\/pages"}],"about":[{"href":"https:\/\/www.kvzrt.hu\/index.php?rest_route=\/wp\/v2\/types\/page"}],"author":[{"embeddable":true,"href":"https:\/\/www.kvzrt.hu\/index.php?rest_route=\/wp\/v2\/users\/2"}],"replies":[{"embeddable":true,"href":"https:\/\/www.kvzrt.hu\/index.php?rest_route=%2Fwp%2Fv2%2Fcomments&post=1254"}],"version-history":[{"count":3,"href":"https:\/\/www.kvzrt.hu\/index.php?rest_route=\/wp\/v2\/pages\/1254\/revisions"}],"predecessor-version":[{"id":1276,"href":"https:\/\/www.kvzrt.hu\/index.php?rest_route=\/wp\/v2\/pages\/1254\/revisions\/1276"}],"up":[{"embeddable":true,"href":"https:\/\/www.kvzrt.hu\/index.php?rest_route=\/wp\/v2\/pages\/1199"}],"wp:attachment":[{"href":"https:\/\/www.kvzrt.hu\/index.php?rest_route=%2Fwp%2Fv2%2Fmedia&parent=1254"}],"curies":[{"name":"wp","href":"https:\/\/api.w.org\/{rel}","templated":true}]}}