{"id":1240,"date":"2018-02-18T09:16:43","date_gmt":"2018-02-18T08:16:43","guid":{"rendered":"http:\/\/www.kvzrt.hu\/?page_id=1240"},"modified":"2022-09-09T05:31:53","modified_gmt":"2022-09-09T04:31:53","slug":"parkolo-ellenor","status":"publish","type":"page","link":"https:\/\/www.kvzrt.hu\/?page_id=1240","title":{"rendered":"Parkol\u00e1si ellen\u0151r"},"content":{"rendered":"<p><strong>\u00daj munkat\u00e1rsakat keres\u00fcnk, a K\u0151b\u00e1nyai Vagyonkezel\u0151 Zrt. Parkol\u00e1s\u00fczemeltet\u00e9si Iroda csapat\u00e1ba, PARKOL\u00c1SI ELLEN\u0150R poz\u00edci\u00f3ba.<span id=\"more-833\"><\/p>\n<p>F\u0151bb feladatok, munk\u00e1k:<br \/>\n<\/span><\/strong><span id=\"more-833\"><br \/>\n<\/span><span id=\"more-833\">D\u00edjfizet\u0151 z\u00f3n\u00e1kban v\u00e1rakoz\u00f3 aut\u00f3k ellen\u0151rz\u00e9se, megl\u00e9v\u0151 parkol\u00f3jegyek, enged\u00e9lyek ellen\u0151rz\u00e9se. <\/span><strong><span id=\"more-833\"><\/p>\n<p>Az \u00e1ll\u00e1shoz tartoz\u00f3 elv\u00e1r\u00e1sok:<\/p>\n<p><\/span><\/strong><span id=\"more-833\">\u2022 Minimum 8 oszt\u00e1lyos iskolai v\u00e9gzetts\u00e9g.<\/span><span id=\"more-833\"><br \/>\n\u2022 Eg\u00e9szs\u00e9g\u00fcgyi alkalmass\u00e1g.<br \/>\n\u2022 Udvarias, de hat\u00e1rozott fell\u00e9p\u00e9s,<br \/>\n\u2022 \u00d6n\u00e1ll\u00f3 munkav\u00e9gz\u00e9s,<br \/>\n<\/span><span id=\"more-833\">\u2022 Szabadban t\u00f6rt\u00e9n\u0151 munkav\u00e9gz\u00e9s v\u00e1llal\u00e1sa.<\/span><strong><span id=\"more-833\"><\/p>\n<p>Az \u00e1ll\u00e1s bet\u00f6lt\u00e9s\u00e9hez el\u0151nyt jelent:<\/p>\n<p><\/span><\/strong><span id=\"more-833\">\u2022 hasonl\u00f3 munkak\u00f6rben szerzett tapasztalat<\/span><strong><span id=\"more-833\"><\/p>\n<p>Amit k\u00edn\u00e1lunk:<\/p>\n<p><\/span><\/strong><span id=\"more-833\">\u2022 stabil c\u00e9gh\u00e1tt\u00e9r<\/span><span id=\"more-833\"><br \/>\n\u2022 bejelentett j\u00f6vedelem,<br \/>\n\u2022 munk\u00e1ba j\u00e1r\u00e1s t\u00e1mogat\u00e1sa,<br \/>\n\u2022 cafet\u00e9ria juttat\u00e1s szab\u00e1lyzat szerint<br \/>\n\u2022 munkav\u00e9gz\u00e9s munkanapokon (h\u00e9tv\u00e9g\u00e9k, \u00fcnnepnapok, \u00e9jszak\u00e1k szabadok)<br \/>\n<\/span><strong><span id=\"more-833\"><br \/>\n\u00c1ll\u00e1s, munka ter\u00fclete(i):<br \/>\n<\/span><\/strong><span id=\"more-833\">\u2022 Fizikai, Seg\u00e9d, Betan\u00edtott munka <\/span><span id=\"more-833\"><br \/>\n<\/span><span id=\"more-833\">\u2022 Betan\u00edtott munka <\/span><strong><span id=\"more-833\"><\/p>\n<p>Jelentkez\u00e9s m\u00f3dja:<\/p>\n<p>\u00d6n\u00e9letrajz\u00e1t T\u00e1rsas\u00e1gunknak az allas@kvzrt.hu e-mail c\u00edm\u00e9re elk\u00fcldeni, de szem\u00e9lyesen is jelentkezhet Parkol\u00e1s\u00fczemeltet\u00e9si Irod\u00e1nkban 1106. Budapest, G\u00e9pmad\u00e1r u. 2-8. sz\u00e1m alatt.<br \/>\n<\/span><\/strong><\/p>\n<p><strong><span id=\"more-833\">A munkak\u00f6r bet\u00f6lt\u00e9s\u00e9nek lehets\u00e9ges id\u0151pontja: elb\u00edr\u00e1l\u00e1st k\u00f6vet\u0151en azonnal<\/span>.<br \/>\n<\/strong><\/p>\n","protected":false},"excerpt":{"rendered":"<p>\u00daj munkat\u00e1rsakat keres\u00fcnk, a K\u0151b\u00e1nyai Vagyonkezel\u0151 Zrt. Parkol\u00e1s\u00fczemeltet\u00e9si Iroda csapat\u00e1ba, PARKOL\u00c1SI ELLEN\u0150R poz\u00edci\u00f3ba. F\u0151bb feladatok, munk\u00e1k: D\u00edjfizet\u0151 z\u00f3n\u00e1kban v\u00e1rakoz\u00f3 aut\u00f3k ellen\u0151rz\u00e9se, megl\u00e9v\u0151 parkol\u00f3jegyek, enged\u00e9lyek ellen\u0151rz\u00e9se. Az \u00e1ll\u00e1shoz tartoz\u00f3 elv\u00e1r\u00e1sok: \u2022 Minimum 8 oszt\u00e1lyos iskolai v\u00e9gzetts\u00e9g. \u2022 Eg\u00e9szs\u00e9g\u00fcgyi alkalmass\u00e1g. \u2022 Udvarias, de hat\u00e1rozott fell\u00e9p\u00e9s, \u2022 \u00d6n\u00e1ll\u00f3 munkav\u00e9gz\u00e9s, \u2022 Szabadban t\u00f6rt\u00e9n\u0151 munkav\u00e9gz\u00e9s v\u00e1llal\u00e1sa. Az \u00e1ll\u00e1s bet\u00f6lt\u00e9s\u00e9hez el\u0151nyt [&hellip;]<\/p>\n","protected":false},"author":3,"featured_media":0,"parent":1229,"menu_order":0,"comment_status":"closed","ping_status":"closed","template":"","meta":{"_monsterinsights_skip_tracking":false,"_monsterinsights_sitenote_active":false,"_monsterinsights_sitenote_note":"","_monsterinsights_sitenote_category":0,"footnotes":""},"class_list":["post-1240","page","type-page","status-publish","hentry"],"_links":{"self":[{"href":"https:\/\/www.kvzrt.hu\/index.php?rest_route=\/wp\/v2\/pages\/1240","targetHints":{"allow":["GET"]}}],"collection":[{"href":"https:\/\/www.kvzrt.hu\/index.php?rest_route=\/wp\/v2\/pages"}],"about":[{"href":"https:\/\/www.kvzrt.hu\/index.php?rest_route=\/wp\/v2\/types\/page"}],"author":[{"embeddable":true,"href":"https:\/\/www.kvzrt.hu\/index.php?rest_route=\/wp\/v2\/users\/3"}],"replies":[{"embeddable":true,"href":"https:\/\/www.kvzrt.hu\/index.php?rest_route=%2Fwp%2Fv2%2Fcomments&post=1240"}],"version-history":[{"count":5,"href":"https:\/\/www.kvzrt.hu\/index.php?rest_route=\/wp\/v2\/pages\/1240\/revisions"}],"predecessor-version":[{"id":2415,"href":"https:\/\/www.kvzrt.hu\/index.php?rest_route=\/wp\/v2\/pages\/1240\/revisions\/2415"}],"up":[{"embeddable":true,"href":"https:\/\/www.kvzrt.hu\/index.php?rest_route=\/wp\/v2\/pages\/1229"}],"wp:attachment":[{"href":"https:\/\/www.kvzrt.hu\/index.php?rest_route=%2Fwp%2Fv2%2Fmedia&parent=1240"}],"curies":[{"name":"wp","href":"https:\/\/api.w.org\/{rel}","templated":true}]}}