{"id":1229,"date":"2018-02-18T09:12:18","date_gmt":"2018-02-18T08:12:18","guid":{"rendered":"http:\/\/www.kvzrt.hu\/?page_id=1229"},"modified":"2018-02-18T09:12:18","modified_gmt":"2018-02-18T08:12:18","slug":"allashirdetesek","status":"publish","type":"page","link":"https:\/\/www.kvzrt.hu\/?page_id=1229","title":{"rendered":"\u00c1ll\u00e1shirdet\u00e9sek"},"content":{"rendered":"<p>Itt tal\u00e1lja aktu\u00e1lis \u00e1ll\u00e1shirdet\u00e9seinket.<\/p>\n","protected":false},"excerpt":{"rendered":"<p>Itt tal\u00e1lja aktu\u00e1lis \u00e1ll\u00e1shirdet\u00e9seinket.<\/p>\n","protected":false},"author":3,"featured_media":0,"parent":0,"menu_order":0,"comment_status":"closed","ping_status":"closed","template":"","meta":{"_monsterinsights_skip_tracking":false,"_monsterinsights_sitenote_active":false,"_monsterinsights_sitenote_note":"","_monsterinsights_sitenote_category":0,"footnotes":""},"class_list":["post-1229","page","type-page","status-publish","hentry"],"_links":{"self":[{"href":"https:\/\/www.kvzrt.hu\/index.php?rest_route=\/wp\/v2\/pages\/1229","targetHints":{"allow":["GET"]}}],"collection":[{"href":"https:\/\/www.kvzrt.hu\/index.php?rest_route=\/wp\/v2\/pages"}],"about":[{"href":"https:\/\/www.kvzrt.hu\/index.php?rest_route=\/wp\/v2\/types\/page"}],"author":[{"embeddable":true,"href":"https:\/\/www.kvzrt.hu\/index.php?rest_route=\/wp\/v2\/users\/3"}],"replies":[{"embeddable":true,"href":"https:\/\/www.kvzrt.hu\/index.php?rest_route=%2Fwp%2Fv2%2Fcomments&post=1229"}],"version-history":[{"count":1,"href":"https:\/\/www.kvzrt.hu\/index.php?rest_route=\/wp\/v2\/pages\/1229\/revisions"}],"predecessor-version":[{"id":1230,"href":"https:\/\/www.kvzrt.hu\/index.php?rest_route=\/wp\/v2\/pages\/1229\/revisions\/1230"}],"wp:attachment":[{"href":"https:\/\/www.kvzrt.hu\/index.php?rest_route=%2Fwp%2Fv2%2Fmedia&parent=1229"}],"curies":[{"name":"wp","href":"https:\/\/api.w.org\/{rel}","templated":true}]}}