{"id":1220,"date":"2018-02-06T14:58:06","date_gmt":"2018-02-06T13:58:06","guid":{"rendered":"http:\/\/www.kvzrt.hu\/?page_id=1220"},"modified":"2025-01-17T07:25:33","modified_gmt":"2025-01-17T06:25:33","slug":"kozerdeku-adatok","status":"publish","type":"page","link":"https:\/\/www.kvzrt.hu\/?page_id=1220","title":{"rendered":"K\u00f6z\u00e9rdek\u0171 adatok"},"content":{"rendered":"<p><em><strong>18\/2005. (XII. 27.) IHM rendelet 4. \u00a7 alapj\u00e1n:<\/strong><\/em><br \/>\n<em>a) a legut\u00f3bbi m\u00f3dos\u00edt\u00e1s ideje: 2025.01.08.<\/em><br \/>\n<em>b) ha a k\u00f6zz\u00e9t\u00e9teli egys\u00e9g kor\u00e1bbi \u00e1llapota arch\u00edv \u00e1llom\u00e1nyba ker\u00fclt, az annak el\u00e9r\u00e9s\u00e9t biztos\u00edt\u00f3 hivatkoz\u00e1s: az archiv\u00e1lt \u00e1llom\u00e1ny el\u00e9rhet\u0151 az aktu\u00e1lis inform\u00e1ci\u00f3 mellett.<\/em><br \/>\n<em>c) arch\u00edv \u00e1llom\u00e1nyba helyezett k\u00f6zz\u00e9t\u00e9teli egys\u00e9g eset\u00e9n a k\u00fcl\u00f6n jogszab\u00e1lyban foglaltak: az archiv\u00e1lt \u00e1llom\u00e1ny el\u00e9rhet\u0151 az aktu\u00e1lis inform\u00e1ci\u00f3 mellett.<\/em><\/p>\n<p><strong>I. Szervezeti, szem\u00e9lyzeti adatok<\/strong><\/p>\n<table width=\"602\">\n<tbody>\n<tr>\n<td><strong>I.1.<\/strong><\/td>\n<td><strong>A k\u00f6zfeladatot ell\u00e1t\u00f3 szerv hivatalos neve, sz\u00e9khelye, postai c\u00edme, telefon- \u00e9s telefaxsz\u00e1ma, elektronikus lev\u00e9lc\u00edme, honlapja, \u00fcgyf\u00e9lszolg\u00e1lat\u00e1nak el\u00e9rhet\u0151s\u00e9gei<\/strong><\/td>\n<\/tr>\n<tr>\n<td><\/td>\n<td><a href=\"https:\/\/www.kvzrt.hu\/?page_id=2809\"><strong>R\u00e9szletesen&gt;<\/strong><\/a><\/td>\n<\/tr>\n<tr>\n<td><strong>I.2.<\/strong><\/td>\n<td><strong>A k\u00f6zfeladatot ell\u00e1t\u00f3 szerv szervezeti fel\u00e9p\u00edt\u00e9se szervezeti egys\u00e9gek megjel\u00f6l\u00e9s\u00e9vel, az egyes szervezeti egys\u00e9gek feladatai<\/strong><\/td>\n<\/tr>\n<tr>\n<td><\/td>\n<td><a href=\"https:\/\/www.kvzrt.hu\/?page_id=2814\"><b>R\u00e9szletesen&gt;<\/b><\/a><\/td>\n<\/tr>\n<tr>\n<td><strong>I.3.<\/strong><\/td>\n<td><strong>A k\u00f6zfeladatot ell\u00e1t\u00f3 szerv vezet\u0151inek \u00e9s az egyes szervezeti egys\u00e9gek vezet\u0151inek neve, beoszt\u00e1sa, el\u00e9rhet\u0151s\u00e9ge (telefon- \u00e9s telefaxsz\u00e1ma, elektronikus lev\u00e9lc\u00edme)<\/strong><\/td>\n<\/tr>\n<tr>\n<td><\/td>\n<td><a href=\"https:\/\/www.kvzrt.hu\/?page_id=2818\"><strong>R\u00e9szletesen&gt;<\/strong><\/a><\/td>\n<\/tr>\n<tr>\n<td><strong>I.4.<\/strong><\/td>\n<td><strong>A szervezeten bel\u00fcl illet\u00e9kes \u00fcgyf\u00e9lkapcsolati vezet\u0151 neve, el\u00e9rhet\u0151s\u00e9ge (telefon- \u00e9s telefaxsz\u00e1ma, elektronikus lev\u00e9lc\u00edme) \u00e9s az \u00fcgyf\u00e9lfogad\u00e1si rend<\/strong><\/td>\n<\/tr>\n<tr>\n<td><\/td>\n<td><a href=\"https:\/\/www.kvzrt.hu\/?page_id=2821\"><b>R\u00e9szletesen&gt;<\/b><\/a><\/td>\n<\/tr>\n<tr>\n<td><strong>I.5.<\/strong><\/td>\n<td><strong>Test\u00fcleti szerv eset\u00e9n a test\u00fclet l\u00e9tsz\u00e1ma, \u00f6sszet\u00e9tele, tagjainak neve, beoszt\u00e1sa, el\u00e9rhet\u0151s\u00e9ge<\/strong><\/td>\n<\/tr>\n<tr>\n<td><\/td>\n<td>T\u00e1rsas\u00e1gunkra vonatkoz\u00f3an nem relev\u00e1ns.<\/td>\n<\/tr>\n<tr>\n<td><strong>I.6.<\/strong><\/td>\n<td><strong>A k\u00f6zfeladatot ell\u00e1t\u00f3 szerv ir\u00e1ny\u00edt\u00e1sa, fel\u00fcgyelete vagy ellen\u0151rz\u00e9se alatt \u00e1ll\u00f3, vagy al\u00e1rendelts\u00e9g\u00e9ben m\u0171k\u00f6d\u0151 m\u00e1s k\u00f6zfeladatot ell\u00e1t\u00f3 szervek megnevez\u00e9se, \u00e9s 1. pontban meghat\u00e1rozott adatai<\/strong><\/td>\n<\/tr>\n<tr>\n<td><\/td>\n<td>T\u00e1rsas\u00e1gunkra vonatkoz\u00f3an nem relev\u00e1ns.<\/td>\n<\/tr>\n<tr>\n<td><strong>I.7.<\/strong><\/td>\n<td><strong>A k\u00f6zfeladatot ell\u00e1t\u00f3 szerv t\u00f6bbs\u00e9gi tulajdon\u00e1ban \u00e1ll\u00f3, illetve r\u00e9szv\u00e9tel\u00e9vel m\u0171k\u00f6d\u0151 gazd\u00e1lkod\u00f3 szervezet neve, sz\u00e9khelye, el\u00e9rhet\u0151s\u00e9ge (postai c\u00edme, telefon- \u00e9s telefaxsz\u00e1ma, elektronikus lev\u00e9lc\u00edme), tev\u00e9kenys\u00e9gi k\u00f6re, k\u00e9pvisel\u0151j\u00e9nek neve, a k\u00f6zfeladatot ell\u00e1t\u00f3 szerv r\u00e9szesed\u00e9s\u00e9nek m\u00e9rt\u00e9ke<\/strong><\/td>\n<\/tr>\n<tr>\n<td><\/td>\n<td>T\u00e1rsas\u00e1gunkra vonatkoz\u00f3an nem relev\u00e1ns.<\/td>\n<\/tr>\n<tr>\n<td><strong>I.8.<\/strong><\/td>\n<td><strong>A k\u00f6zfeladatot ell\u00e1t\u00f3 szerv \u00e1ltal alap\u00edtott k\u00f6zalap\u00edtv\u00e1nyok neve, sz\u00e9khelye, el\u00e9rhet\u0151s\u00e9ge (postai c\u00edme, telefon- \u00e9s telefaxsz\u00e1ma, elektronikus lev\u00e9lc\u00edme), alap\u00edt\u00f3 okirata, kezel\u0151 szerv\u00e9nek tagjai<\/strong><\/td>\n<\/tr>\n<tr>\n<td><\/td>\n<td>T\u00e1rsas\u00e1gunkra vonatkoz\u00f3an nem relev\u00e1ns.<\/td>\n<\/tr>\n<tr>\n<td><strong>I.9.<\/strong><\/td>\n<td><strong>A k\u00f6zfeladatot ell\u00e1t\u00f3 szerv \u00e1ltal alap\u00edtott k\u00f6lts\u00e9gvet\u00e9si szerv neve, sz\u00e9khelye, a k\u00f6lts\u00e9gvet\u00e9si szervet alap\u00edt\u00f3 jogszab\u00e1ly megjel\u00f6l\u00e9se, illetve az azt alap\u00edt\u00f3 hat\u00e1rozat, a k\u00f6lts\u00e9gvet\u00e9si szerv alap\u00edt\u00f3 okirata, vezet\u0151je, honlapj\u00e1nak el\u00e9rhet\u0151s\u00e9ge, m\u0171k\u00f6d\u00e9si enged\u00e9lye<\/strong><\/td>\n<\/tr>\n<tr>\n<td><\/td>\n<td>T\u00e1rsas\u00e1gunkra vonatkoz\u00f3an nem relev\u00e1ns.<\/td>\n<\/tr>\n<tr>\n<td><strong>I.10<\/strong><\/td>\n<td><strong>A k\u00f6zfeladatot ell\u00e1t\u00f3 szerv \u00e1ltal alap\u00edtott lapok neve, a szerkeszt\u0151s\u00e9g \u00e9s kiad\u00f3 neve \u00e9s c\u00edme, valamint a f\u0151szerkeszt\u0151 neve<\/strong><\/td>\n<\/tr>\n<tr>\n<td><\/td>\n<td>T\u00e1rsas\u00e1gunkra vonatkoz\u00f3an nem relev\u00e1ns.<\/td>\n<\/tr>\n<tr>\n<td><strong>I.11<\/strong><\/td>\n<td><strong>A k\u00f6zfeladatot ell\u00e1t\u00f3 szerv felettes, illetve fel\u00fcgyeleti szerv\u00e9nek, hat\u00f3s\u00e1gi d\u00f6nt\u00e9sei tekintet\u00e9ben a fellebbez\u00e9s elb\u00edr\u00e1l\u00e1s\u00e1ra jogosult szervnek, ennek hi\u00e1ny\u00e1ban a k\u00f6zfeladatot ell\u00e1t\u00f3 szerv felett t\u00f6rv\u00e9nyess\u00e9gi ellen\u0151rz\u00e9st gyakorl\u00f3 szervnek az 1. pontban meghat\u00e1rozott adatai<\/strong><\/td>\n<\/tr>\n<tr>\n<td><\/td>\n<td><strong><a href=\"https:\/\/www.kvzrt.hu\/?page_id=2825\">R\u00e9szletesen&gt;<\/a><\/strong><\/td>\n<\/tr>\n<\/tbody>\n<\/table>\n<p><strong> II. Tev\u00e9kenys\u00e9gre, m\u0171k\u00f6d\u00e9sre vonatkoz\u00f3 adatok<\/strong><\/p>\n<table width=\"602\">\n<tbody>\n<tr>\n<td><strong>II.1.<\/strong><\/td>\n<td><strong>A k\u00f6zfeladatot ell\u00e1t\u00f3 szerv feladat\u00e1t, hat\u00e1sk\u00f6r\u00e9t \u00e9s alaptev\u00e9kenys\u00e9g\u00e9t meghat\u00e1roz\u00f3, a szervre vonatkoz\u00f3 alapvet\u0151 jogszab\u00e1lyok, k\u00f6zjogi szervezetszab\u00e1lyoz\u00f3 eszk\u00f6z\u00f6k, valamint a szervezeti \u00e9s m\u0171k\u00f6d\u00e9si szab\u00e1lyzat vagy \u00fcgyrend, az adatv\u00e9delmi \u00e9s adatbiztons\u00e1gi szab\u00e1lyzat hat\u00e1lyos \u00e9s teljes sz\u00f6vege<\/strong><\/td>\n<\/tr>\n<tr>\n<td><\/td>\n<td><a href=\"https:\/\/www.kvzrt.hu\/?page_id=2840\"><strong>R\u00e9szletesen&gt;<\/strong><\/a><\/td>\n<\/tr>\n<tr>\n<td><strong>II.2.<\/strong><\/td>\n<td><strong>Az orsz\u00e1gos illet\u00e9kess\u00e9g\u0171 szervek, valamint a f\u0151v\u00e1rosi \u00e9s megyei korm\u00e1nyhivatal eset\u00e9ben a k\u00f6zfeladatot ell\u00e1t\u00f3 szerv feladat\u00e1r\u00f3l, tev\u00e9kenys\u00e9g\u00e9r\u0151l sz\u00f3l\u00f3 t\u00e1j\u00e9koztat\u00f3 magyar \u00e9s angol nyelven<\/strong><\/td>\n<\/tr>\n<tr>\n<td><\/td>\n<td>T\u00e1rsas\u00e1gunkra vonatkoz\u00f3an nem relev\u00e1ns.<\/td>\n<\/tr>\n<tr>\n<td><strong>II.3.<\/strong><\/td>\n<td><strong>A helyi \u00f6nkorm\u00e1nyzat \u00f6nk\u00e9nt v\u00e1llalt feladatai<\/strong><\/td>\n<\/tr>\n<tr>\n<td><\/td>\n<td>T\u00e1rsas\u00e1gunkra vonatkoz\u00f3an nem relev\u00e1ns.<\/td>\n<\/tr>\n<tr>\n<td><strong>II.4.<\/strong><\/td>\n<td><strong>\u00c1llamigazgat\u00e1si, \u00f6nkorm\u00e1nyzati, \u00e9s egy\u00e9b hat\u00f3s\u00e1gi \u00fcgyekben \u00fcgyfajt\u00e1nk\u00e9nt \u00e9s elj\u00e1r\u00e1st\u00edpusonk\u00e9nt a hat\u00e1sk\u00f6rrel rendelkez\u0151 szerv megnevez\u00e9se, hat\u00e1sk\u00f6r gyakorl\u00e1s\u00e1nak \u00e1truh\u00e1z\u00e1sa eset\u00e9n a t\u00e9nylegesen elj\u00e1r\u00f3 szerv megnevez\u00e9se, illet\u00e9kess\u00e9gi ter\u00fclete, az \u00fcgyint\u00e9z\u00e9shez sz\u00fcks\u00e9ges dokumentumok, okm\u00e1nyok, elj\u00e1r\u00e1si illet\u00e9kek (igazgat\u00e1si szolg\u00e1ltat\u00e1si d\u00edjak) meghat\u00e1roz\u00e1sa, alapvet\u0151 elj\u00e1r\u00e1si szab\u00e1lyok, az elj\u00e1r\u00e1st megind\u00edt\u00f3 irat beny\u00fajt\u00e1s\u00e1nak m\u00f3dja (helye, ideje), \u00fcgyf\u00e9lfogad\u00e1s ideje, az \u00fcgyint\u00e9z\u00e9s hat\u00e1rideje (elint\u00e9z\u00e9si, fellebbez\u00e9si hat\u00e1rid\u0151), az \u00fcgyek int\u00e9z\u00e9s\u00e9t seg\u00edt\u0151 \u00fatmutat\u00f3k, az \u00fcgymenetre vonatkoz\u00f3 t\u00e1j\u00e9koztat\u00e1s \u00e9s az \u00fcgyint\u00e9z\u00e9shez haszn\u00e1lt let\u00f6lthet\u0151 formanyomtatv\u00e1nyok, az ig\u00e9nybe vehet\u0151 elektronikus programok el\u00e9r\u00e9se, id\u0151pontfoglal\u00e1s, az \u00fcgyt\u00edpusokhoz kapcsol\u00f3d\u00f3 jogszab\u00e1lyok jegyz\u00e9ke, t\u00e1j\u00e9koztat\u00e1s az \u00fcgyfelet megillet\u0151 jogokr\u00f3l \u00e9s az \u00fcgyfelet terhel\u0151 k\u00f6telezetts\u00e9gekr\u0151l<\/strong><\/td>\n<\/tr>\n<tr>\n<td><\/td>\n<td>T\u00e1rsas\u00e1gunkra vonatkoz\u00f3an nem relev\u00e1ns.<\/td>\n<\/tr>\n<tr>\n<td><strong>II.5.<\/strong><\/td>\n<td><strong>A k\u00f6zfeladatot ell\u00e1t\u00f3 szerv \u00e1ltal ny\u00fajtott vagy k\u00f6lts\u00e9gvet\u00e9s\u00e9b\u0151l finansz\u00edrozott k\u00f6zszolg\u00e1ltat\u00e1sok megnevez\u00e9se, tartalma, a k\u00f6zszolg\u00e1ltat\u00e1sok ig\u00e9nybev\u00e9tel\u00e9nek rendje, a k\u00f6zszolg\u00e1ltat\u00e1s\u00e9rt fizetend\u0151 d\u00edj m\u00e9rt\u00e9ke, az abb\u00f3l adott kedvezm\u00e9nyek<\/strong><\/td>\n<\/tr>\n<tr>\n<td><\/td>\n<td><a href=\"https:\/\/www.kvzrt.hu\/?page_id=2844\"><strong>R\u00e9szletesen&gt;<\/strong><\/a><\/td>\n<\/tr>\n<tr>\n<td><strong>II.6.<\/strong><\/td>\n<td><strong>A k\u00f6zfeladatot ell\u00e1t\u00f3 szerv \u00e1ltal fenntartott adatb\u00e1zisok, illetve nyilv\u00e1ntart\u00e1sok le\u00edr\u00f3 adatai (n\u00e9v, form\u00e1tum, az adatkezel\u00e9s c\u00e9lja, jogalapja, id\u0151tartama, az \u00e9rintettek k\u00f6re, az adatok forr\u00e1sa, k\u00e9rd\u0151\u00edves adatfelv\u00e9tel eset\u00e9n a kit\u00f6ltend\u0151 k\u00e9rd\u0151\u00edv), az adatv\u00e9delmi nyilv\u00e1ntart\u00e1sba bejelentend\u0151 nyilv\u00e1ntart\u00e1soknak az e t\u00f6rv\u00e9ny szerinti azonos\u00edt\u00f3 adatai; a k\u00f6zfeladatot ell\u00e1t\u00f3 szerv \u00e1ltal \u2013 alaptev\u00e9kenys\u00e9ge keret\u00e9ben \u2013 gy\u0171jt\u00f6tt \u00e9s feldolgozott adatok fajt\u00e1i, a hozz\u00e1f\u00e9r\u00e9s m\u00f3dja, a m\u00e1solatk\u00e9sz\u00edt\u00e9s k\u00f6lts\u00e9gei<\/strong><\/td>\n<\/tr>\n<tr>\n<td><\/td>\n<td><a href=\"https:\/\/www.kvzrt.hu\/?page_id=2846\"><strong>R\u00e9szletesen&gt;<\/strong><\/a><\/td>\n<\/tr>\n<tr>\n<td><strong>II.7.<\/strong><\/td>\n<td><strong>A k\u00f6zfeladatot ell\u00e1t\u00f3 szerv nyilv\u00e1nos kiadv\u00e1nyainak c\u00edme, t\u00e9m\u00e1ja, a hozz\u00e1f\u00e9r\u00e9s m\u00f3dja, a kiadv\u00e1ny ingyeness\u00e9ge, illetve a k\u00f6lts\u00e9gt\u00e9r\u00edt\u00e9s m\u00e9rt\u00e9ke<\/strong><\/td>\n<\/tr>\n<tr>\n<td><\/td>\n<td>T\u00e1rsas\u00e1gunkra vonatkoz\u00f3an nem relev\u00e1ns.<\/td>\n<\/tr>\n<tr>\n<td><strong>II.8.<\/strong><\/td>\n<td><strong>A test\u00fcleti szerv d\u00f6nt\u00e9sei el\u0151k\u00e9sz\u00edt\u00e9s\u00e9nek rendje, az \u00e1llampolg\u00e1ri k\u00f6zrem\u0171k\u00f6d\u00e9s (v\u00e9lem\u00e9nyez\u00e9s) m\u00f3dja, elj\u00e1r\u00e1si szab\u00e1lyai, a test\u00fcleti szerv \u00fcl\u00e9seinek helye, ideje, tov\u00e1bb\u00e1 nyilv\u00e1noss\u00e1ga, d\u00f6nt\u00e9sei, \u00fcl\u00e9s\u00e9nek jegyz\u0151k\u00f6nyvei, illetve \u00f6sszefoglal\u00f3i; a test\u00fcleti szerv szavaz\u00e1s\u00e1nak adatai, ha ezt jogszab\u00e1ly nem korl\u00e1tozza<\/strong><\/td>\n<\/tr>\n<tr>\n<td><\/td>\n<td>T\u00e1rsas\u00e1gunkra vonatkoz\u00f3an nem relev\u00e1ns.<\/td>\n<\/tr>\n<tr>\n<td><strong>II.9.<\/strong><\/td>\n<td><strong>A t\u00f6rv\u00e9ny alapj\u00e1n k\u00f6zz\u00e9teend\u0151 jogszab\u00e1lytervezetek \u00e9s kapcsol\u00f3d\u00f3 dokumentumok; a helyi \u00f6nkorm\u00e1nyzat k\u00e9pvisel\u0151-test\u00fclet\u00e9nek nyilv\u00e1nos \u00fcl\u00e9s\u00e9re beny\u00fajtott el\u0151terjeszt\u00e9sek a beny\u00fajt\u00e1s id\u0151pontj\u00e1t\u00f3l<\/strong><\/td>\n<\/tr>\n<tr>\n<td><\/td>\n<td>T\u00e1rsas\u00e1gunkra vonatkoz\u00f3an nem relev\u00e1ns.<\/td>\n<\/tr>\n<tr>\n<td><strong>II.10.<\/strong><\/td>\n<td><strong>A k\u00f6zfeladatot ell\u00e1t\u00f3 szerv \u00e1ltal k\u00f6zz\u00e9tett hirdetm\u00e9nyek, k\u00f6zlem\u00e9nyek<\/strong><\/td>\n<\/tr>\n<tr>\n<td><\/td>\n<td><a href=\"https:\/\/www.kvzrt.hu\/?page_id=2850\"><strong>R\u00e9szletesen&gt;<\/strong><\/a><\/td>\n<\/tr>\n<tr>\n<td><strong>II.11.<\/strong><\/td>\n<td><strong>A k\u00f6zfeladatot ell\u00e1t\u00f3 szerv \u00e1ltal ki\u00edrt p\u00e1ly\u00e1zatok szakmai le\u00edr\u00e1sa, azok eredm\u00e9nyei \u00e9s indokol\u00e1suk<\/strong><\/td>\n<\/tr>\n<tr>\n<td><\/td>\n<td><a href=\"https:\/\/www.kvzrt.hu\/?page_id=2852\"><strong>R\u00e9szletesen&gt;<\/strong><\/a><\/td>\n<\/tr>\n<tr>\n<td><strong>II.12.<\/strong><\/td>\n<td><strong>A k\u00f6zfeladatot ell\u00e1t\u00f3 szervn\u00e9l v\u00e9gzett alaptev\u00e9kenys\u00e9ggel kapcsolatos vizsg\u00e1latok, ellen\u0151rz\u00e9sek nyilv\u00e1nos meg\u00e1llap\u00edt\u00e1sai<\/strong><\/td>\n<\/tr>\n<tr>\n<td><\/td>\n<td><a href=\"https:\/\/www.kvzrt.hu\/?page_id=2854\"><strong>R\u00e9szletesen&gt;<\/strong><\/a><\/td>\n<\/tr>\n<tr>\n<td><strong>II.13.<\/strong><\/td>\n<td><strong>A k\u00f6z\u00e9rdek\u0171 adatok megismer\u00e9s\u00e9re ir\u00e1nyul\u00f3 ig\u00e9nyek int\u00e9z\u00e9s\u00e9nek rendje, az illet\u00e9kes szervezeti egys\u00e9g neve, el\u00e9rhet\u0151s\u00e9ge, s ahol kijel\u00f6l\u00e9sre ker\u00fcl, az adatv\u00e9delmi felel\u0151s, vagy az inform\u00e1ci\u00f3s jogokkal foglalkoz\u00f3 szem\u00e9ly neve<\/strong><\/td>\n<\/tr>\n<tr>\n<td><\/td>\n<td><strong><a href=\"https:\/\/www.kvzrt.hu\/?page_id=2856\">R\u00e9szletesen&gt;<\/a><\/strong><\/td>\n<\/tr>\n<tr>\n<td><strong>II.14.<\/strong><\/td>\n<td><strong>A k\u00f6zfeladatot ell\u00e1t\u00f3 szerv tev\u00e9kenys\u00e9g\u00e9re vonatkoz\u00f3, jogszab\u00e1lyon alapul\u00f3 statisztikai adatgy\u0171jt\u00e9s eredm\u00e9nyei, id\u0151beli v\u00e1ltoz\u00e1suk<\/strong><\/td>\n<\/tr>\n<tr>\n<td><\/td>\n<td>T\u00e1rsas\u00e1gunkra vonatkoz\u00f3an nem relev\u00e1ns.<\/td>\n<\/tr>\n<tr>\n<td><strong>II.15.<\/strong><\/td>\n<td><strong>A k\u00f6z\u00e9rdek\u0171 adatokkal kapcsolatos k\u00f6telez\u0151 statisztikai adatszolg\u00e1ltat\u00e1s adott szervre vonatkoz\u00f3 adatai<\/strong><\/td>\n<\/tr>\n<tr>\n<td><\/td>\n<td>T\u00e1rsas\u00e1gunkra vonatkoz\u00f3an nem relev\u00e1ns.<\/td>\n<\/tr>\n<tr>\n<td><strong>II.16.<\/strong><\/td>\n<td><strong>Azon k\u00f6z\u00e9rdek\u0171 adatok hasznos\u00edt\u00e1s\u00e1ra ir\u00e1nyul\u00f3 szerz\u0151d\u00e9sek list\u00e1ja, amelyekben a k\u00f6zfeladatot ell\u00e1t\u00f3 szerv az egyik szerz\u0151d\u0151 f\u00e9l<\/strong><\/td>\n<\/tr>\n<tr>\n<td><\/td>\n<td>T\u00e1rsas\u00e1gunkra vonatkoz\u00f3an nem relev\u00e1ns.<\/td>\n<\/tr>\n<tr>\n<td><strong>II.17.<\/strong><\/td>\n<td><strong>A k\u00f6zfeladatot ell\u00e1t\u00f3 szerv kezel\u00e9s\u00e9ben l\u00e9v\u0151 k\u00f6z\u00e9rdek\u0171 adatok felhaszn\u00e1l\u00e1s\u00e1ra, hasznos\u00edt\u00e1s\u00e1ra vonatkoz\u00f3 \u00e1ltal\u00e1nos szerz\u0151d\u00e9si felt\u00e9telek<\/strong><\/td>\n<\/tr>\n<tr>\n<td><\/td>\n<td><a href=\"https:\/\/www.kvzrt.hu\/?page_id=2861\"><strong>R\u00e9szletesen&gt;<\/strong><\/a><\/td>\n<\/tr>\n<tr>\n<td><strong>II.18.<\/strong><\/td>\n<td><strong>A k\u00f6zfeladatot ell\u00e1t\u00f3 szervre vonatkoz\u00f3 k\u00fcl\u00f6n\u00f6s \u00e9s egyedi k\u00f6zz\u00e9t\u00e9teli lista<\/strong><\/td>\n<\/tr>\n<tr>\n<td><\/td>\n<td>\n<p id=\"pr12id\" class=\" cf2 agc\" data-tid=\"11\"><a href=\"https:\/\/www.kvzrt.hu\/?page_id=2863\"><strong>R\u00e9szletesen&gt;<\/strong><\/a><\/p>\n<\/td>\n<\/tr>\n<tr>\n<td><strong>II.19.<\/strong><\/td>\n<td><strong>A k\u00f6zfeladatot ell\u00e1t\u00f3 szerv kezel\u00e9s\u00e9ben lev\u0151, a k\u00f6zadatok \u00fajrahasznos\u00edt\u00e1s\u00e1r\u00f3l sz\u00f3l\u00f3 t\u00f6rv\u00e9ny szerint \u00fajrahasznos\u00edt\u00e1s c\u00e9lj\u00e1ra el\u00e9rhet\u0151 k\u00f6zadatok list\u00e1ja, valamint azok rendelkez\u00e9sre \u00e1ll\u00f3 form\u00e1tuma<\/strong><\/td>\n<\/tr>\n<tr>\n<td><\/td>\n<td>T\u00e1rsas\u00e1gunkra vonatkoz\u00f3an nem relev\u00e1ns.<\/td>\n<\/tr>\n<tr>\n<td><strong>II.20.<\/strong><\/td>\n<td><strong>A 19. sor szerinti k\u00f6zadatok \u00fajrahasznos\u00edt\u00e1s\u00e1ra vonatkoz\u00f3 \u00e1ltal\u00e1nos szerz\u0151d\u00e9si felt\u00e9telek elektronikusan szerkeszthet\u0151 v\u00e1ltozata<\/strong><\/td>\n<\/tr>\n<tr>\n<td><\/td>\n<td>T\u00e1rsas\u00e1gunkra vonatkoz\u00f3an nem relev\u00e1ns.<\/td>\n<\/tr>\n<tr>\n<td><strong>II.21.<\/strong><\/td>\n<td><strong>A 19. sor szerinti k\u00f6zadatok \u00fajrahasznos\u00edt\u00e1s c\u00e9lj\u00e1b\u00f3l t\u00f6rt\u00e9n\u0151 rendelkez\u00e9sre bocs\u00e1t\u00e1s\u00e9rt fizetend\u0151 d\u00edjak \u00e1ltal\u00e1nos jegyz\u00e9ke<\/strong><\/td>\n<\/tr>\n<tr>\n<td><\/td>\n<td>T\u00e1rsas\u00e1gunkra vonatkoz\u00f3an nem relev\u00e1ns.<\/td>\n<\/tr>\n<tr>\n<td><strong>II.22.<\/strong><\/td>\n<td><strong>A k\u00f6zadatok \u00fajrahasznos\u00edt\u00e1s\u00e1r\u00f3l sz\u00f3l\u00f3 t\u00f6rv\u00e9ny szerinti jogorvoslati t\u00e1j\u00e9koztat\u00e1s<\/strong><\/td>\n<\/tr>\n<tr>\n<td><\/td>\n<td>T\u00e1rsas\u00e1gunkra vonatkoz\u00f3an nem relev\u00e1ns.<\/td>\n<\/tr>\n<tr>\n<td><strong>II.23.<\/strong><\/td>\n<td><strong>A k\u00f6zfeladatot ell\u00e1t\u00f3 szerv \u00e1ltal megk\u00f6t\u00f6tt, a k\u00f6zadatok \u00fajrahasznos\u00edt\u00e1s\u00e1r\u00f3l sz\u00f3l\u00f3 t\u00f6rv\u00e9ny szerint k\u00f6t\u00f6tt kiz\u00e1r\u00f3lagos jogot biztos\u00edt\u00f3 meg\u00e1llapod\u00e1sok szerz\u0151d\u0151 feleinek megjel\u00f6l\u00e9se, a kiz\u00e1r\u00f3lagoss\u00e1g id\u0151tartam\u00e1nak, t\u00e1rgy\u00e1nak, valamint a meg\u00e1llapod\u00e1s egy\u00e9b l\u00e9nyeges elemeinek megjel\u00f6l\u00e9se<\/strong><\/td>\n<\/tr>\n<tr>\n<td><\/td>\n<td>T\u00e1rsas\u00e1gunkra vonatkoz\u00f3an nem relev\u00e1ns.<\/td>\n<\/tr>\n<\/tbody>\n<\/table>\n<table width=\"602\">\n<tbody>\n<tr>\n<td><strong>II.24.<\/strong><\/td>\n<td><strong>A k\u00f6zfeladatot ell\u00e1t\u00f3 szerv \u00e1ltal k\u00f6t\u00f6tt, a k\u00f6zadatok \u00fajrahasznos\u00edt\u00e1s\u00e1r\u00f3l sz\u00f3l\u00f3 t\u00f6rv\u00e9ny szerint a kultur\u00e1lis k\u00f6zadatok digitaliz\u00e1l\u00e1s\u00e1ra kiz\u00e1r\u00f3lagos jogot biztos\u00edt\u00f3 meg\u00e1llapod\u00e1sok sz\u00f6vege.<\/strong><\/td>\n<\/tr>\n<tr>\n<td><\/td>\n<td>T\u00e1rsas\u00e1gunkra vonatkoz\u00f3an nem relev\u00e1ns.<\/td>\n<\/tr>\n<tr>\n<td><strong>II.25.<\/strong><\/td>\n<td><strong>A k\u00f6zadatok \u00fajrahasznos\u00edt\u00e1s\u00e1r\u00f3l sz\u00f3l\u00f3 t\u00f6rv\u00e9ny szerinti azon jogszab\u00e1ly, k\u00f6zjogi szervezetszab\u00e1lyoz\u00f3 eszk\u00f6z, k\u00f6zszolg\u00e1ltat\u00e1si szerz\u0151d\u00e9s vagy m\u00e1s k\u00f6telez\u0151 er\u0151vel b\u00edr\u00f3 dokumentum (vagy az annak el\u00e9rhet\u0151s\u00e9g\u00e9re mutat\u00f3 hivatkoz\u00e1s), amely az \u00fajrahasznos\u00edt\u00e1s c\u00e9lj\u00e1b\u00f3l rendelkez\u00e9sre bocs\u00e1that\u00f3 k\u00f6zadat gy\u0171jt\u00e9s\u00e9vel, el\u0151\u00e1ll\u00edt\u00e1s\u00e1val, feldolgoz\u00e1s\u00e1val \u00e9s terjeszt\u00e9s\u00e9vel \u00f6sszef\u00fcgg\u0151 k\u00f6lts\u00e9gek jelent\u0151s r\u00e9sz\u00e9nek saj\u00e1t bev\u00e9telb\u0151l val\u00f3 fedez\u00e9s\u00e9t \u00edrja el\u0151 a k\u00f6zfeladatot ell\u00e1t\u00f3 szerv r\u00e9sz\u00e9re<\/strong><\/td>\n<\/tr>\n<tr>\n<td><\/td>\n<td>T\u00e1rsas\u00e1gunkra vonatkoz\u00f3an nem relev\u00e1ns.<\/td>\n<\/tr>\n<\/tbody>\n<\/table>\n<p><strong> III. Gazd\u00e1lkod\u00e1si adatok<\/strong><\/p>\n<table width=\"602\">\n<tbody>\n<tr>\n<td><strong>III.1.<\/strong><\/td>\n<td><strong>A k\u00f6zfeladatot ell\u00e1t\u00f3 szerv \u00e9ves k\u00f6lts\u00e9gvet\u00e9se, sz\u00e1mviteli t\u00f6rv\u00e9ny szerinti besz\u00e1mol\u00f3ja vagy \u00e9ves k\u00f6lts\u00e9gvet\u00e9si besz\u00e1mol\u00f3ja<\/strong><\/td>\n<\/tr>\n<tr>\n<td><\/td>\n<td><a href=\"https:\/\/www.kvzrt.hu\/?page_id=2872\"><strong>R\u00e9szletesen&gt;<\/strong><\/a><\/td>\n<\/tr>\n<tr>\n<td><strong>III.2.<\/strong><\/td>\n<td><strong>A k\u00f6zfeladatot ell\u00e1t\u00f3 szervn\u00e9l foglalkoztatottak l\u00e9tsz\u00e1m\u00e1ra \u00e9s szem\u00e9lyi juttat\u00e1saira vonatkoz\u00f3 \u00f6sszes\u00edtett adatok, illetve \u00f6sszes\u00edtve a vezet\u0151k \u00e9s vezet\u0151 tiszts\u00e9gvisel\u0151k illetm\u00e9nye, munkab\u00e9re, \u00e9s rendszeres juttat\u00e1sai, valamint k\u00f6lts\u00e9gt\u00e9r\u00edt\u00e9se, az egy\u00e9b alkalmazottaknak ny\u00fajtott juttat\u00e1sok fajt\u00e1ja \u00e9s m\u00e9rt\u00e9ke \u00f6sszes\u00edtve<\/strong><\/td>\n<\/tr>\n<tr>\n<td><\/td>\n<td><a href=\"https:\/\/www.kvzrt.hu\/?page_id=2874\"><strong>R\u00e9szletesen&gt;<\/strong><\/a><\/td>\n<\/tr>\n<tr>\n<td><strong>III.3.<\/strong><\/td>\n<td><strong>A k\u00f6zfeladatot ell\u00e1t\u00f3 szerv \u00e1ltal ny\u00fajtott, az \u00e1llamh\u00e1ztart\u00e1sr\u00f3l sz\u00f3l\u00f3 t\u00f6rv\u00e9ny szerinti k\u00f6lts\u00e9gvet\u00e9si t\u00e1mogat\u00e1sok kedvezm\u00e9nyezettjeinek nev\u00e9re, a t\u00e1mogat\u00e1s c\u00e9lj\u00e1ra, \u00f6sszeg\u00e9re, tov\u00e1bb\u00e1 a t\u00e1mogat\u00e1si program megval\u00f3s\u00edt\u00e1si hely\u00e9re vonatkoz\u00f3 adatok, kiv\u00e9ve, ha a k\u00f6zz\u00e9t\u00e9tel el\u0151tt a k\u00f6lts\u00e9gvet\u00e9si t\u00e1mogat\u00e1st visszavonj\u00e1k vagy arr\u00f3l a kedvezm\u00e9nyezett lemond<\/strong><\/td>\n<\/tr>\n<tr>\n<td><\/td>\n<td>T\u00e1rsas\u00e1gunkra vonatkoz\u00f3an nem relev\u00e1ns.<\/td>\n<\/tr>\n<tr>\n<td><strong>III.4.<\/strong><\/td>\n<td><strong>Az \u00e1llamh\u00e1ztart\u00e1s p\u00e9nzeszk\u00f6zei felhaszn\u00e1l\u00e1s\u00e1val, az \u00e1llamh\u00e1ztart\u00e1shoz tartoz\u00f3 vagyonnal t\u00f6rt\u00e9n\u0151 gazd\u00e1lkod\u00e1ssal \u00f6sszef\u00fcgg\u0151, \u00f6tmilli\u00f3 forintot el\u00e9r\u0151 vagy azt meghalad\u00f3 \u00e9rt\u00e9k\u0171 \u00e1rubeszerz\u00e9sre, \u00e9p\u00edt\u00e9si beruh\u00e1z\u00e1sra, szolg\u00e1ltat\u00e1s megrendel\u00e9sre, vagyon\u00e9rt\u00e9kes\u00edt\u00e9sre, vagyonhasznos\u00edt\u00e1sra, vagyon vagy vagyoni \u00e9rt\u00e9k\u0171 jog \u00e1tad\u00e1s\u00e1ra, valamint koncesszi\u00f3ba ad\u00e1sra vonatkoz\u00f3 szerz\u0151d\u00e9sek megnevez\u00e9se (t\u00edpusa), t\u00e1rgya, a szerz\u0151d\u00e9st k\u00f6t\u0151 felek neve, a szerz\u0151d\u00e9s \u00e9rt\u00e9ke, hat\u00e1rozott id\u0151re k\u00f6t\u00f6tt szerz\u0151d\u00e9s eset\u00e9ben annak id\u0151tartama, valamint az eml\u00edtett adatok v\u00e1ltoz\u00e1sai, a nemzetbiztons\u00e1gi, illetve honv\u00e9delmi \u00e9rdekkel k\u00f6zvetlen\u00fcl \u00f6sszef\u00fcgg\u0151 beszerz\u00e9sek adatai, \u00e9s a min\u0151s\u00edtett adatok kiv\u00e9tel\u00e9vel. <\/strong><\/td>\n<\/tr>\n<tr>\n<td><\/td>\n<td><a href=\"https:\/\/www.kvzrt.hu\/?page_id=2878\"><strong>R\u00e9szletesen&gt;<\/strong><\/a><\/td>\n<\/tr>\n<tr>\n<td><strong>III.5.<\/strong><\/td>\n<td><strong>A koncesszi\u00f3r\u00f3l sz\u00f3l\u00f3 t\u00f6rv\u00e9nyben meghat\u00e1rozott nyilv\u00e1nos adatok (p\u00e1ly\u00e1zati ki\u00edr\u00e1sok, p\u00e1ly\u00e1z\u00f3k adatai, az elb\u00edr\u00e1l\u00e1sr\u00f3l k\u00e9sz\u00edtett eml\u00e9keztet\u0151k, p\u00e1ly\u00e1zat eredm\u00e9nye)<\/strong><\/td>\n<\/tr>\n<tr>\n<td><\/td>\n<td>T\u00e1rsas\u00e1gunkra vonatkoz\u00f3an nem relev\u00e1ns.<\/td>\n<\/tr>\n<tr>\n<td><strong>III.6.<\/strong><\/td>\n<td><strong>A k\u00f6zfeladatot ell\u00e1t\u00f3 szerv \u00e1ltal nem alapfeladatai ell\u00e1t\u00e1s\u00e1ra (\u00edgy k\u00fcl\u00f6n\u00f6sen egyes\u00fclet t\u00e1mogat\u00e1s\u00e1ra, foglalkoztatottai szakmai \u00e9s munkav\u00e1llal\u00f3i \u00e9rdek-k\u00e9pviseleti szervei sz\u00e1m\u00e1ra, foglalkoztatottjai, ell\u00e1tottjai oktat\u00e1si, kultur\u00e1lis, szoci\u00e1lis \u00e9s sporttev\u00e9kenys\u00e9get seg\u00edt\u0151 szervezet t\u00e1mogat\u00e1s\u00e1ra, alap\u00edtv\u00e1nyok \u00e1ltal ell\u00e1tott feladatokkal \u00f6sszef\u00fcgg\u0151 kifizet\u00e9sre) ford\u00edtott, \u00f6tmilli\u00f3 forintot meghalad\u00f3 kifizet\u00e9sek<\/strong><\/td>\n<\/tr>\n<tr>\n<td><\/td>\n<td>T\u00e1rsas\u00e1gunkra vonatkoz\u00f3an nem relev\u00e1ns.<\/td>\n<\/tr>\n<tr>\n<td><strong>III.7.<\/strong><\/td>\n<td><strong>Az Eur\u00f3pai Uni\u00f3 t\u00e1mogat\u00e1s\u00e1val megval\u00f3sul\u00f3 fejleszt\u00e9sek le\u00edr\u00e1sa, az azokra vonatkoz\u00f3 szerz\u0151d\u00e9sek<\/strong><\/td>\n<\/tr>\n<tr>\n<td><\/td>\n<td>T\u00e1rsas\u00e1gunkra vonatkoz\u00f3an nem relev\u00e1ns.<\/td>\n<\/tr>\n<tr>\n<td><strong>III.8.<\/strong><\/td>\n<td><strong>K\u00f6zbeszerz\u00e9si inform\u00e1ci\u00f3k (\u00e9ves terv, \u00f6sszegz\u00e9s az aj\u00e1nlatok elb\u00edr\u00e1l\u00e1s\u00e1r\u00f3l, a megk\u00f6t\u00f6tt szerz\u0151d\u00e9sekr\u0151l)<\/strong><\/td>\n<\/tr>\n<tr>\n<td><\/td>\n<td><strong><a href=\"https:\/\/www.kvzrt.hu\/?page_id=2882\">R\u00e9szletesen&gt;<\/a><\/strong><\/td>\n<\/tr>\n<\/tbody>\n<\/table>\n","protected":false},"excerpt":{"rendered":"<p>18\/2005. (XII. 27.) IHM rendelet 4. \u00a7 alapj\u00e1n: a) a legut\u00f3bbi m\u00f3dos\u00edt\u00e1s ideje: 2025.01.08. b) ha a k\u00f6zz\u00e9t\u00e9teli egys\u00e9g kor\u00e1bbi \u00e1llapota arch\u00edv \u00e1llom\u00e1nyba ker\u00fclt, az annak el\u00e9r\u00e9s\u00e9t biztos\u00edt\u00f3 hivatkoz\u00e1s: az archiv\u00e1lt \u00e1llom\u00e1ny el\u00e9rhet\u0151 az aktu\u00e1lis inform\u00e1ci\u00f3 mellett. c) arch\u00edv \u00e1llom\u00e1nyba helyezett k\u00f6zz\u00e9t\u00e9teli egys\u00e9g eset\u00e9n a k\u00fcl\u00f6n jogszab\u00e1lyban foglaltak: az archiv\u00e1lt \u00e1llom\u00e1ny el\u00e9rhet\u0151 az aktu\u00e1lis inform\u00e1ci\u00f3 [&hellip;]<\/p>\n","protected":false},"author":3,"featured_media":0,"parent":0,"menu_order":8,"comment_status":"closed","ping_status":"closed","template":"","meta":{"_monsterinsights_skip_tracking":false,"_monsterinsights_sitenote_active":false,"_monsterinsights_sitenote_note":"","_monsterinsights_sitenote_category":0,"footnotes":""},"class_list":["post-1220","page","type-page","status-publish","hentry"],"_links":{"self":[{"href":"https:\/\/www.kvzrt.hu\/index.php?rest_route=\/wp\/v2\/pages\/1220","targetHints":{"allow":["GET"]}}],"collection":[{"href":"https:\/\/www.kvzrt.hu\/index.php?rest_route=\/wp\/v2\/pages"}],"about":[{"href":"https:\/\/www.kvzrt.hu\/index.php?rest_route=\/wp\/v2\/types\/page"}],"author":[{"embeddable":true,"href":"https:\/\/www.kvzrt.hu\/index.php?rest_route=\/wp\/v2\/users\/3"}],"replies":[{"embeddable":true,"href":"https:\/\/www.kvzrt.hu\/index.php?rest_route=%2Fwp%2Fv2%2Fcomments&post=1220"}],"version-history":[{"count":96,"href":"https:\/\/www.kvzrt.hu\/index.php?rest_route=\/wp\/v2\/pages\/1220\/revisions"}],"predecessor-version":[{"id":2948,"href":"https:\/\/www.kvzrt.hu\/index.php?rest_route=\/wp\/v2\/pages\/1220\/revisions\/2948"}],"wp:attachment":[{"href":"https:\/\/www.kvzrt.hu\/index.php?rest_route=%2Fwp%2Fv2%2Fmedia&parent=1220"}],"curies":[{"name":"wp","href":"https:\/\/api.w.org\/{rel}","templated":true}]}}