{"id":1159,"date":"2017-12-04T11:23:27","date_gmt":"2017-12-04T10:23:27","guid":{"rendered":"http:\/\/www.kvzrt.hu\/?page_id=1159"},"modified":"2018-01-09T14:00:59","modified_gmt":"2018-01-09T13:00:59","slug":"pongrac-19-rendelo-felujitasa","status":"publish","type":"page","link":"https:\/\/www.kvzrt.hu\/?page_id=1159","title":{"rendered":"Pongr\u00e1c 19 rendel\u0151 fel\u00faj\u00edt\u00e1sa"},"content":{"rendered":"<p><a href=\"http:\/\/www.kvzrt.hu\/wp-content\/uploads\/2017\/12\/Aj\u00e1nlatt\u00e9teli-felh\u00edv\u00e1s-megk\u00fcld\u00e9se_Pongr\u00e1c-\u00fat-orvosi-rendel\u0151-fel\u00faj\u00edt\u00e1sa_171130.pdf\">Aj\u00e1nlatt\u00e9teli felh\u00edv\u00e1s megk\u00fcld\u00e9se_Pongr\u00e1c \u00fat orvosi rendel\u0151 fel\u00faj\u00edt\u00e1sa_171130<\/a><\/p>\n<p><a href=\"http:\/\/www.kvzrt.hu\/wp-content\/uploads\/2017\/12\/K\u00f6zbeszerz\u00e9si-dokumentumok_V\u00e9gleges.pdf\">K\u00f6zbeszerz\u00e9si dokumentumok_V\u00e9gleges<\/a><\/p>\n<p><a href=\"http:\/\/www.kvzrt.hu\/wp-content\/uploads\/2017\/12\/00_F\u0150\u00d6SSZES\u00cdT\u0150.pdf\">00_F\u0150\u00d6SSZES\u00cdT\u0150<\/a><\/p>\n<p><a href=\"http:\/\/www.kvzrt.hu\/wp-content\/uploads\/2018\/01\/Bont\u00e1si-jkv-megk\u00fcld\u00e9se_Pongr\u00e1c-rendel\u0151_180109.pdf\">Bont\u00e1si jkv megk\u00fcld\u00e9se_Pongr\u00e1c rendel\u0151_180109<\/a><\/p>\n<p><a href=\"http:\/\/www.kvzrt.hu\/wp-content\/uploads\/2018\/01\/Aj\u00e1nlatt\u00e9telre-felk\u00e9rt-gazdas\u00e1gi-szerepl\u0151k-Pongr\u00e1c.pdf\">Aj\u00e1nlatt\u00e9telre felk\u00e9rt gazdas\u00e1gi szerepl\u0151k Pongr\u00e1c<\/a><\/p>\n","protected":false},"excerpt":{"rendered":"<p>Aj\u00e1nlatt\u00e9teli felh\u00edv\u00e1s megk\u00fcld\u00e9se_Pongr\u00e1c \u00fat orvosi rendel\u0151 fel\u00faj\u00edt\u00e1sa_171130 K\u00f6zbeszerz\u00e9si dokumentumok_V\u00e9gleges 00_F\u0150\u00d6SSZES\u00cdT\u0150 Bont\u00e1si jkv megk\u00fcld\u00e9se_Pongr\u00e1c rendel\u0151_180109 Aj\u00e1nlatt\u00e9telre felk\u00e9rt gazdas\u00e1gi szerepl\u0151k Pongr\u00e1c<\/p>\n","protected":false},"author":2,"featured_media":0,"parent":720,"menu_order":0,"comment_status":"closed","ping_status":"closed","template":"","meta":{"_monsterinsights_skip_tracking":false,"_monsterinsights_sitenote_active":false,"_monsterinsights_sitenote_note":"","_monsterinsights_sitenote_category":0,"footnotes":""},"class_list":["post-1159","page","type-page","status-publish","hentry"],"_links":{"self":[{"href":"https:\/\/www.kvzrt.hu\/index.php?rest_route=\/wp\/v2\/pages\/1159","targetHints":{"allow":["GET"]}}],"collection":[{"href":"https:\/\/www.kvzrt.hu\/index.php?rest_route=\/wp\/v2\/pages"}],"about":[{"href":"https:\/\/www.kvzrt.hu\/index.php?rest_route=\/wp\/v2\/types\/page"}],"author":[{"embeddable":true,"href":"https:\/\/www.kvzrt.hu\/index.php?rest_route=\/wp\/v2\/users\/2"}],"replies":[{"embeddable":true,"href":"https:\/\/www.kvzrt.hu\/index.php?rest_route=%2Fwp%2Fv2%2Fcomments&post=1159"}],"version-history":[{"count":3,"href":"https:\/\/www.kvzrt.hu\/index.php?rest_route=\/wp\/v2\/pages\/1159\/revisions"}],"predecessor-version":[{"id":1183,"href":"https:\/\/www.kvzrt.hu\/index.php?rest_route=\/wp\/v2\/pages\/1159\/revisions\/1183"}],"up":[{"embeddable":true,"href":"https:\/\/www.kvzrt.hu\/index.php?rest_route=\/wp\/v2\/pages\/720"}],"wp:attachment":[{"href":"https:\/\/www.kvzrt.hu\/index.php?rest_route=%2Fwp%2Fv2%2Fmedia&parent=1159"}],"curies":[{"name":"wp","href":"https:\/\/api.w.org\/{rel}","templated":true}]}}