{"id":1073,"date":"2017-10-24T09:13:12","date_gmt":"2017-10-24T08:13:12","guid":{"rendered":"http:\/\/www.kvzrt.hu\/?page_id=1073"},"modified":"2017-11-09T11:45:49","modified_gmt":"2017-11-09T10:45:49","slug":"ihasz-26-felujitas","status":"publish","type":"page","link":"https:\/\/www.kvzrt.hu\/?page_id=1073","title":{"rendered":"Ih\u00e1sz 26 fel\u00faj\u00edt\u00e1s"},"content":{"rendered":"<p><a href=\"http:\/\/www.kvzrt.hu\/wp-content\/uploads\/2017\/10\/Aj\u00e1nlatt\u00e9teli-felh\u00edv\u00e1s-megk\u00fcld\u00e9se_Ih\u00e1sz-utca-26.-fel\u00faj\u00edt\u00e1s_171020.pdf\">Aj\u00e1nlatt\u00e9teli felh\u00edv\u00e1s megk\u00fcld\u00e9se_Ih\u00e1sz utca 26. fel\u00faj\u00edt\u00e1s_171020<\/a><\/p>\n<p><a href=\"http:\/\/www.kvzrt.hu\/wp-content\/uploads\/2017\/10\/K\u00f6zbeszerz\u00e9si-dokumentumok_Ih\u00e1sz-utca-26._v\u00e9gleges.pdf\">K\u00f6zbeszerz\u00e9si dokumentumok_Ih\u00e1sz utca 26._v\u00e9gleges<\/a><\/p>\n<p><a href=\"http:\/\/www.kvzrt.hu\/wp-content\/uploads\/2017\/10\/\u00c9rt\u00e9kv\u00e9delmi-tervdokument\u00e1ci\u00f3_IH\u00c1SZ-utca-26.-.pdf\">\u00c9rt\u00e9kv\u00e9delmi tervdokument\u00e1ci\u00f3_IH\u00c1SZ utca 26.<\/a><\/p>\n<p><a href=\"http:\/\/www.kvzrt.hu\/wp-content\/uploads\/2017\/10\/IH\u00c1SZ-26_statika.pdf\">IH\u00c1SZ 26_statika<\/a><\/p>\n<p><a href=\"http:\/\/www.kvzrt.hu\/wp-content\/uploads\/2017\/10\/M\u0171eml\u00e9ki-jegyz\u0151k\u00f6nyv.pdf\">M\u0171eml\u00e9ki jegyz\u0151k\u00f6nyv<\/a><\/p>\n<p><a href=\"http:\/\/www.kvzrt.hu\/wp-content\/uploads\/2017\/10\/Ih\u00e1sz-26-f\u0151\u00f6sszes\u00edt\u0151.pdf\">Ih\u00e1sz 26-f\u0151\u00f6sszes\u00edt\u0151<\/a><\/p>\n<p><a href=\"http:\/\/www.kvzrt.hu\/wp-content\/uploads\/2017\/10\/\u00c98-Tervezett-alagsor.pdf\">\u00c98-Tervezett alagsor<\/a><\/p>\n<p><a href=\"http:\/\/www.kvzrt.hu\/wp-content\/uploads\/2017\/10\/\u00c99-Tervezett-f\u00f6ldszint.pdf\">\u00c99-Tervezett f\u00f6ldszint<\/a><\/p>\n<p><a href=\"http:\/\/www.kvzrt.hu\/wp-content\/uploads\/2017\/10\/\u00c910-Tervezett-tet\u0151t\u00e9r.pdf\">\u00c910-Tervezett tet\u0151t\u00e9r<\/a><\/p>\n<p><a href=\"http:\/\/www.kvzrt.hu\/wp-content\/uploads\/2017\/10\/\u00c911-\u00c9NY-tervezett.pdf\">\u00c911- \u00c9NY tervezett<\/a><\/p>\n<p><a href=\"http:\/\/www.kvzrt.hu\/wp-content\/uploads\/2017\/10\/\u00c912-DK-tervezett.pdf\">\u00c912-DK tervezett<\/a><\/p>\n<p><a href=\"http:\/\/www.kvzrt.hu\/wp-content\/uploads\/2017\/10\/\u00c913-\u00c9K-tervezett.pdf\">\u00c913-\u00c9K tervezett<\/a><\/p>\n<p><a href=\"http:\/\/www.kvzrt.hu\/wp-content\/uploads\/2017\/10\/\u00c914-DNY-tervezett.pdf\">\u00c914-DNY tervezett<\/a><\/p>\n<p><a href=\"http:\/\/www.kvzrt.hu\/wp-content\/uploads\/2017\/10\/Ihasz-26_MuszakiLeiras.10.16.pdf\">Ihasz-26_MuszakiLeiras.10.16<\/a><\/p>\n<p><a href=\"http:\/\/www.kvzrt.hu\/wp-content\/uploads\/2017\/11\/Aj\u00e1nlatt\u00e9telre-felk\u00e9rt-gazdas\u00e1gi-szerepl\u0151k-Ih\u00e1sz-26.pdf\">Aj\u00e1nlatt\u00e9telre felk\u00e9rt gazdas\u00e1gi szerepl\u0151k Ih\u00e1sz 26<\/a><\/p>\n<p><a href=\"http:\/\/www.kvzrt.hu\/wp-content\/uploads\/2017\/11\/Bont\u00e1si-jkv-megk\u00fcld\u00e9se_Ih\u00e1sz-utca-26.-fel\u00faj\u00edt\u00e1sa_171109.pdf\">Bont\u00e1si jkv megk\u00fcld\u00e9se_Ih\u00e1sz utca 26. fel\u00faj\u00edt\u00e1sa_171109<\/a><\/p>\n","protected":false},"excerpt":{"rendered":"<p>Aj\u00e1nlatt\u00e9teli felh\u00edv\u00e1s megk\u00fcld\u00e9se_Ih\u00e1sz utca 26. fel\u00faj\u00edt\u00e1s_171020 K\u00f6zbeszerz\u00e9si dokumentumok_Ih\u00e1sz utca 26._v\u00e9gleges \u00c9rt\u00e9kv\u00e9delmi tervdokument\u00e1ci\u00f3_IH\u00c1SZ utca 26. IH\u00c1SZ 26_statika M\u0171eml\u00e9ki jegyz\u0151k\u00f6nyv Ih\u00e1sz 26-f\u0151\u00f6sszes\u00edt\u0151 \u00c98-Tervezett alagsor \u00c99-Tervezett f\u00f6ldszint \u00c910-Tervezett tet\u0151t\u00e9r \u00c911- \u00c9NY tervezett \u00c912-DK tervezett \u00c913-\u00c9K tervezett \u00c914-DNY tervezett Ihasz-26_MuszakiLeiras.10.16 Aj\u00e1nlatt\u00e9telre felk\u00e9rt gazdas\u00e1gi szerepl\u0151k Ih\u00e1sz 26 Bont\u00e1si jkv megk\u00fcld\u00e9se_Ih\u00e1sz utca 26. fel\u00faj\u00edt\u00e1sa_171109<\/p>\n","protected":false},"author":2,"featured_media":0,"parent":720,"menu_order":0,"comment_status":"closed","ping_status":"closed","template":"","meta":{"_monsterinsights_skip_tracking":false,"_monsterinsights_sitenote_active":false,"_monsterinsights_sitenote_note":"","_monsterinsights_sitenote_category":0,"footnotes":""},"class_list":["post-1073","page","type-page","status-publish","hentry"],"_links":{"self":[{"href":"https:\/\/www.kvzrt.hu\/index.php?rest_route=\/wp\/v2\/pages\/1073","targetHints":{"allow":["GET"]}}],"collection":[{"href":"https:\/\/www.kvzrt.hu\/index.php?rest_route=\/wp\/v2\/pages"}],"about":[{"href":"https:\/\/www.kvzrt.hu\/index.php?rest_route=\/wp\/v2\/types\/page"}],"author":[{"embeddable":true,"href":"https:\/\/www.kvzrt.hu\/index.php?rest_route=\/wp\/v2\/users\/2"}],"replies":[{"embeddable":true,"href":"https:\/\/www.kvzrt.hu\/index.php?rest_route=%2Fwp%2Fv2%2Fcomments&post=1073"}],"version-history":[{"count":4,"href":"https:\/\/www.kvzrt.hu\/index.php?rest_route=\/wp\/v2\/pages\/1073\/revisions"}],"predecessor-version":[{"id":1108,"href":"https:\/\/www.kvzrt.hu\/index.php?rest_route=\/wp\/v2\/pages\/1073\/revisions\/1108"}],"up":[{"embeddable":true,"href":"https:\/\/www.kvzrt.hu\/index.php?rest_route=\/wp\/v2\/pages\/720"}],"wp:attachment":[{"href":"https:\/\/www.kvzrt.hu\/index.php?rest_route=%2Fwp%2Fv2%2Fmedia&parent=1073"}],"curies":[{"name":"wp","href":"https:\/\/api.w.org\/{rel}","templated":true}]}}