{"id":1047,"date":"2017-10-16T11:33:20","date_gmt":"2017-10-16T10:33:20","guid":{"rendered":"http:\/\/www.kvzrt.hu\/?page_id=1047"},"modified":"2017-10-30T11:32:24","modified_gmt":"2017-10-30T10:32:24","slug":"1102-budapest-kapolna-utca-2-hrsz-414648-szam-alatti-szolgaltatohaz-bontasi-munkai","status":"publish","type":"page","link":"https:\/\/www.kvzrt.hu\/?page_id=1047","title":{"rendered":"Szolg\u00e1ltat\u00f3h\u00e1z bont\u00e1si munk\u00e1i"},"content":{"rendered":"<p><a href=\"http:\/\/www.kvzrt.hu\/wp-content\/uploads\/2017\/10\/Aj\u00e1nlatt\u00e9teli-felh\u00edv\u00e1s-megk\u00fcld\u00e9se_Szolg\u00e1ltat\u00f3h\u00e1z-bont\u00e1sa_171013.pdf\">Aj\u00e1nlatt\u00e9teli felh\u00edv\u00e1s megk\u00fcld\u00e9se_Szolg\u00e1ltat\u00f3h\u00e1z bont\u00e1sa_171013<\/a><\/p>\n<p><a href=\"http:\/\/www.kvzrt.hu\/wp-content\/uploads\/2017\/10\/K\u00f6zbeszerz\u00e9si-dokumentumok_Szolg\u00e1ltat\u00f3-H\u00e1z-bont\u00e1si-munk\u00e1i_v\u00e9gleges.pdf\">K\u00f6zbeszerz\u00e9si dokumentumok_Szolg\u00e1ltat\u00f3 H\u00e1z bont\u00e1si munk\u00e1i_v\u00e9gleges<\/a><\/p>\n<p><a href=\"http:\/\/www.kvzrt.hu\/wp-content\/uploads\/2017\/10\/Bont\u00e1si-Mu_szaki-le\u00edr\u00e1s-K\u00e1polna-utca-2-1.pdf\">Bont\u00e1si Mu_szaki le\u00edr\u00e1s &#8211; K\u00e1polna utca 2-1<\/a><\/p>\n<p><a href=\"http:\/\/www.kvzrt.hu\/wp-content\/uploads\/2017\/10\/Bont\u00e1si-terv-Villamos-m\u0171szaki-le\u00edr\u00e1s-K\u00e1polna-u.pdf\">Bont\u00e1si terv -Villamos m\u0171szaki le\u00edr\u00e1s K\u00e1polna u<\/a><\/p>\n<p><a href=\"http:\/\/www.kvzrt.hu\/wp-content\/uploads\/2017\/10\/\u00c9p\u00fcletbont\u00e1s_\u00c9p\u00fcletg\u00e9p\u00e9sz-tervfejezet-1.pdf\">\u00c9p\u00fcletbont\u00e1s_\u00c9p\u00fcletg\u00e9p\u00e9sz tervfejezet-1<\/a><\/p>\n<p><a href=\"http:\/\/www.kvzrt.hu\/wp-content\/uploads\/2017\/10\/X-K\u00e1polna-utca-2-1_statikai-m\u0171le\u00edr\u00e1s.pdf\">X K\u00e1polna utca 2-1_statikai m\u0171le\u00edr\u00e1s<\/a><\/p>\n<p><a href=\"http:\/\/www.kvzrt.hu\/wp-content\/uploads\/2017\/10\/Bont\u00e1si-terv-K\u00e1polna-utca-2.pdf\">Bont\u00e1si terv &#8211; K\u00e1polna utca-2<\/a><\/p>\n<p><a href=\"http:\/\/www.kvzrt.hu\/wp-content\/uploads\/2017\/10\/Bont\u00e1si-k\u00f6lts\u00e9gvet\u00e9s-ki\u00edr\u00e1s_K\u00e1polna-utca-Szolg\u00e1ltat\u00f3h\u00e1z_171013.pdf\">Bont\u00e1si k\u00f6lts\u00e9gvet\u00e9s ki\u00edr\u00e1s_K\u00e1polna utca Szolg\u00e1ltat\u00f3h\u00e1z_171013<\/a><\/p>\n<p><a href=\"http:\/\/www.kvzrt.hu\/wp-content\/uploads\/2017\/10\/Aj\u00e1nlatt\u00e9telre-felk\u00e9rt-gazdas\u00e1gi-szerepl\u0151k-Szolgf\u00e1ltat\u00f3h\u00e1z-bont\u00e1sa.pdf\">Aj\u00e1nlatt\u00e9telre felk\u00e9rt gazdas\u00e1gi szerepl\u0151k Szolg\u00e1ltat\u00f3h\u00e1z bont\u00e1sa<\/a><\/p>\n<p><a href=\"http:\/\/www.kvzrt.hu\/wp-content\/uploads\/2017\/10\/Bont\u00e1si-jkv-megk\u00fcld\u00e9se_Szolg\u00e1ltat\u00f3h\u00e1z-bont\u00e1si-munk\u00e1i_171030.pdf\">Bont\u00e1si jkv megk\u00fcld\u00e9se_Szolg\u00e1ltat\u00f3h\u00e1z bont\u00e1si munk\u00e1i_171030<\/a><\/p>\n","protected":false},"excerpt":{"rendered":"<p>Aj\u00e1nlatt\u00e9teli felh\u00edv\u00e1s megk\u00fcld\u00e9se_Szolg\u00e1ltat\u00f3h\u00e1z bont\u00e1sa_171013 K\u00f6zbeszerz\u00e9si dokumentumok_Szolg\u00e1ltat\u00f3 H\u00e1z bont\u00e1si munk\u00e1i_v\u00e9gleges Bont\u00e1si Mu_szaki le\u00edr\u00e1s &#8211; K\u00e1polna utca 2-1 Bont\u00e1si terv -Villamos m\u0171szaki le\u00edr\u00e1s K\u00e1polna u \u00c9p\u00fcletbont\u00e1s_\u00c9p\u00fcletg\u00e9p\u00e9sz tervfejezet-1 X K\u00e1polna utca 2-1_statikai m\u0171le\u00edr\u00e1s Bont\u00e1si terv &#8211; K\u00e1polna utca-2 Bont\u00e1si k\u00f6lts\u00e9gvet\u00e9s ki\u00edr\u00e1s_K\u00e1polna utca Szolg\u00e1ltat\u00f3h\u00e1z_171013 Aj\u00e1nlatt\u00e9telre felk\u00e9rt gazdas\u00e1gi szerepl\u0151k Szolg\u00e1ltat\u00f3h\u00e1z bont\u00e1sa Bont\u00e1si jkv megk\u00fcld\u00e9se_Szolg\u00e1ltat\u00f3h\u00e1z bont\u00e1si munk\u00e1i_171030<\/p>\n","protected":false},"author":2,"featured_media":0,"parent":720,"menu_order":0,"comment_status":"closed","ping_status":"closed","template":"","meta":{"_monsterinsights_skip_tracking":false,"_monsterinsights_sitenote_active":false,"_monsterinsights_sitenote_note":"","_monsterinsights_sitenote_category":0,"footnotes":""},"class_list":["post-1047","page","type-page","status-publish","hentry"],"_links":{"self":[{"href":"https:\/\/www.kvzrt.hu\/index.php?rest_route=\/wp\/v2\/pages\/1047","targetHints":{"allow":["GET"]}}],"collection":[{"href":"https:\/\/www.kvzrt.hu\/index.php?rest_route=\/wp\/v2\/pages"}],"about":[{"href":"https:\/\/www.kvzrt.hu\/index.php?rest_route=\/wp\/v2\/types\/page"}],"author":[{"embeddable":true,"href":"https:\/\/www.kvzrt.hu\/index.php?rest_route=\/wp\/v2\/users\/2"}],"replies":[{"embeddable":true,"href":"https:\/\/www.kvzrt.hu\/index.php?rest_route=%2Fwp%2Fv2%2Fcomments&post=1047"}],"version-history":[{"count":7,"href":"https:\/\/www.kvzrt.hu\/index.php?rest_route=\/wp\/v2\/pages\/1047\/revisions"}],"predecessor-version":[{"id":1100,"href":"https:\/\/www.kvzrt.hu\/index.php?rest_route=\/wp\/v2\/pages\/1047\/revisions\/1100"}],"up":[{"embeddable":true,"href":"https:\/\/www.kvzrt.hu\/index.php?rest_route=\/wp\/v2\/pages\/720"}],"wp:attachment":[{"href":"https:\/\/www.kvzrt.hu\/index.php?rest_route=%2Fwp%2Fv2%2Fmedia&parent=1047"}],"curies":[{"name":"wp","href":"https:\/\/api.w.org\/{rel}","templated":true}]}}