{"id":102,"date":"2015-11-18T11:08:10","date_gmt":"2015-11-18T10:08:10","guid":{"rendered":"http:\/\/wordpress.kvzrt.dmz\/wordpress\/?page_id=102"},"modified":"2015-11-30T17:00:48","modified_gmt":"2015-11-30T16:00:48","slug":"elerhetoseg","status":"publish","type":"page","link":"https:\/\/www.kvzrt.hu\/?page_id=102","title":{"rendered":"El\u00e9rhet\u0151s\u00e9g"},"content":{"rendered":"<p><strong>T\u00e1rsash\u00e1zkezel\u0151 Csoport el\u00e9rhet\u0151s\u00e9gei:<\/strong><\/p>\n<p>1107 Budapest X. ker. Cegl\u00e9di u. 30.<\/p>\n<p><strong>\u00dcgyf\u00e9lfogad\u00e1s<\/strong><br \/>\nH\u00e9tf\u0151: \u00a0\u00a0 14.00 &#8211; 17.30<br \/>\nSzerda: 08.00 &#8211; 16.00<br \/>\nP\u00e9ntek: 08.00 &#8211; 11.30<br \/>\n(Egy\u00e9b id\u0151pontokban telefonon t\u00f6rt\u00e9nt el\u0151zetes egyeztet\u00e9s alapj\u00e1n tudjuk a tulajdonosokat fogadni.)<\/p>\n<p><strong>Lev\u00e9lc\u00edm:<\/strong> 1475 Bp. Pf. 56<\/p>\n<p><strong>Telefon:<\/strong><br \/>\n06-1\/666 27 73<br \/>\n06-1\/666 27 75<\/p>\n<p><strong>Fax:<\/strong><br \/>\n06-1\/666 27 10<\/p>\n<p>E-mail c\u00edm: <span id=\"cloak14408\"><a href=\"mailto:kvzrt@kvzrt.hu\">kvzrt@kvzrt.hu<\/a><\/span><\/p>\n","protected":false},"excerpt":{"rendered":"<p>T\u00e1rsash\u00e1zkezel\u0151 Csoport el\u00e9rhet\u0151s\u00e9gei: 1107 Budapest X. ker. Cegl\u00e9di u. 30. \u00dcgyf\u00e9lfogad\u00e1s H\u00e9tf\u0151: \u00a0\u00a0 14.00 &#8211; 17.30 Szerda: 08.00 &#8211; 16.00 P\u00e9ntek: 08.00 &#8211; 11.30 (Egy\u00e9b id\u0151pontokban telefonon t\u00f6rt\u00e9nt el\u0151zetes egyeztet\u00e9s alapj\u00e1n tudjuk a tulajdonosokat fogadni.) Lev\u00e9lc\u00edm: 1475 Bp. Pf. 56 Telefon: 06-1\/666 27 73 06-1\/666 27 75 Fax: 06-1\/666 27 10 E-mail c\u00edm: kvzrt@kvzrt.hu<\/p>\n","protected":false},"author":1,"featured_media":0,"parent":100,"menu_order":0,"comment_status":"closed","ping_status":"closed","template":"","meta":{"_monsterinsights_skip_tracking":false,"_monsterinsights_sitenote_active":false,"_monsterinsights_sitenote_note":"","_monsterinsights_sitenote_category":0,"footnotes":""},"class_list":["post-102","page","type-page","status-publish","hentry"],"_links":{"self":[{"href":"https:\/\/www.kvzrt.hu\/index.php?rest_route=\/wp\/v2\/pages\/102","targetHints":{"allow":["GET"]}}],"collection":[{"href":"https:\/\/www.kvzrt.hu\/index.php?rest_route=\/wp\/v2\/pages"}],"about":[{"href":"https:\/\/www.kvzrt.hu\/index.php?rest_route=\/wp\/v2\/types\/page"}],"author":[{"embeddable":true,"href":"https:\/\/www.kvzrt.hu\/index.php?rest_route=\/wp\/v2\/users\/1"}],"replies":[{"embeddable":true,"href":"https:\/\/www.kvzrt.hu\/index.php?rest_route=%2Fwp%2Fv2%2Fcomments&post=102"}],"version-history":[{"count":2,"href":"https:\/\/www.kvzrt.hu\/index.php?rest_route=\/wp\/v2\/pages\/102\/revisions"}],"predecessor-version":[{"id":237,"href":"https:\/\/www.kvzrt.hu\/index.php?rest_route=\/wp\/v2\/pages\/102\/revisions\/237"}],"up":[{"embeddable":true,"href":"https:\/\/www.kvzrt.hu\/index.php?rest_route=\/wp\/v2\/pages\/100"}],"wp:attachment":[{"href":"https:\/\/www.kvzrt.hu\/index.php?rest_route=%2Fwp%2Fv2%2Fmedia&parent=102"}],"curies":[{"name":"wp","href":"https:\/\/api.w.org\/{rel}","templated":true}]}}