{"id":10,"date":"2015-11-17T14:45:30","date_gmt":"2015-11-17T13:45:30","guid":{"rendered":"http:\/\/wordpress.kvzrt.dmz\/wordpress\/?page_id=10"},"modified":"2017-01-27T10:41:42","modified_gmt":"2017-01-27T09:41:42","slug":"kozbeszerzes","status":"publish","type":"page","link":"https:\/\/www.kvzrt.hu\/?page_id=10","title":{"rendered":"K\u00f6zbeszerz\u00e9s"},"content":{"rendered":"<p><a href=\"http:\/\/www.kvzrt.hu\/?page_id=52\">Ny\u00edlt elj\u00e1r\u00e1sok<\/a><\/p>\n<p><a href=\"http:\/\/www.kvzrt.hu\/?page_id=54\" target=\"_blank\">Megh\u00edv\u00e1sos elj\u00e1r\u00e1sok<\/a><\/p>\n<p><a href=\"http:\/\/www.kvzrt.hu\/?page_id=18\">K\u00f6zbeszerz\u00e9si tervek<\/a><\/p>\n<p>&nbsp;<\/p>\n","protected":false},"excerpt":{"rendered":"<p>Ny\u00edlt elj\u00e1r\u00e1sok Megh\u00edv\u00e1sos elj\u00e1r\u00e1sok K\u00f6zbeszerz\u00e9si tervek &nbsp;<\/p>\n","protected":false},"author":1,"featured_media":0,"parent":0,"menu_order":8,"comment_status":"closed","ping_status":"closed","template":"","meta":{"_monsterinsights_skip_tracking":false,"_monsterinsights_sitenote_active":false,"_monsterinsights_sitenote_note":"","_monsterinsights_sitenote_category":0,"footnotes":""},"class_list":["post-10","page","type-page","status-publish","hentry"],"_links":{"self":[{"href":"https:\/\/www.kvzrt.hu\/index.php?rest_route=\/wp\/v2\/pages\/10","targetHints":{"allow":["GET"]}}],"collection":[{"href":"https:\/\/www.kvzrt.hu\/index.php?rest_route=\/wp\/v2\/pages"}],"about":[{"href":"https:\/\/www.kvzrt.hu\/index.php?rest_route=\/wp\/v2\/types\/page"}],"author":[{"embeddable":true,"href":"https:\/\/www.kvzrt.hu\/index.php?rest_route=\/wp\/v2\/users\/1"}],"replies":[{"embeddable":true,"href":"https:\/\/www.kvzrt.hu\/index.php?rest_route=%2Fwp%2Fv2%2Fcomments&post=10"}],"version-history":[{"count":13,"href":"https:\/\/www.kvzrt.hu\/index.php?rest_route=\/wp\/v2\/pages\/10\/revisions"}],"predecessor-version":[{"id":679,"href":"https:\/\/www.kvzrt.hu\/index.php?rest_route=\/wp\/v2\/pages\/10\/revisions\/679"}],"wp:attachment":[{"href":"https:\/\/www.kvzrt.hu\/index.php?rest_route=%2Fwp%2Fv2%2Fmedia&parent=10"}],"curies":[{"name":"wp","href":"https:\/\/api.w.org\/{rel}","templated":true}]}}